{"id":84522,"date":"2023-03-14T17:44:40","date_gmt":"2023-03-14T16:44:40","guid":{"rendered":"https:\/\/univet.hu\/hu\/egyetem\/munkatarsak\/new-staff-member-page-2\/"},"modified":"2026-02-10T03:55:10","modified_gmt":"2026-02-10T02:55:10","slug":"hoitsy-marton-gyorgy","status":"publish","type":"page","link":"https:\/\/univet.hu\/hu\/egyetem\/munkatarsak\/hoitsy-marton-gyorgy\/","title":{"rendered":"Hoitsy M\u00e1rton Gy\u00f6rgy"},"content":{"rendered":"<p><strong>Bemutatkoz\u00e1s<\/strong><\/p> <p>Dr. Hoitsy M\u00e1rton Gy\u00f6rgy 1991. m\u00e1jus 10-\u00e9n Sziksz\u00f3n sz\u00fcletett. K\u00f6z\u00e9piskolai tanulm\u00e1nyait a miskolci F\u00f6ldes Ferenc Gimn\u00e1ziumban v\u00e9gezte biol\u00f3gia szakon. A budapesti \u00c1llatorvostudom\u00e1nyi Egyetemen 2017-ben vette \u00e1t diplom\u00e1j\u00e1t. M\u00e1r az egyetemi \u00e9vei alatt is a haleg\u00e9szs\u00e9g\u00fcgy fel\u00e9 orient\u00e1l\u00f3dott. Gyakornokk\u00e9nt M\u00e1lt\u00e1n, az AquBioTech c\u00e9gn\u00e9l szerzett tapasztalatot mind \u00e1llateg\u00e9szs\u00e9g\u00fcgyi, mind pedig recirkul\u00e1ci\u00f3s \u00e9s biol\u00f3giai sz\u0171r\u0151rendszerek ter\u00e9n. Az \u00e1llatorvosi k\u00e9pz\u00e9s ideje alatt elv\u00e9gezte a vadgazda m\u00e9rn\u00f6ki szakir\u00e1nyt is.<\/p> <p>A diploma megszerz\u00e9se ut\u00e1n a F\u0151v\u00e1rosi \u00c1llat- \u00e9s N\u00f6v\u00e9nykertben, valamint a Lillaf\u00fcredi Pisztr\u00e1ngtelepen kezdett el dolgozni \u00e1llatorvosk\u00e9nt. 2017-ben \u00f6szt\u00f6nd\u00edjask\u00e9nt felv\u00e9telt nyert a Magyar Agr\u00e1r \u00e9s \u00c9lettudom\u00e1nyi Egyetem Doktori Iskol\u00e1j\u00e1ba, ahol PhD tanulm\u00e1nyait kezdte meg, melynek sor\u00e1n a halak daganatos megbeteged\u00e9seit kutatta. Munk\u00e1ja sor\u00e1n nemzetk\u00f6zi \u00e9s hazai konferenci\u00e1kon \u00e1ll\u00edtott ki posztert, valamint tartott el\u0151ad\u00e1st. A kutat\u00f3i munka mellett az <span data-olk-copy-source=\"MessageBody\">Egzotikus\u00e1llat-, Vad-, Hal- \u00e9s M\u00e9heg\u00e9szs\u00e9g\u00fcgyi Tansz\u00e9k<\/span> Haleg\u00e9szs\u00e9g\u00fcgy t\u00e1rgy\u00e1nak oktat\u00e1s\u00e1ban is r\u00e9szt vesz. Mentor\u00e1l\u00e1sa alatt k\u00e9t szakdolgoz\u00f3 v\u00e9dte meg sikeresen diplomadolgozat\u00e1t.<\/p> <p>Postgradualis k\u00e9pz\u00e9s keret\u00e9ben vadeg\u00e9szs\u00e9g\u00fcgyi szak\u00e1llatorvos k\u00e9pes\u00edt\u00e9st szerzett 2019-ben. F\u0151leg v\u00edzi\u00e1llatok, halak, k\u00e9t\u00e9lt\u0171ek, valamint egzotikus \u00e9s vad\u00e1llatok eg\u00e9szs\u00e9gv\u00e9delm\u00e9vel \u00e9s gy\u00f3gy\u00edt\u00e1s\u00e1val foglalkozik. Munk\u00e1j\u00e1val \u00e1llatorvosi seg\u00edts\u00e9get szeretne ny\u00fajtani halteny\u00e9szt\u0151knek, akvakult\u00far\u00e1val foglalkoz\u00f3 c\u00e9geknek \u00e9s hobbi akvarist\u00e1knak \u00e9pp\u00fagy, mint hazai \u00e9s k\u00fclf\u00f6ldi akv\u00e1riumoknak. C\u00e9lja, hogy a jelenlegi \u00e1llatorvosi munk\u00e1t a megel\u0151z\u00e9s ir\u00e1ny\u00e1ba tolja el a teljes k\u00f6r\u0171 diagnosztika seg\u00edts\u00e9g\u00e9vel, elej\u00e9t v\u00e9ve ezzel a probl\u00e9m\u00e1k kialakul\u00e1s\u00e1nak. Tudom\u00e1nyos munk\u00e1j\u00e1t publik\u00e1ci\u00f3k, poszterek, foly\u00f3iratcikkek, valamint k\u00f6nyvfejezetek f\u00e9mjelzik magyar, valamint angol nyelven.<\/p> <p>&nbsp;<\/p> <p><strong>F\u0151bb kutat\u00e1si ter\u00fcletek:<\/strong><\/p> <p>\u00b7 haleg\u00e9szs\u00e9g\u00fcgy, halgy\u00f3gy\u00e1szat<\/p> <p>\u00b7 k\u00e9t\u00e9lt\u0171ek \u00e9s h\u00fcll\u0151k gy\u00f3gy\u00e1szata<\/p> <p>&nbsp;<\/p> <p><strong>El\u0151rehalad\u00e1s<\/strong><\/p> <p>2017 \u00e1llatorvos doktor<\/p> <p>2017 fels\u0151fok\u00fa vad\u00e1szati \u00e9s vadgazd\u00e1lkod\u00e1si v\u00e9gzetts\u00e9g<\/p> <p>2019 vadeg\u00e9szs\u00e9g\u00fcgyi szak\u00e1llatorvos<\/p> <p>&nbsp;<\/p> <p><strong>Szakmai szervezeti tags\u00e1g<\/strong><\/p> <table style=\"font-weight: 400;height: 356px\" width=\"1072\" data-tablestyle=\"MsoNormalTable\" data-tablelook=\"1184\"> <tbody> <tr> <td style=\"width: 704.844px\" data-celllook=\"69905\"><b><span data-contrast=\"auto\">Bizotts\u00e1g neve<\/span><\/b><span data-ccp-props=\"{&quot;201341983&quot;:0,&quot;335551550&quot;:2,&quot;335551620&quot;:2,&quot;335559739&quot;:0,&quot;335559740&quot;:240}\">\u00a0<\/span><\/td> <td style=\"width: 119.75px\" data-celllook=\"69905\"><b><span data-contrast=\"auto\">Id\u0151<\/span><\/b><span data-ccp-props=\"{&quot;201341983&quot;:0,&quot;335551550&quot;:2,&quot;335551620&quot;:2,&quot;335559739&quot;:0,&quot;335559740&quot;:240}\">\u00a0<\/span><\/td> <td style=\"width: 225.406px\" data-celllook=\"69905\"><b><span data-contrast=\"auto\">Tiszts\u00e9g<\/span><\/b><span data-ccp-props=\"{&quot;201341983&quot;:0,&quot;335551550&quot;:2,&quot;335551620&quot;:2,&quot;335559739&quot;:0,&quot;335559740&quot;:240}\">\u00a0<\/span><\/td> <\/tr> <tr> <td style=\"width: 704.844px\" data-celllook=\"69905\"><span data-contrast=\"auto\">Magyar Vad-\u00e9s \u00c1llatkerti \u00c1llatorvosok T\u00e1rsas\u00e1ga<\/span><span data-ccp-props=\"{&quot;201341983&quot;:0,&quot;335551550&quot;:2,&quot;335551620&quot;:2,&quot;335559739&quot;:0,&quot;335559740&quot;:240}\">\u00a0<\/span><\/td> <td style=\"width: 119.75px\" data-celllook=\"69905\"><span data-contrast=\"auto\">2017-t\u0151l<\/span><span data-ccp-props=\"{&quot;201341983&quot;:0,&quot;335551550&quot;:2,&quot;335551620&quot;:2,&quot;335559739&quot;:0,&quot;335559740&quot;:240}\">\u00a0<\/span><\/td> <td style=\"width: 225.406px\" data-celllook=\"69905\"><span data-contrast=\"auto\">tag<\/span><span data-ccp-props=\"{&quot;201341983&quot;:0,&quot;335551550&quot;:2,&quot;335551620&quot;:2,&quot;335559739&quot;:0,&quot;335559740&quot;:240}\">\u00a0<\/span><\/td> <\/tr> <tr> <td style=\"width: 704.844px\" data-celllook=\"69905\"><span data-contrast=\"auto\">European Association of Fish Pathologists<\/span><span data-ccp-props=\"{&quot;201341983&quot;:0,&quot;335551550&quot;:2,&quot;335551620&quot;:2,&quot;335559739&quot;:0,&quot;335559740&quot;:240}\">\u00a0<\/span><\/td> <td style=\"width: 119.75px\" data-celllook=\"69905\"><span data-contrast=\"auto\">2020-t\u00f3l<\/span><span data-ccp-props=\"{&quot;201341983&quot;:0,&quot;335559739&quot;:0,&quot;335559740&quot;:240}\">\u00a0<\/span><\/td> <td style=\"width: 225.406px\" data-celllook=\"69905\"><span data-contrast=\"auto\">tag<\/span><span data-ccp-props=\"{&quot;201341983&quot;:0,&quot;335551550&quot;:2,&quot;335551620&quot;:2,&quot;335559739&quot;:0,&quot;335559740&quot;:240}\">\u00a0<\/span><\/td> <\/tr> <tr> <td style=\"width: 704.844px\" data-celllook=\"69905\"><span data-contrast=\"auto\">European Association of Zoo and Wildlife Veterinarians<\/span><span data-ccp-props=\"{&quot;201341983&quot;:0,&quot;335551550&quot;:2,&quot;335551620&quot;:2,&quot;335559739&quot;:0,&quot;335559740&quot;:240}\">\u00a0<\/span><\/td> <td style=\"width: 119.75px\" data-celllook=\"69905\"><span data-contrast=\"auto\">2017-t\u0151l<\/span><span data-ccp-props=\"{&quot;201341983&quot;:0,&quot;335559739&quot;:0,&quot;335559740&quot;:240}\">\u00a0<\/span><\/td> <td style=\"width: 225.406px\" data-celllook=\"69905\"><span data-contrast=\"auto\">tag<\/span><span data-ccp-props=\"{&quot;201341983&quot;:0,&quot;335551550&quot;:2,&quot;335551620&quot;:2,&quot;335559739&quot;:0,&quot;335559740&quot;:240}\">\u00a0<\/span><\/td> <\/tr> <tr> <td style=\"width: 704.844px\" data-celllook=\"69905\"><span data-contrast=\"auto\">Magyar \u00c1llatorvosi Kamara<\/span><span data-ccp-props=\"{&quot;201341983&quot;:0,&quot;335559739&quot;:0,&quot;335559740&quot;:240}\">\u00a0<\/span><\/td> <td style=\"width: 119.75px\" data-celllook=\"69905\"><span data-contrast=\"auto\">2017<\/span><span data-ccp-props=\"{&quot;201341983&quot;:0,&quot;335559739&quot;:0,&quot;335559740&quot;:240}\">\u00a0<\/span><\/td> <td style=\"width: 225.406px\" data-celllook=\"69905\"><span data-contrast=\"auto\">\u00a0\u00a0\u00a0\u00a0\u00a0\u00a0\u00a0\u00a0\u00a0\u00a0\u00a0\u00a0\u00a0\u00a0\u00a0\u00a0\u00a0\u00a0\u00a0\u00a0\u00a0\u00a0\u00a0\u00a0\u00a0 tag<\/span><span data-ccp-props=\"{&quot;201341983&quot;:0,&quot;335559739&quot;:0,&quot;335559740&quot;:240}\">\u00a0<\/span><\/td> <\/tr> <\/tbody> <\/table> <p>&nbsp;<\/p> <p><strong>Eddigi szakdolgozat\/TDK hallgat\u00f3k sz\u00e1ma<\/strong><\/p> <p>Szakdolgoz\u00f3k sz\u00e1ma 2<\/p> <p>TDK hallgat\u00f3k sz\u00e1ma 1<\/p> <p>&nbsp;<\/p> <p><strong>Publik\u00e1ci\u00f3s lista (Top10)<\/strong><\/p> <p>1. Hoitsy M, Hoitsy G, Jakab C, Moln\u00e1r T, G\u00e1l J, Baska F. Intussusception caused by intestinal neoplasia in mature rainbow trout (Oncorhynchus mykiss, Walbaum 1792). J Fish Dis. 2021 Jul;44(7):893-898. doi: 10.1111\/jfd.13347. Epub 2021 Mar 9. PMID: 33690895.<\/p> <p>2. Hoitsy M\u00e1rton &#8211; Hoitsy Gy\u00f6rgy &#8211; Jakab Csaba &#8211; Moln\u00e1r Tam\u00e1s Gergely &#8211; Baska Ferenc: Gastrointestinalis eredet\u0171 daganatok azonos\u00edt\u00e1sa sziv\u00e1rv\u00e1nyos pisztr\u00e1ngban (Oncorhynchus mykiss Walbaum, 1792) . &#8211; In: Magyar \u00e1llatorvosok lapja, ISSN 0025-004X , 2020. (142. \u00e9vf.), 1. sz., 55-64. p.<\/p> <p>3. Hoitsy, M\u00e1rton Gy\u00f6rgy \u00e9s G\u00e1l, J\u00e1nos \u00e9s Baska, Ferenc \u00e9s Moln\u00e1r, Tam\u00e1s Gergely (2022) Halakat \u00e9rint\u0151 daganatos megbeteged\u00e9sek. ACTA AGRARIA KAPOSV\u00c1RIENSIS, 26 (2). pp. 41-61. ISSN 1418-1789<\/p> <p>4. Hoitsy M\u00e1rton &#8211; Kiss Gerda &#8211; G\u00e1l J\u00e1nos &#8211; Bacsadi \u00c1rp\u00e1d: T\u00fcd\u0151aspergillosis eur\u00f3pai \u0151zben (Capreolus capreolus Linnaeus, 1758) : Esetismertet\u00e9s . &#8211; In: Magyar \u00e1llatorvosok lapja, ISSN 0025-004X , 2019. (141. \u00e9vf.), 1. sz., 47-54. p.<\/p> <p>5. \u2022 Hoitsy M\u00e1rton: K\u00f6nyvfejezet: A tokalak\u00faak betegs\u00e9gei \u00e9s parazit\u00e1i In: Urb\u00e1nyi, B\u00e9la; Horv\u00e1th, \u00c1kos (szerkeszt\u0151k) A tokalak\u00faak biol\u00f3gi\u00e1ja \u00e9s teny\u00e9szt\u00e9se , G\u00f6d\u00f6ll\u0151, Magyarorsz\u00e1g : V\u00e1rm\u00e9dia Print Kft, (2019) pp. 189-218. , 30 p.<\/p> <p>6. R. Maciaszek, A. Jab\u0142o\u0144ska, M. Hoitsy, S. Prati &amp; W. \u015awiderek (2021) First record and DNA barcodes of non-native shrimp, Caridina babaulti (Bouvier, 1918) in Europe, The European Zoological Journal, 88:1, 816-823, DOI: 10.1080\/24750263.2021.1944337<\/p> <p>7. Feh\u00e9r, E.; Kaszab, E.; Bali, K.; Hoitsy, M.; S\u00f3s, E.; B\u00e1nyai, K. Novel Circoviruses from Birds Share Common Evolutionary Roots with Fish Origin Circoviruses. Life 2022, 12, 368. https:\/\/doi.org\/10.3390\/life12030368<\/p> <p>8. G\u00e9czy Csaba, Maros\u00e1n Mikl\u00f3s, Hoitsy M\u00e1rton, Ziszisz \u00c1risz, Orosi Zolt\u00e1n: \u00c9l\u0151helyi gy\u0171jt\u00e9sb\u0151l sz\u00e1rmaz\u00f3 v\u00f6r\u00f6sf\u00fcl\u0171 iszaptekn\u0151s (Kinosternon cruentatum) \u00e1llom\u00e1nnyal kapcsolatos diagnosztikai \u00e9s ter\u00e1pi\u00e1s tapasztalatok. In: Magyar \u00e1llatorvosok lapja, ISSN 0025-004X , 2017. (139. \u00e9vf.), 7. sz., 405-409. p.<\/p> <p>9. G\u00e1l J\u00e1nos, Orosi Zolt\u00e1n, Ziszisz \u00c1risz, Hoitsy M\u00e1rton: Vitorl\u00e1s \u00f3ri\u00e1s algaev\u0151harcsa (Pterygoplichthys joselimaianus WEBER, 1991) sz\u00e1j k\u00f6r\u00fcl kialakult papillom\u00e1j\u00e1nak elt\u00e1vol\u00edt\u00e1sa : Esetismertet\u00e9s . &#8211; In: Magyar \u00e1llatorvosok lapja, ISSN 0025-004X , 2018. (140. \u00e9vf.), 10. sz., 635-639. p.<\/p> <p>10. G\u00e1l J\u00e1nos &#8211; G\u00e9czy Csaba &#8211; Makrai L\u00e1szl\u00f3 &#8211; Orosi Zsolt\u00e1n &#8211; Adri\u00e1n Erzs\u00e9bet &#8211; Hoitsy M\u00e1rton: Salmonella enterica ssp. houtenae okozta v\u00e9rfert\u0151z\u00e9s ivar\u00e9rett n\u0151st\u00e9ny k\u00f6z\u00f6ns\u00e9ges chuckwall\u00e1ban (Sauromalus ater, Dum\u00e9ril, 1856) : Patol\u00f3giai esetismertet\u00e9s . &#8211; In: Magyar \u00e1llatorvosok lapja, ISSN 0025-004X , 2018. (140. \u00e9vf.), 3. sz., 151-156. p.<\/p>","protected":false},"excerpt":{"rendered":"<p>Bemutatkoz\u00e1s Dr. Hoitsy M\u00e1rton Gy\u00f6rgy 1991. m\u00e1jus 10-\u00e9n Sziksz\u00f3n sz\u00fcletett. K\u00f6z\u00e9piskolai tanulm\u00e1nyait a miskolci F\u00f6ldes Ferenc Gimn\u00e1ziumban v\u00e9gezte biol\u00f3gia szakon. A budapesti \u00c1llatorvostudom\u00e1nyi Egyetemen 2017-ben vette \u00e1t diplom\u00e1j\u00e1t. M\u00e1r az egyetemi \u00e9vei alatt is a haleg\u00e9szs\u00e9g\u00fcgy fel\u00e9 orient\u00e1l\u00f3dott. Gyakornokk\u00e9nt M\u00e1lt\u00e1n, az AquBioTech c\u00e9gn\u00e9l szerzett tapasztalatot mind \u00e1llateg\u00e9szs\u00e9g\u00fcgyi, mind pedig recirkul\u00e1ci\u00f3s \u00e9s biol\u00f3giai sz\u0171r\u0151rendszerek ter\u00e9n. Az<\/p>\n","protected":false},"author":5824,"featured_media":0,"parent":858,"menu_order":0,"comment_status":"open","ping_status":"open","template":"","meta":{"_acf_changed":false,"footnotes":""},"categories":[],"tags":[],"class_list":["post-84522","page","type-page","status-publish","hentry"],"acf":[],"_links":{"self":[{"href":"https:\/\/univet.hu\/hu\/wp-json\/wp\/v2\/pages\/84522","targetHints":{"allow":["GET"]}}],"collection":[{"href":"https:\/\/univet.hu\/hu\/wp-json\/wp\/v2\/pages"}],"about":[{"href":"https:\/\/univet.hu\/hu\/wp-json\/wp\/v2\/types\/page"}],"author":[{"embeddable":true,"href":"https:\/\/univet.hu\/hu\/wp-json\/wp\/v2\/users\/5824"}],"replies":[{"embeddable":true,"href":"https:\/\/univet.hu\/hu\/wp-json\/wp\/v2\/comments?post=84522"}],"version-history":[{"count":1,"href":"https:\/\/univet.hu\/hu\/wp-json\/wp\/v2\/pages\/84522\/revisions"}],"predecessor-version":[{"id":181652,"href":"https:\/\/univet.hu\/hu\/wp-json\/wp\/v2\/pages\/84522\/revisions\/181652"}],"up":[{"embeddable":true,"href":"https:\/\/univet.hu\/hu\/wp-json\/wp\/v2\/pages\/858"}],"wp:attachment":[{"href":"https:\/\/univet.hu\/hu\/wp-json\/wp\/v2\/media?parent=84522"}],"wp:term":[{"taxonomy":"category","embeddable":true,"href":"https:\/\/univet.hu\/hu\/wp-json\/wp\/v2\/categories?post=84522"},{"taxonomy":"post_tag","embeddable":true,"href":"https:\/\/univet.hu\/hu\/wp-json\/wp\/v2\/tags?post=84522"}],"curies":[{"name":"wp","href":"https:\/\/api.w.org\/{rel}","templated":true}]}}