{"id":84946,"date":"2023-04-03T10:42:01","date_gmt":"2023-04-03T08:42:01","guid":{"rendered":"https:\/\/univet.hu\/?page_id=84946"},"modified":"2024-11-25T15:37:50","modified_gmt":"2024-11-25T14:37:50","slug":"szakkollegiumok","status":"publish","type":"page","link":"https:\/\/univet.hu\/hu\/szakkollegiumok\/","title":{"rendered":"Szakkoll\u00e9giumok"},"content":{"rendered":"<h2 class=\"entry-title\"><a href=\"https:\/\/univet.hu\/en\/ate-lovas-szakkollegium\/\">L\u00f3gy\u00f3gy\u00e1sz Szakkoll\u00e9gium<\/a><\/h2> <h2 class=\"entry-title\"><a href=\"https:\/\/univet.hu\/hu\/marek-jozsef-szakkollegium\/\">Marek J\u00f3zsef Szakkoll\u00e9gium<\/a><\/h2> <h2 class=\"entry-title\"><a href=\"https:\/\/univet.hu\/hu\/haszonallat-es-elelmiszerlanc-biztonsagi-szakkollegium\/\">Haszon\u00e1llat \u00e9s \u00c9lelmiszerl\u00e1nc-biztons\u00e1gi Szakkoll\u00e9gium<\/a><\/h2>","protected":false},"excerpt":{"rendered":"<p>L\u00f3gy\u00f3gy\u00e1sz Szakkoll\u00e9gium Marek J\u00f3zsef Szakkoll\u00e9gium Haszon\u00e1llat \u00e9s \u00c9lelmiszerl\u00e1nc-biztons\u00e1gi Szakkoll\u00e9gium<\/p>\n","protected":false},"author":5,"featured_media":0,"parent":0,"menu_order":0,"comment_status":"closed","ping_status":"closed","template":"","meta":{"_acf_changed":false,"footnotes":""},"categories":[],"tags":[],"class_list":["post-84946","page","type-page","status-publish","hentry"],"acf":[],"_links":{"self":[{"href":"https:\/\/univet.hu\/hu\/wp-json\/wp\/v2\/pages\/84946","targetHints":{"allow":["GET"]}}],"collection":[{"href":"https:\/\/univet.hu\/hu\/wp-json\/wp\/v2\/pages"}],"about":[{"href":"https:\/\/univet.hu\/hu\/wp-json\/wp\/v2\/types\/page"}],"author":[{"embeddable":true,"href":"https:\/\/univet.hu\/hu\/wp-json\/wp\/v2\/users\/5"}],"replies":[{"embeddable":true,"href":"https:\/\/univet.hu\/hu\/wp-json\/wp\/v2\/comments?post=84946"}],"version-history":[{"count":0,"href":"https:\/\/univet.hu\/hu\/wp-json\/wp\/v2\/pages\/84946\/revisions"}],"wp:attachment":[{"href":"https:\/\/univet.hu\/hu\/wp-json\/wp\/v2\/media?parent=84946"}],"wp:term":[{"taxonomy":"category","embeddable":true,"href":"https:\/\/univet.hu\/hu\/wp-json\/wp\/v2\/categories?post=84946"},{"taxonomy":"post_tag","embeddable":true,"href":"https:\/\/univet.hu\/hu\/wp-json\/wp\/v2\/tags?post=84946"}],"curies":[{"name":"wp","href":"https:\/\/api.w.org\/{rel}","templated":true}]}}