{"id":84975,"date":"2023-04-03T13:15:45","date_gmt":"2023-04-03T11:15:45","guid":{"rendered":"https:\/\/univet.hu\/hu\/ate-lovas-szakkollegium\/name\/"},"modified":"2023-04-03T13:24:29","modified_gmt":"2023-04-03T11:24:29","slug":"dokumentumok","status":"publish","type":"page","link":"https:\/\/univet.hu\/hu\/ate-lovas-szakkollegium\/dokumentumok\/","title":{"rendered":"Dokumentumok"},"content":{"rendered":"<p><a href=\"https:\/\/univet.hu\/wp-content\/uploads\/2023\/04\/Lovas_szakollegium_AO.pdf\">Lovas Szakkoll\u00e9gium Alap\u00edt\u00f3 Okirat<\/a><\/p>","protected":false},"excerpt":{"rendered":"<p>Lovas Szakkoll\u00e9gium Alap\u00edt\u00f3 Okirat<\/p>\n","protected":false},"author":3837,"featured_media":0,"parent":84862,"menu_order":0,"comment_status":"open","ping_status":"open","template":"","meta":{"_acf_changed":false,"footnotes":""},"categories":[],"tags":[],"class_list":["post-84975","page","type-page","status-publish","hentry"],"acf":[],"_links":{"self":[{"href":"https:\/\/univet.hu\/hu\/wp-json\/wp\/v2\/pages\/84975","targetHints":{"allow":["GET"]}}],"collection":[{"href":"https:\/\/univet.hu\/hu\/wp-json\/wp\/v2\/pages"}],"about":[{"href":"https:\/\/univet.hu\/hu\/wp-json\/wp\/v2\/types\/page"}],"author":[{"embeddable":true,"href":"https:\/\/univet.hu\/hu\/wp-json\/wp\/v2\/users\/3837"}],"replies":[{"embeddable":true,"href":"https:\/\/univet.hu\/hu\/wp-json\/wp\/v2\/comments?post=84975"}],"version-history":[{"count":0,"href":"https:\/\/univet.hu\/hu\/wp-json\/wp\/v2\/pages\/84975\/revisions"}],"up":[{"embeddable":true,"href":"https:\/\/univet.hu\/hu\/wp-json\/wp\/v2\/pages\/84862"}],"wp:attachment":[{"href":"https:\/\/univet.hu\/hu\/wp-json\/wp\/v2\/media?parent=84975"}],"wp:term":[{"taxonomy":"category","embeddable":true,"href":"https:\/\/univet.hu\/hu\/wp-json\/wp\/v2\/categories?post=84975"},{"taxonomy":"post_tag","embeddable":true,"href":"https:\/\/univet.hu\/hu\/wp-json\/wp\/v2\/tags?post=84975"}],"curies":[{"name":"wp","href":"https:\/\/api.w.org\/{rel}","templated":true}]}}