{"id":85051,"date":"2023-04-10T08:09:35","date_gmt":"2023-04-10T06:09:35","guid":{"rendered":"https:\/\/univet.hu\/hu\/egyetem\/munkatarsak\/kerek-adam\/name\/"},"modified":"2026-02-10T04:03:14","modified_gmt":"2026-02-10T03:03:14","slug":"otdk","status":"publish","type":"page","link":"https:\/\/univet.hu\/hu\/egyetem\/munkatarsak\/kerek-adam\/otdk\/","title":{"rendered":"OTDK"},"content":{"rendered":"<p><span style=\"font-size: 14pt;\"><strong>2023. \u00e1prilis 4-6. &#8211; MATE KAPOSV\u00c1RI CAMPUS<\/strong><\/span><\/p> <p><strong>II. helyezett: ROM\u00c1N ISTV\u00c1N L\u00c1SZL\u00d3<\/strong><\/p> <p><em>\u00c1llatgy\u00f3gy\u00e1szati probiotikumok metagenomikai vizsg\u00e1lata brojlercsirk\u00e9ben<\/em><\/p> <p><strong>III. helyezett: OLASZ \u00c1KOS<\/strong><\/p> <p><em>Propolisz k\u00fcl\u00f6nb\u00f6z\u0151 kivonatainak in vivo hat\u00e9konys\u00e1ga brojlercsirke szalmonell\u00f3ziasa eset\u00e9n<\/em><\/p> <p><strong>K\u00fcl\u00f6nd\u00edjas: CSAN\u00c1DY P\u00c9TER<\/strong><\/p> <p><em>Magyarorsz\u00e1gi eredet\u0171 propolisz hat\u00e9konys\u00e1ga galambb\u00f3l izol\u00e1lt k\u00f3rokoz\u00f3k eset\u00e9ben<\/em><\/p> <p><img loading=\"lazy\" decoding=\"async\" class=\"alignnone size-full wp-image-85054\" src=\"https:\/\/univet.hu\/wp-content\/uploads\/2023\/04\/thumbnail_PXL_20230405_095843673.jpg\" alt=\"\" width=\"1280\" height=\"960\" srcset=\"https:\/\/univet.hu\/wp-content\/uploads\/2023\/04\/thumbnail_PXL_20230405_095843673.jpg 1280w, https:\/\/univet.hu\/wp-content\/uploads\/2023\/04\/thumbnail_PXL_20230405_095843673-320x240.jpg 320w, https:\/\/univet.hu\/wp-content\/uploads\/2023\/04\/thumbnail_PXL_20230405_095843673-768x576.jpg 768w, https:\/\/univet.hu\/wp-content\/uploads\/2023\/04\/thumbnail_PXL_20230405_095843673-960x720.jpg 960w\" sizes=\"auto, (max-width: 1280px) 100vw, 1280px\" \/><\/p>","protected":false},"excerpt":{"rendered":"<p>2023. \u00e1prilis 4-6. &#8211; MATE KAPOSV\u00c1RI CAMPUS II. helyezett: ROM\u00c1N ISTV\u00c1N L\u00c1SZL\u00d3 \u00c1llatgy\u00f3gy\u00e1szati probiotikumok metagenomikai vizsg\u00e1lata brojlercsirk\u00e9ben III. helyezett: OLASZ \u00c1KOS Propolisz k\u00fcl\u00f6nb\u00f6z\u0151 kivonatainak in vivo hat\u00e9konys\u00e1ga brojlercsirke szalmonell\u00f3ziasa eset\u00e9n K\u00fcl\u00f6nd\u00edjas: CSAN\u00c1DY P\u00c9TER Magyarorsz\u00e1gi eredet\u0171 propolisz hat\u00e9konys\u00e1ga galambb\u00f3l izol\u00e1lt k\u00f3rokoz\u00f3k eset\u00e9ben<\/p>\n","protected":false},"author":5824,"featured_media":0,"parent":52315,"menu_order":0,"comment_status":"open","ping_status":"open","template":"","meta":{"_acf_changed":false,"footnotes":""},"categories":[],"tags":[],"class_list":["post-85051","page","type-page","status-publish","hentry"],"acf":[],"_links":{"self":[{"href":"https:\/\/univet.hu\/hu\/wp-json\/wp\/v2\/pages\/85051","targetHints":{"allow":["GET"]}}],"collection":[{"href":"https:\/\/univet.hu\/hu\/wp-json\/wp\/v2\/pages"}],"about":[{"href":"https:\/\/univet.hu\/hu\/wp-json\/wp\/v2\/types\/page"}],"author":[{"embeddable":true,"href":"https:\/\/univet.hu\/hu\/wp-json\/wp\/v2\/users\/5824"}],"replies":[{"embeddable":true,"href":"https:\/\/univet.hu\/hu\/wp-json\/wp\/v2\/comments?post=85051"}],"version-history":[{"count":1,"href":"https:\/\/univet.hu\/hu\/wp-json\/wp\/v2\/pages\/85051\/revisions"}],"predecessor-version":[{"id":199717,"href":"https:\/\/univet.hu\/hu\/wp-json\/wp\/v2\/pages\/85051\/revisions\/199717"}],"up":[{"embeddable":true,"href":"https:\/\/univet.hu\/hu\/wp-json\/wp\/v2\/pages\/52315"}],"wp:attachment":[{"href":"https:\/\/univet.hu\/hu\/wp-json\/wp\/v2\/media?parent=85051"}],"wp:term":[{"taxonomy":"category","embeddable":true,"href":"https:\/\/univet.hu\/hu\/wp-json\/wp\/v2\/categories?post=85051"},{"taxonomy":"post_tag","embeddable":true,"href":"https:\/\/univet.hu\/hu\/wp-json\/wp\/v2\/tags?post=85051"}],"curies":[{"name":"wp","href":"https:\/\/api.w.org\/{rel}","templated":true}]}}