{"id":85255,"date":"2023-04-19T11:59:14","date_gmt":"2023-04-19T09:59:14","guid":{"rendered":"https:\/\/univet.hu\/hu\/kutatas\/temak\/new-research-page-2\/"},"modified":"2026-03-24T12:21:47","modified_gmt":"2026-03-24T11:21:47","slug":"elles-megfigyeles-ellesi-koruli-betegsegek","status":"publish","type":"page","link":"https:\/\/univet.hu\/hu\/kutatas\/temak\/elles-megfigyeles-ellesi-koruli-betegsegek\/","title":{"rendered":"Ell\u00e9s megfigyel\u00e9s, ell\u00e9si k\u00f6r\u00fcli betegs\u00e9gek"},"content":{"rendered":"<p><span data-olk-copy-source=\"MessageBody\">Az ell\u00e9s megfigyel\u00e9se val\u00f3s idej\u0171 (real-time) monitoring rendszerekkel (k\u00e9r\u0151dz\u00e9si id\u0151 m\u00e9r\u00e9se, akcelerometria). Az ell\u00e9s k\u00f6r\u00fcl kialakul\u00f3 megbeteged\u00e9sek el\u0151rejelz\u00e9se \u00e9s felder\u00edt\u00e9se ugyanezen rendszerek seg\u00edts\u00e9g\u00e9vel. Az ell\u00e9s ut\u00e1n kialakul\u00f3 megbeteged\u00e9sek megel\u0151z\u00e9se \u00e9s kezel\u00e9se.<\/span><\/p>","protected":false},"excerpt":{"rendered":"<p>Az ell\u00e9s megfigyel\u00e9se val\u00f3s idej\u0171 (real-time) monitoring rendszerekkel (k\u00e9r\u0151dz\u00e9si id\u0151 m\u00e9r\u00e9se, akcelerometria). Az ell\u00e9s k\u00f6r\u00fcl kialakul\u00f3 megbeteged\u00e9sek el\u0151rejelz\u00e9se \u00e9s felder\u00edt\u00e9se ugyanezen rendszerek seg\u00edts\u00e9g\u00e9vel. Az ell\u00e9s ut\u00e1n kialakul\u00f3 megbeteged\u00e9sek megel\u0151z\u00e9se \u00e9s kezel\u00e9se.<\/p>\n","protected":false},"author":6022,"featured_media":0,"parent":874,"menu_order":0,"comment_status":"open","ping_status":"open","template":"","meta":{"_acf_changed":false,"footnotes":""},"categories":[],"tags":[],"class_list":["post-85255","page","type-page","status-publish","hentry"],"acf":[],"_links":{"self":[{"href":"https:\/\/univet.hu\/hu\/wp-json\/wp\/v2\/pages\/85255","targetHints":{"allow":["GET"]}}],"collection":[{"href":"https:\/\/univet.hu\/hu\/wp-json\/wp\/v2\/pages"}],"about":[{"href":"https:\/\/univet.hu\/hu\/wp-json\/wp\/v2\/types\/page"}],"author":[{"embeddable":true,"href":"https:\/\/univet.hu\/hu\/wp-json\/wp\/v2\/users\/6022"}],"replies":[{"embeddable":true,"href":"https:\/\/univet.hu\/hu\/wp-json\/wp\/v2\/comments?post=85255"}],"version-history":[{"count":1,"href":"https:\/\/univet.hu\/hu\/wp-json\/wp\/v2\/pages\/85255\/revisions"}],"predecessor-version":[{"id":204054,"href":"https:\/\/univet.hu\/hu\/wp-json\/wp\/v2\/pages\/85255\/revisions\/204054"}],"up":[{"embeddable":true,"href":"https:\/\/univet.hu\/hu\/wp-json\/wp\/v2\/pages\/874"}],"wp:attachment":[{"href":"https:\/\/univet.hu\/hu\/wp-json\/wp\/v2\/media?parent=85255"}],"wp:term":[{"taxonomy":"category","embeddable":true,"href":"https:\/\/univet.hu\/hu\/wp-json\/wp\/v2\/categories?post=85255"},{"taxonomy":"post_tag","embeddable":true,"href":"https:\/\/univet.hu\/hu\/wp-json\/wp\/v2\/tags?post=85255"}],"curies":[{"name":"wp","href":"https:\/\/api.w.org\/{rel}","templated":true}]}}