{"id":85373,"date":"2023-04-19T12:07:44","date_gmt":"2023-04-19T10:07:44","guid":{"rendered":"https:\/\/univet.hu\/hu\/kutatas\/temak\/new-research-page-2\/"},"modified":"2023-04-19T12:07:44","modified_gmt":"2023-04-19T10:07:44","slug":"embrio-atultetes-juhokban","status":"publish","type":"page","link":"https:\/\/univet.hu\/hu\/kutatas\/temak\/embrio-atultetes-juhokban\/","title":{"rendered":"Embri\u00f3 \u00e1t\u00fcltet\u00e9s juhokban"},"content":{"rendered":"<p>C\u00e9lunk az embri\u00f3 \u00e1t\u00fcltet\u0151 programok fejleszt\u00e9se juhokban a gazdas\u00e1gi \u00e9rt\u00e9keket szem el\u0151tt tartva, biomarkerek felhaszn\u00e1l\u00e1s\u00e1val pl. Anti-M\u00fcller hormon.<\/p>","protected":false},"excerpt":{"rendered":"<p>C\u00e9lunk az embri\u00f3 \u00e1t\u00fcltet\u0151 programok fejleszt\u00e9se juhokban a gazdas\u00e1gi \u00e9rt\u00e9keket szem el\u0151tt tartva, biomarkerek felhaszn\u00e1l\u00e1s\u00e1val pl. Anti-M\u00fcller hormon.<\/p>\n","protected":false},"author":6022,"featured_media":0,"parent":874,"menu_order":0,"comment_status":"open","ping_status":"open","template":"","meta":{"_acf_changed":false,"footnotes":""},"categories":[],"tags":[],"class_list":["post-85373","page","type-page","status-publish","hentry"],"acf":[],"_links":{"self":[{"href":"https:\/\/univet.hu\/hu\/wp-json\/wp\/v2\/pages\/85373","targetHints":{"allow":["GET"]}}],"collection":[{"href":"https:\/\/univet.hu\/hu\/wp-json\/wp\/v2\/pages"}],"about":[{"href":"https:\/\/univet.hu\/hu\/wp-json\/wp\/v2\/types\/page"}],"author":[{"embeddable":true,"href":"https:\/\/univet.hu\/hu\/wp-json\/wp\/v2\/users\/6022"}],"replies":[{"embeddable":true,"href":"https:\/\/univet.hu\/hu\/wp-json\/wp\/v2\/comments?post=85373"}],"version-history":[{"count":0,"href":"https:\/\/univet.hu\/hu\/wp-json\/wp\/v2\/pages\/85373\/revisions"}],"up":[{"embeddable":true,"href":"https:\/\/univet.hu\/hu\/wp-json\/wp\/v2\/pages\/874"}],"wp:attachment":[{"href":"https:\/\/univet.hu\/hu\/wp-json\/wp\/v2\/media?parent=85373"}],"wp:term":[{"taxonomy":"category","embeddable":true,"href":"https:\/\/univet.hu\/hu\/wp-json\/wp\/v2\/categories?post=85373"},{"taxonomy":"post_tag","embeddable":true,"href":"https:\/\/univet.hu\/hu\/wp-json\/wp\/v2\/tags?post=85373"}],"curies":[{"name":"wp","href":"https:\/\/api.w.org\/{rel}","templated":true}]}}