{"id":85376,"date":"2023-04-19T12:28:52","date_gmt":"2023-04-19T10:28:52","guid":{"rendered":"https:\/\/univet.hu\/hu\/kutatas\/temak\/new-research-page-2\/"},"modified":"2023-04-19T12:28:52","modified_gmt":"2023-04-19T10:28:52","slug":"a-borjak-allomanyszintu-immunitasanak-vizsgalata","status":"publish","type":"page","link":"https:\/\/univet.hu\/hu\/kutatas\/temak\/a-borjak-allomanyszintu-immunitasanak-vizsgalata\/","title":{"rendered":"A borjak \u00e1llom\u00e1nyszint\u0171 immunit\u00e1s\u00e1nak vizsg\u00e1lata"},"content":{"rendered":"<p>Ezen kutat\u00e1si t\u00e9ma a borjak eg\u00e9szs\u00e9g\u00e9re \u00e9s immunit\u00e1s\u00e1ra f\u00f3kusz\u00e1l. A f\u0151 c\u00e9l a borjak eg\u00e9szs\u00e9g\u00e9nek optimaliz\u00e1l\u00e1sa az anyai kolosztrum \u00e1ltal, \u00faj diagnosztikai m\u00f3dszereket felhaszn\u00e1lva ennek m\u00e9r\u00e9s\u00e9re, k\u00fcl\u00f6n\u00f6s tekintettel az egyedi telepszint\u0171 k\u00f6rnyezeti hat\u00e1sokra.<\/p>","protected":false},"excerpt":{"rendered":"<p>Ezen kutat\u00e1si t\u00e9ma a borjak eg\u00e9szs\u00e9g\u00e9re \u00e9s immunit\u00e1s\u00e1ra f\u00f3kusz\u00e1l. A f\u0151 c\u00e9l a borjak eg\u00e9szs\u00e9g\u00e9nek optimaliz\u00e1l\u00e1sa az anyai kolosztrum \u00e1ltal, \u00faj diagnosztikai m\u00f3dszereket felhaszn\u00e1lva ennek m\u00e9r\u00e9s\u00e9re, k\u00fcl\u00f6n\u00f6s tekintettel az egyedi telepszint\u0171 k\u00f6rnyezeti hat\u00e1sokra.<\/p>\n","protected":false},"author":6022,"featured_media":0,"parent":874,"menu_order":0,"comment_status":"open","ping_status":"open","template":"","meta":{"_acf_changed":false,"footnotes":""},"categories":[],"tags":[],"class_list":["post-85376","page","type-page","status-publish","hentry"],"acf":[],"_links":{"self":[{"href":"https:\/\/univet.hu\/hu\/wp-json\/wp\/v2\/pages\/85376","targetHints":{"allow":["GET"]}}],"collection":[{"href":"https:\/\/univet.hu\/hu\/wp-json\/wp\/v2\/pages"}],"about":[{"href":"https:\/\/univet.hu\/hu\/wp-json\/wp\/v2\/types\/page"}],"author":[{"embeddable":true,"href":"https:\/\/univet.hu\/hu\/wp-json\/wp\/v2\/users\/6022"}],"replies":[{"embeddable":true,"href":"https:\/\/univet.hu\/hu\/wp-json\/wp\/v2\/comments?post=85376"}],"version-history":[{"count":0,"href":"https:\/\/univet.hu\/hu\/wp-json\/wp\/v2\/pages\/85376\/revisions"}],"up":[{"embeddable":true,"href":"https:\/\/univet.hu\/hu\/wp-json\/wp\/v2\/pages\/874"}],"wp:attachment":[{"href":"https:\/\/univet.hu\/hu\/wp-json\/wp\/v2\/media?parent=85376"}],"wp:term":[{"taxonomy":"category","embeddable":true,"href":"https:\/\/univet.hu\/hu\/wp-json\/wp\/v2\/categories?post=85376"},{"taxonomy":"post_tag","embeddable":true,"href":"https:\/\/univet.hu\/hu\/wp-json\/wp\/v2\/tags?post=85376"}],"curies":[{"name":"wp","href":"https:\/\/api.w.org\/{rel}","templated":true}]}}