{"id":85378,"date":"2023-04-19T12:37:54","date_gmt":"2023-04-19T10:37:54","guid":{"rendered":"https:\/\/univet.hu\/hu\/kutatas\/temak\/new-research-page-2\/"},"modified":"2023-04-19T12:38:54","modified_gmt":"2023-04-19T10:38:54","slug":"nikotinamid-mononukleitid-nmn-hatasa-a-lo-szaporodasbiologiai-folyamatokra","status":"publish","type":"page","link":"https:\/\/univet.hu\/hu\/kutatas\/temak\/nikotinamid-mononukleitid-nmn-hatasa-a-lo-szaporodasbiologiai-folyamatokra\/","title":{"rendered":"Nikotinamid mononukleitid (NMN) hat\u00e1sa a l\u00f3 szaporod\u00e1sbiol\u00f3giai folyamatokra"},"content":{"rendered":"<p>A Bolyai J\u00e1nos kutat\u00e1si \u00f6szt\u00f6nd\u00edj biztos\u00edtja a h\u00e1tteret az egyik \u00faj t\u00e9m\u00e1nkhoz: hogyan befoly\u00e1solja a nikotinamid mononukleitod (NMN) a l\u00f3 petessejtek \u00e9letk\u00e9pess\u00e9g\u00e9t in vivo \u00e9s in vitro k\u00f6rnyezetben.<\/p> <figure id=\"attachment_85201\" aria-describedby=\"caption-attachment-85201\" style=\"width: 260px\" class=\"wp-caption alignnone\"><img loading=\"lazy\" decoding=\"async\" class=\"size-full wp-image-85201\" src=\"https:\/\/univet.hu\/wp-content\/uploads\/2023\/04\/NMN-Bogi-oocyt\u00e1k.jpg\" alt=\"\" width=\"260\" height=\"291\" \/><figcaption id=\"caption-attachment-85201\" class=\"wp-caption-text\">L\u00f3 petesejtek<\/figcaption><\/figure>","protected":false},"excerpt":{"rendered":"<p>A Bolyai J\u00e1nos kutat\u00e1si \u00f6szt\u00f6nd\u00edj biztos\u00edtja a h\u00e1tteret az egyik \u00faj t\u00e9m\u00e1nkhoz: hogyan befoly\u00e1solja a nikotinamid mononukleitod (NMN) a l\u00f3 petessejtek \u00e9letk\u00e9pess\u00e9g\u00e9t in vivo \u00e9s in vitro k\u00f6rnyezetben.<\/p>\n","protected":false},"author":6022,"featured_media":0,"parent":874,"menu_order":0,"comment_status":"open","ping_status":"open","template":"","meta":{"_acf_changed":false,"footnotes":""},"categories":[],"tags":[],"class_list":["post-85378","page","type-page","status-publish","hentry"],"acf":[],"_links":{"self":[{"href":"https:\/\/univet.hu\/hu\/wp-json\/wp\/v2\/pages\/85378","targetHints":{"allow":["GET"]}}],"collection":[{"href":"https:\/\/univet.hu\/hu\/wp-json\/wp\/v2\/pages"}],"about":[{"href":"https:\/\/univet.hu\/hu\/wp-json\/wp\/v2\/types\/page"}],"author":[{"embeddable":true,"href":"https:\/\/univet.hu\/hu\/wp-json\/wp\/v2\/users\/6022"}],"replies":[{"embeddable":true,"href":"https:\/\/univet.hu\/hu\/wp-json\/wp\/v2\/comments?post=85378"}],"version-history":[{"count":0,"href":"https:\/\/univet.hu\/hu\/wp-json\/wp\/v2\/pages\/85378\/revisions"}],"up":[{"embeddable":true,"href":"https:\/\/univet.hu\/hu\/wp-json\/wp\/v2\/pages\/874"}],"wp:attachment":[{"href":"https:\/\/univet.hu\/hu\/wp-json\/wp\/v2\/media?parent=85378"}],"wp:term":[{"taxonomy":"category","embeddable":true,"href":"https:\/\/univet.hu\/hu\/wp-json\/wp\/v2\/categories?post=85378"},{"taxonomy":"post_tag","embeddable":true,"href":"https:\/\/univet.hu\/hu\/wp-json\/wp\/v2\/tags?post=85378"}],"curies":[{"name":"wp","href":"https:\/\/api.w.org\/{rel}","templated":true}]}}