{"id":85385,"date":"2023-04-19T12:58:04","date_gmt":"2023-04-19T10:58:04","guid":{"rendered":"https:\/\/univet.hu\/hu\/kutatas\/temak\/new-research-page-2\/"},"modified":"2023-04-19T12:58:04","modified_gmt":"2023-04-19T10:58:04","slug":"petesejt-leszivas-es-gyujtesi-modszerek-gyakorlati-alkalmazasa-szarvasmarhaban-es-loban","status":"publish","type":"page","link":"https:\/\/univet.hu\/hu\/kutatas\/temak\/petesejt-leszivas-es-gyujtesi-modszerek-gyakorlati-alkalmazasa-szarvasmarhaban-es-loban\/","title":{"rendered":"Petesejt lesz\u00edv\u00e1s \u00e9s gy\u0171jt\u00e9si m\u00f3dszerek gyakorlati alkalmaz\u00e1sa szarvasmarh\u00e1ban \u00e9s l\u00f3ban"},"content":{"rendered":"<p>Ovum-pick up (OPU) \u00e9s transzvagin\u00e1lis petesejt lesz\u00edv\u00e1st (TVA) v\u00e9gz\u00fcnk szarvasmarh\u00e1ban \u00e9s l\u00f3ban annak \u00e9rdek\u00e9ben hogy in vitro embri\u00f3kat (&#8222;lombikb\u00e9bi&#8221;) \u00e1ll\u00edthassunk el\u0151 bel\u0151l\u00fck.<\/p> <p>A Tansz\u00e9ken hivatalos <a href=\"https:\/\/univet.hu\/hu\/egyetem\/szervezeti-egysegek\/szuleszeti-es-szaporodasbiologiai-tanszek-es-klinika\/szolgaltatasok\/mobil-embrio-atulteto-allomas\/\">Embri\u00f3 \u00e1t\u00fcltet\u0151 \u00e1llom\u00e1s<\/a> m\u0171k\u00f6dik.<\/p> <figure id=\"attachment_85199\" aria-describedby=\"caption-attachment-85199\" style=\"width: 320px\" class=\"wp-caption alignnone\"><img loading=\"lazy\" decoding=\"async\" class=\"wp-image-85199 size-medium\" src=\"https:\/\/univet.hu\/wp-content\/uploads\/2023\/04\/OPU-Bogi-320x221.jpg\" alt=\"\" width=\"320\" height=\"221\" srcset=\"https:\/\/univet.hu\/wp-content\/uploads\/2023\/04\/OPU-Bogi-320x221.jpg 320w, https:\/\/univet.hu\/wp-content\/uploads\/2023\/04\/OPU-Bogi.jpg 605w\" sizes=\"auto, (max-width: 320px) 100vw, 320px\" \/><figcaption id=\"caption-attachment-85199\" class=\"wp-caption-text\">Ultrahang vez\u00e9relt petesejt lesz\u00edv\u00e1s<\/figcaption><\/figure> <p><img loading=\"lazy\" decoding=\"async\" class=\"alignnone size-medium wp-image-85198\" src=\"https:\/\/univet.hu\/wp-content\/uploads\/2023\/04\/OPU-Bogi-2-320x240.jpg\" alt=\"\" width=\"320\" height=\"240\" srcset=\"https:\/\/univet.hu\/wp-content\/uploads\/2023\/04\/OPU-Bogi-2-320x240.jpg 320w, https:\/\/univet.hu\/wp-content\/uploads\/2023\/04\/OPU-Bogi-2-768x576.jpg 768w, https:\/\/univet.hu\/wp-content\/uploads\/2023\/04\/OPU-Bogi-2-960x720.jpg 960w, https:\/\/univet.hu\/wp-content\/uploads\/2023\/04\/OPU-Bogi-2.jpg 1386w\" sizes=\"auto, (max-width: 320px) 100vw, 320px\" \/><\/p>","protected":false},"excerpt":{"rendered":"<p>Ovum-pick up (OPU) \u00e9s transzvagin\u00e1lis petesejt lesz\u00edv\u00e1st (TVA) v\u00e9gz\u00fcnk szarvasmarh\u00e1ban \u00e9s l\u00f3ban annak \u00e9rdek\u00e9ben hogy in vitro embri\u00f3kat (&#8222;lombikb\u00e9bi&#8221;) \u00e1ll\u00edthassunk el\u0151 bel\u0151l\u00fck. A Tansz\u00e9ken hivatalos Embri\u00f3 \u00e1t\u00fcltet\u0151 \u00e1llom\u00e1s m\u0171k\u00f6dik.<\/p>\n","protected":false},"author":6022,"featured_media":0,"parent":874,"menu_order":0,"comment_status":"open","ping_status":"open","template":"","meta":{"_acf_changed":false,"footnotes":""},"categories":[],"tags":[],"class_list":["post-85385","page","type-page","status-publish","hentry"],"acf":[],"_links":{"self":[{"href":"https:\/\/univet.hu\/hu\/wp-json\/wp\/v2\/pages\/85385","targetHints":{"allow":["GET"]}}],"collection":[{"href":"https:\/\/univet.hu\/hu\/wp-json\/wp\/v2\/pages"}],"about":[{"href":"https:\/\/univet.hu\/hu\/wp-json\/wp\/v2\/types\/page"}],"author":[{"embeddable":true,"href":"https:\/\/univet.hu\/hu\/wp-json\/wp\/v2\/users\/6022"}],"replies":[{"embeddable":true,"href":"https:\/\/univet.hu\/hu\/wp-json\/wp\/v2\/comments?post=85385"}],"version-history":[{"count":0,"href":"https:\/\/univet.hu\/hu\/wp-json\/wp\/v2\/pages\/85385\/revisions"}],"up":[{"embeddable":true,"href":"https:\/\/univet.hu\/hu\/wp-json\/wp\/v2\/pages\/874"}],"wp:attachment":[{"href":"https:\/\/univet.hu\/hu\/wp-json\/wp\/v2\/media?parent=85385"}],"wp:term":[{"taxonomy":"category","embeddable":true,"href":"https:\/\/univet.hu\/hu\/wp-json\/wp\/v2\/categories?post=85385"},{"taxonomy":"post_tag","embeddable":true,"href":"https:\/\/univet.hu\/hu\/wp-json\/wp\/v2\/tags?post=85385"}],"curies":[{"name":"wp","href":"https:\/\/api.w.org\/{rel}","templated":true}]}}