{"id":85387,"date":"2023-04-19T13:10:46","date_gmt":"2023-04-19T11:10:46","guid":{"rendered":"https:\/\/univet.hu\/hu\/kutatas\/temak\/new-research-page-2\/"},"modified":"2023-04-19T13:10:46","modified_gmt":"2023-04-19T11:10:46","slug":"metabolikus-betegsegek-vizsgalata-tejelo-tehenekben","status":"publish","type":"page","link":"https:\/\/univet.hu\/hu\/kutatas\/temak\/metabolikus-betegsegek-vizsgalata-tejelo-tehenekben\/","title":{"rendered":"Metabolikus betegs\u00e9gek vizsg\u00e1lata tejel\u0151 tehenekben"},"content":{"rendered":"<p>Az ell\u00e9si stressz sok metabolikus \u00e9s gyullad\u00e1sos betegs\u00e9g kiv\u00e1lt\u00f3 oka az ell\u00e9s k\u00f6r\u00fcli id\u0151szakban. Bizonyos sz\u0171r\u0151 programokkal detekt\u00e1lhat\u00f3ak ezek a betegs\u00e9gek. Folyamatos tudom\u00e1nyos alap\u00fa kutat\u00e1s folyik annak \u00e9rdek\u00e9ben, hogy az eg\u00e9szs\u00e9gi \u00e1llapotot befoly\u00e1sol\u00f3 t\u00e9nyez\u0151ket azonos\u00edtani lehessen \u00e9s a kezel\u00e9si lehet\u0151s\u00e9geket nyomon k\u00f6vethess\u00fck. Ennek seg\u00edts\u00e9g\u00e9vel a tehen\u00e9szetek gazdas\u00e1gi nyeres\u00e9gess\u00e9g\u00e9t jav\u00edtani lehet \u00e9s az antibiotikumok felhaszn\u00e1l\u00e1s\u00e1t visszaszor\u00edthatjuk.<\/p>","protected":false},"excerpt":{"rendered":"<p>Az ell\u00e9si stressz sok metabolikus \u00e9s gyullad\u00e1sos betegs\u00e9g kiv\u00e1lt\u00f3 oka az ell\u00e9s k\u00f6r\u00fcli id\u0151szakban. Bizonyos sz\u0171r\u0151 programokkal detekt\u00e1lhat\u00f3ak ezek a betegs\u00e9gek. Folyamatos tudom\u00e1nyos alap\u00fa kutat\u00e1s folyik annak \u00e9rdek\u00e9ben, hogy az eg\u00e9szs\u00e9gi \u00e1llapotot befoly\u00e1sol\u00f3 t\u00e9nyez\u0151ket azonos\u00edtani lehessen \u00e9s a kezel\u00e9si lehet\u0151s\u00e9geket nyomon k\u00f6vethess\u00fck. Ennek seg\u00edts\u00e9g\u00e9vel a tehen\u00e9szetek gazdas\u00e1gi nyeres\u00e9gess\u00e9g\u00e9t jav\u00edtani lehet \u00e9s az antibiotikumok felhaszn\u00e1l\u00e1s\u00e1t visszaszor\u00edthatjuk.<\/p>\n","protected":false},"author":6022,"featured_media":0,"parent":874,"menu_order":0,"comment_status":"open","ping_status":"open","template":"","meta":{"_acf_changed":false,"footnotes":""},"categories":[],"tags":[],"class_list":["post-85387","page","type-page","status-publish","hentry"],"acf":[],"_links":{"self":[{"href":"https:\/\/univet.hu\/hu\/wp-json\/wp\/v2\/pages\/85387","targetHints":{"allow":["GET"]}}],"collection":[{"href":"https:\/\/univet.hu\/hu\/wp-json\/wp\/v2\/pages"}],"about":[{"href":"https:\/\/univet.hu\/hu\/wp-json\/wp\/v2\/types\/page"}],"author":[{"embeddable":true,"href":"https:\/\/univet.hu\/hu\/wp-json\/wp\/v2\/users\/6022"}],"replies":[{"embeddable":true,"href":"https:\/\/univet.hu\/hu\/wp-json\/wp\/v2\/comments?post=85387"}],"version-history":[{"count":0,"href":"https:\/\/univet.hu\/hu\/wp-json\/wp\/v2\/pages\/85387\/revisions"}],"up":[{"embeddable":true,"href":"https:\/\/univet.hu\/hu\/wp-json\/wp\/v2\/pages\/874"}],"wp:attachment":[{"href":"https:\/\/univet.hu\/hu\/wp-json\/wp\/v2\/media?parent=85387"}],"wp:term":[{"taxonomy":"category","embeddable":true,"href":"https:\/\/univet.hu\/hu\/wp-json\/wp\/v2\/categories?post=85387"},{"taxonomy":"post_tag","embeddable":true,"href":"https:\/\/univet.hu\/hu\/wp-json\/wp\/v2\/tags?post=85387"}],"curies":[{"name":"wp","href":"https:\/\/api.w.org\/{rel}","templated":true}]}}