{"id":85393,"date":"2023-04-19T13:21:45","date_gmt":"2023-04-19T11:21:45","guid":{"rendered":"https:\/\/univet.hu\/hu\/kutatas\/temak\/new-research-page-2\/"},"modified":"2023-04-19T13:21:45","modified_gmt":"2023-04-19T11:21:45","slug":"transthoracalis-mellkasi-ultrahang-vizsgalat-szerepe-valasztas-elotti-borjakban","status":"publish","type":"page","link":"https:\/\/univet.hu\/hu\/kutatas\/temak\/transthoracalis-mellkasi-ultrahang-vizsgalat-szerepe-valasztas-elotti-borjakban\/","title":{"rendered":"Transthoracalis (mellkasi) ultrahang vizsg\u00e1lat szerepe v\u00e1laszt\u00e1s el\u0151tti borjakban"},"content":{"rendered":"<p>Vizsg\u00e1latunk c\u00e9lja mellkasi ultrahang vizsg\u00e1lattal meg\u00e1llap\u00edtani a v\u00e1laszt\u00e1s el\u0151tti borjak &#8216;szarvasmarha respir\u00e1ci\u00f3s betegs\u00e9g\u00e9nek&#8217; (BRD) t\u00fcneteit. K\u00e9pek: Dr. Vincze Bogl\u00e1rka gy\u0171jtem\u00e9ny\u00e9b\u0151l.<\/p> <figure id=\"attachment_85208\" aria-describedby=\"caption-attachment-85208\" style=\"width: 320px\" class=\"wp-caption alignnone\"><img loading=\"lazy\" decoding=\"async\" class=\"size-medium wp-image-85208\" src=\"https:\/\/univet.hu\/wp-content\/uploads\/2023\/04\/T\u00fcd\u0151-UH-eg\u00e9szs\u00e9ges-320x221.jpg\" alt=\"\" width=\"320\" height=\"221\" srcset=\"https:\/\/univet.hu\/wp-content\/uploads\/2023\/04\/T\u00fcd\u0151-UH-eg\u00e9szs\u00e9ges-320x221.jpg 320w, https:\/\/univet.hu\/wp-content\/uploads\/2023\/04\/T\u00fcd\u0151-UH-eg\u00e9szs\u00e9ges.jpg 605w\" sizes=\"auto, (max-width: 320px) 100vw, 320px\" \/><figcaption id=\"caption-attachment-85208\" class=\"wp-caption-text\">Healthy asymptomatic lung (endorectal probe, 7,5 MHz)<\/figcaption><\/figure> <figure id=\"attachment_85207\" aria-describedby=\"caption-attachment-85207\" style=\"width: 320px\" class=\"wp-caption alignnone\"><img loading=\"lazy\" decoding=\"async\" class=\"size-medium wp-image-85207\" src=\"https:\/\/univet.hu\/wp-content\/uploads\/2023\/04\/BRD-UH-Bogi-320x221.jpg\" alt=\"\" width=\"320\" height=\"221\" srcset=\"https:\/\/univet.hu\/wp-content\/uploads\/2023\/04\/BRD-UH-Bogi-320x221.jpg 320w, https:\/\/univet.hu\/wp-content\/uploads\/2023\/04\/BRD-UH-Bogi.jpg 605w\" sizes=\"auto, (max-width: 320px) 100vw, 320px\" \/><figcaption id=\"caption-attachment-85207\" class=\"wp-caption-text\">Bovine lung affected by pneumonia (endorectal probe, 7,5 MHz)<\/figcaption><\/figure> <figure id=\"attachment_85206\" aria-describedby=\"caption-attachment-85206\" style=\"width: 320px\" class=\"wp-caption alignnone\"><img loading=\"lazy\" decoding=\"async\" class=\"wp-image-85206 size-medium\" src=\"https:\/\/univet.hu\/wp-content\/uploads\/2023\/04\/BRD-Bogi-320x240.jpg\" alt=\"\" width=\"320\" height=\"240\" srcset=\"https:\/\/univet.hu\/wp-content\/uploads\/2023\/04\/BRD-Bogi-320x240.jpg 320w, https:\/\/univet.hu\/wp-content\/uploads\/2023\/04\/BRD-Bogi.jpg 454w\" sizes=\"auto, (max-width: 320px) 100vw, 320px\" \/><figcaption id=\"caption-attachment-85206\" class=\"wp-caption-text\">T\u00fcd\u0151gyullad\u00e1s k\u00f3rbonctani lelete. Dr.Vincze Bogl\u00e1rka gy\u0171jtem\u00e9ny\u00e9b\u0151l.<\/figcaption><\/figure> <figure id=\"attachment_85205\" aria-describedby=\"caption-attachment-85205\" style=\"width: 320px\" class=\"wp-caption alignnone\"><img loading=\"lazy\" decoding=\"async\" class=\"wp-image-85205 size-medium\" src=\"https:\/\/univet.hu\/wp-content\/uploads\/2023\/04\/BRD-2-Bogi-320x240.jpg\" alt=\"\" width=\"320\" height=\"240\" srcset=\"https:\/\/univet.hu\/wp-content\/uploads\/2023\/04\/BRD-2-Bogi-320x240.jpg 320w, https:\/\/univet.hu\/wp-content\/uploads\/2023\/04\/BRD-2-Bogi-768x576.jpg 768w, https:\/\/univet.hu\/wp-content\/uploads\/2023\/04\/BRD-2-Bogi-960x720.jpg 960w, https:\/\/univet.hu\/wp-content\/uploads\/2023\/04\/BRD-2-Bogi.jpg 1386w\" sizes=\"auto, (max-width: 320px) 100vw, 320px\" \/><figcaption id=\"caption-attachment-85205\" class=\"wp-caption-text\">T\u00fcd\u0151gyullad\u00e1s k\u00f3rbontani lelete. Dr.Vincze Bogl\u00e1rka gy\u0171jtem\u00e9ny\u00e9b\u0151l.<\/figcaption><\/figure>","protected":false},"excerpt":{"rendered":"<p>Vizsg\u00e1latunk c\u00e9lja mellkasi ultrahang vizsg\u00e1lattal meg\u00e1llap\u00edtani a v\u00e1laszt\u00e1s el\u0151tti borjak &#8216;szarvasmarha respir\u00e1ci\u00f3s betegs\u00e9g\u00e9nek&#8217; (BRD) t\u00fcneteit. K\u00e9pek: Dr. Vincze Bogl\u00e1rka gy\u0171jtem\u00e9ny\u00e9b\u0151l.<\/p>\n","protected":false},"author":6022,"featured_media":0,"parent":874,"menu_order":0,"comment_status":"open","ping_status":"open","template":"","meta":{"_acf_changed":false,"footnotes":""},"categories":[],"tags":[],"class_list":["post-85393","page","type-page","status-publish","hentry"],"acf":[],"_links":{"self":[{"href":"https:\/\/univet.hu\/hu\/wp-json\/wp\/v2\/pages\/85393","targetHints":{"allow":["GET"]}}],"collection":[{"href":"https:\/\/univet.hu\/hu\/wp-json\/wp\/v2\/pages"}],"about":[{"href":"https:\/\/univet.hu\/hu\/wp-json\/wp\/v2\/types\/page"}],"author":[{"embeddable":true,"href":"https:\/\/univet.hu\/hu\/wp-json\/wp\/v2\/users\/6022"}],"replies":[{"embeddable":true,"href":"https:\/\/univet.hu\/hu\/wp-json\/wp\/v2\/comments?post=85393"}],"version-history":[{"count":0,"href":"https:\/\/univet.hu\/hu\/wp-json\/wp\/v2\/pages\/85393\/revisions"}],"up":[{"embeddable":true,"href":"https:\/\/univet.hu\/hu\/wp-json\/wp\/v2\/pages\/874"}],"wp:attachment":[{"href":"https:\/\/univet.hu\/hu\/wp-json\/wp\/v2\/media?parent=85393"}],"wp:term":[{"taxonomy":"category","embeddable":true,"href":"https:\/\/univet.hu\/hu\/wp-json\/wp\/v2\/categories?post=85393"},{"taxonomy":"post_tag","embeddable":true,"href":"https:\/\/univet.hu\/hu\/wp-json\/wp\/v2\/tags?post=85393"}],"curies":[{"name":"wp","href":"https:\/\/api.w.org\/{rel}","templated":true}]}}