{"id":85395,"date":"2023-04-19T13:33:18","date_gmt":"2023-04-19T11:33:18","guid":{"rendered":"https:\/\/univet.hu\/hu\/kutatas\/temak\/new-research-page-2\/"},"modified":"2023-04-19T13:33:18","modified_gmt":"2023-04-19T11:33:18","slug":"mehen-beluli-es-kornyezeti-faktorok-hatasa-a-vehemvesztesekre","status":"publish","type":"page","link":"https:\/\/univet.hu\/hu\/kutatas\/temak\/mehen-beluli-es-kornyezeti-faktorok-hatasa-a-vehemvesztesekre\/","title":{"rendered":"M\u00e9hen bel\u00fcli \u00e9s k\u00f6rnyezeti faktorok hat\u00e1sa a vehemveszt\u00e9sekre"},"content":{"rendered":"<p>A tehen\u00e9szeti telepek reprodukci\u00f3s hat\u00e9konys\u00e1g\u00e1t negat\u00edvan befoly\u00e1solj\u00e1k a vehemveszt\u00e9sek. Tejel\u0151 tehenekben magasabb ar\u00e1nyban fordul el\u0151, de a h\u00fasmarha \u00e1llom\u00e1nyok is \u00e9rintettek. Folyamatosan azon dolgozunk, hogy felt\u00e1rjuk ezek h\u00e1tter\u00e9ben l\u00e9v\u0151 fert\u0151z\u0151 \u00e9s nem-fert\u0151z\u0151 okokat azzal a c\u00e9llal, hogy kidolgozzunk egy telepszint\u0171 vehemveszt\u00e9si cs\u00f6kkent\u00e9si tervet, ezzel egy\u00fctt pedig az antibiotikum felhaszn\u00e1l\u00e1st is m\u00e9rs\u00e9kelni tudjuk.<\/p>","protected":false},"excerpt":{"rendered":"<p>A tehen\u00e9szeti telepek reprodukci\u00f3s hat\u00e9konys\u00e1g\u00e1t negat\u00edvan befoly\u00e1solj\u00e1k a vehemveszt\u00e9sek. Tejel\u0151 tehenekben magasabb ar\u00e1nyban fordul el\u0151, de a h\u00fasmarha \u00e1llom\u00e1nyok is \u00e9rintettek. Folyamatosan azon dolgozunk, hogy felt\u00e1rjuk ezek h\u00e1tter\u00e9ben l\u00e9v\u0151 fert\u0151z\u0151 \u00e9s nem-fert\u0151z\u0151 okokat azzal a c\u00e9llal, hogy kidolgozzunk egy telepszint\u0171 vehemveszt\u00e9si cs\u00f6kkent\u00e9si tervet, ezzel egy\u00fctt pedig az antibiotikum felhaszn\u00e1l\u00e1st is m\u00e9rs\u00e9kelni tudjuk.<\/p>\n","protected":false},"author":6022,"featured_media":0,"parent":874,"menu_order":0,"comment_status":"open","ping_status":"open","template":"","meta":{"_acf_changed":false,"footnotes":""},"categories":[],"tags":[],"class_list":["post-85395","page","type-page","status-publish","hentry"],"acf":[],"_links":{"self":[{"href":"https:\/\/univet.hu\/hu\/wp-json\/wp\/v2\/pages\/85395","targetHints":{"allow":["GET"]}}],"collection":[{"href":"https:\/\/univet.hu\/hu\/wp-json\/wp\/v2\/pages"}],"about":[{"href":"https:\/\/univet.hu\/hu\/wp-json\/wp\/v2\/types\/page"}],"author":[{"embeddable":true,"href":"https:\/\/univet.hu\/hu\/wp-json\/wp\/v2\/users\/6022"}],"replies":[{"embeddable":true,"href":"https:\/\/univet.hu\/hu\/wp-json\/wp\/v2\/comments?post=85395"}],"version-history":[{"count":0,"href":"https:\/\/univet.hu\/hu\/wp-json\/wp\/v2\/pages\/85395\/revisions"}],"up":[{"embeddable":true,"href":"https:\/\/univet.hu\/hu\/wp-json\/wp\/v2\/pages\/874"}],"wp:attachment":[{"href":"https:\/\/univet.hu\/hu\/wp-json\/wp\/v2\/media?parent=85395"}],"wp:term":[{"taxonomy":"category","embeddable":true,"href":"https:\/\/univet.hu\/hu\/wp-json\/wp\/v2\/categories?post=85395"},{"taxonomy":"post_tag","embeddable":true,"href":"https:\/\/univet.hu\/hu\/wp-json\/wp\/v2\/tags?post=85395"}],"curies":[{"name":"wp","href":"https:\/\/api.w.org\/{rel}","templated":true}]}}