{"id":85540,"date":"2023-04-22T18:28:35","date_gmt":"2023-04-22T16:28:35","guid":{"rendered":"https:\/\/univet.hu\/hu\/kutatas\/temak\/new-research-page-2\/"},"modified":"2023-04-22T18:28:35","modified_gmt":"2023-04-22T16:28:35","slug":"in-vitro-gyulladas-es-oxidativ-stressz-modellek-termeszetes-eredetu-anyagok-vizsgalatara","status":"publish","type":"page","link":"https:\/\/univet.hu\/hu\/kutatas\/temak\/in-vitro-gyulladas-es-oxidativ-stressz-modellek-termeszetes-eredetu-anyagok-vizsgalatara\/","title":{"rendered":"In vitro gyullad\u00e1s- \u00e9s oxidat\u00edv stressz modellek term\u00e9szetes eredet\u0171 anyagok vizsg\u00e1lat\u00e1ra"},"content":{"rendered":"<p><strong>Term\u00e9szetes eredet\u0171 t\u00e1pl\u00e1l\u00e9k- \u00e9s takarm\u00e1ny-kieg\u00e9sz\u00edt\u0151k szerepe a b\u00e9l eg\u00e9szs\u00e9g\u00e9nek meg\u0151rz\u00e9s\u00e9ben<\/strong><\/p> <p>Napjaink egyik legs\u00falyosabb hum\u00e1n- \u00e9s \u00e1llateg\u00e9szs\u00e9g\u00fcgyi probl\u00e9m\u00e1j\u00e1t az antimikrobi\u00e1lis szerekkel szemben rezisztens bakt\u00e9riumok \u00e1ltal okozott fert\u0151z\u00e9sek jelentik. A b\u00e9lcsatorna, komplex funkci\u00f3t l\u00e1t el az emberi \u00e9s az \u00e1llati szervezetben egyar\u00e1nt, az elv\u00e1laszt\u00e1s, em\u00e9szt\u00e9s, felsz\u00edv\u00e1s, \u00e1talak\u00edt\u00e1s \u00e9s kiv\u00e1laszt\u00e1s folyamatai mellett immunszervi \u00e9s barrier szerepe is van. A b\u00e9lh\u00e1msejteket k\u00e1ros\u00edt\u00f3 idegen anyagok hat\u00e1s\u00e1ra a sejtekben gyullad\u00e1s, oxidat\u00edv stressz \u00e9s\/vagy a sejtr\u00e9teg integrit\u00e1s\u00e1nak megboml\u00e1sa k\u00f6vetkezhet be, amely az \u00e1llatokban klinikai t\u00fcnetek megjelen\u00e9s\u00e9hez (leggyakrabban hasmen\u00e9s) \u00e9s gazdas\u00e1gi vesztes\u00e9ghez vezet.<\/p> <p>A sert\u00e9s v\u00e9konyb\u00e9lh\u00e1m eredet\u0171 IPEC-J2 sejtvonal nem daganatos eredet\u0171, emiatt j\u00f3l reprezent\u00e1lja az emberi \u00e9s \u00e1llati b\u00e9lcsatorn\u00e1ban zajl\u00f3 folyamatokat. Tansz\u00e9ki kutat\u00f3csoportunk ezen a sejtmodellen vizsg\u00e1lja k\u00fcl\u00f6nf\u00e9le term\u00e9szetes eredet\u0171 vegy\u00fcletek (els\u0151sorban polifenolok, n\u00f6v\u00e9nyi kivonatok \u00e9s probiotikumok) antioxid\u00e1ns, gyullad\u00e1scs\u00f6kkent\u0151 \u00e9s b\u00e9lbarrier integrit\u00e1sra hat\u00e1s\u00e1t a b\u00e9lh\u00e1mot k\u00e1ros\u00edt\u00f3 t\u00e9nyez\u0151kkel szemben. C\u00e9lunk az, hogy olyan vegy\u00fcleteket tal\u00e1ljunk, amelyek haszn\u00e1lhat\u00f3ak lehetnek h\u00e1zi\u00e1llataink eg\u00e9szs\u00e9g\u00e9nek meg\u0151rz\u00e9s\u00e9ben, els\u0151sorban a b\u00e9lcsatorn\u00e1ba ker\u00fcl\u0151 k\u00f3rokoz\u00f3k \u00e9s m\u00e1s toxinok hat\u00e1saival szemben. Ezek a vegy\u00fcletek \u00f6n\u00e1ll\u00f3an, vagy antibiotikumokkal kombin\u00e1ci\u00f3ban alkalmazva hozz\u00e1j\u00e1rulhatnak a bakteri\u00e1lis fert\u0151z\u00e9sek megel\u0151z\u00e9s\u00e9hez \u00e9s sikeres gy\u00f3gykezel\u00e9s\u00e9hez, ez\u00e1ltal cs\u00f6kkentve az \u00e1llattart\u00e1sban felhaszn\u00e1lt antibiotikumok mennyis\u00e9g\u00e9t.<\/p>","protected":false},"excerpt":{"rendered":"<p>Term\u00e9szetes eredet\u0171 t\u00e1pl\u00e1l\u00e9k- \u00e9s takarm\u00e1ny-kieg\u00e9sz\u00edt\u0151k szerepe a b\u00e9l eg\u00e9szs\u00e9g\u00e9nek meg\u0151rz\u00e9s\u00e9ben Napjaink egyik legs\u00falyosabb hum\u00e1n- \u00e9s \u00e1llateg\u00e9szs\u00e9g\u00fcgyi probl\u00e9m\u00e1j\u00e1t az antimikrobi\u00e1lis szerekkel szemben rezisztens bakt\u00e9riumok \u00e1ltal okozott fert\u0151z\u00e9sek jelentik. A b\u00e9lcsatorna, komplex funkci\u00f3t l\u00e1t el az emberi \u00e9s az \u00e1llati szervezetben egyar\u00e1nt, az elv\u00e1laszt\u00e1s, em\u00e9szt\u00e9s, felsz\u00edv\u00e1s, \u00e1talak\u00edt\u00e1s \u00e9s kiv\u00e1laszt\u00e1s folyamatai mellett immunszervi \u00e9s barrier szerepe is van.<\/p>\n","protected":false},"author":6022,"featured_media":0,"parent":874,"menu_order":0,"comment_status":"open","ping_status":"open","template":"","meta":{"_acf_changed":false,"footnotes":""},"categories":[],"tags":[],"class_list":["post-85540","page","type-page","status-publish","hentry"],"acf":[],"_links":{"self":[{"href":"https:\/\/univet.hu\/hu\/wp-json\/wp\/v2\/pages\/85540","targetHints":{"allow":["GET"]}}],"collection":[{"href":"https:\/\/univet.hu\/hu\/wp-json\/wp\/v2\/pages"}],"about":[{"href":"https:\/\/univet.hu\/hu\/wp-json\/wp\/v2\/types\/page"}],"author":[{"embeddable":true,"href":"https:\/\/univet.hu\/hu\/wp-json\/wp\/v2\/users\/6022"}],"replies":[{"embeddable":true,"href":"https:\/\/univet.hu\/hu\/wp-json\/wp\/v2\/comments?post=85540"}],"version-history":[{"count":0,"href":"https:\/\/univet.hu\/hu\/wp-json\/wp\/v2\/pages\/85540\/revisions"}],"up":[{"embeddable":true,"href":"https:\/\/univet.hu\/hu\/wp-json\/wp\/v2\/pages\/874"}],"wp:attachment":[{"href":"https:\/\/univet.hu\/hu\/wp-json\/wp\/v2\/media?parent=85540"}],"wp:term":[{"taxonomy":"category","embeddable":true,"href":"https:\/\/univet.hu\/hu\/wp-json\/wp\/v2\/categories?post=85540"},{"taxonomy":"post_tag","embeddable":true,"href":"https:\/\/univet.hu\/hu\/wp-json\/wp\/v2\/tags?post=85540"}],"curies":[{"name":"wp","href":"https:\/\/api.w.org\/{rel}","templated":true}]}}