{"id":85548,"date":"2023-04-22T18:45:04","date_gmt":"2023-04-22T16:45:04","guid":{"rendered":"https:\/\/univet.hu\/hu\/kutatas\/temak\/new-research-page-2\/"},"modified":"2023-04-22T18:45:04","modified_gmt":"2023-04-22T16:45:04","slug":"az-antibiotikum-helyettesites-lehetosegei","status":"publish","type":"page","link":"https:\/\/univet.hu\/hu\/kutatas\/temak\/az-antibiotikum-helyettesites-lehetosegei\/","title":{"rendered":"Az antibiotikum helyettes\u00edt\u00e9s lehet\u0151s\u00e9gei"},"content":{"rendered":"<p>Az \u00e1llatgy\u00f3gy\u00e1szatban a k\u00fcl\u00f6nb\u00f6z\u0151 fert\u0151z\u0151 betegs\u00e9gek kezel\u00e9se \u00e9s megel\u0151z\u00e9s c\u00e9lj\u00e1ra alkalmazott antimikrob\u00e1s szerek t\u00falzott felhaszn\u00e1l\u00e1s\u00e1t cs\u00f6kkent\u0151 elj\u00e1r\u00e1sok, anyagok kutat\u00e1sa, azok hat\u00e1s\u00e1nak, hat\u00e1smechanizmus\u00e1nak \u00e9s lehets\u00e9ges mell\u00e9khat\u00e1sainak megismer\u00e9se c\u00e9lj\u00e1b\u00f3l.<\/p>","protected":false},"excerpt":{"rendered":"<p>Az \u00e1llatgy\u00f3gy\u00e1szatban a k\u00fcl\u00f6nb\u00f6z\u0151 fert\u0151z\u0151 betegs\u00e9gek kezel\u00e9se \u00e9s megel\u0151z\u00e9s c\u00e9lj\u00e1ra alkalmazott antimikrob\u00e1s szerek t\u00falzott felhaszn\u00e1l\u00e1s\u00e1t cs\u00f6kkent\u0151 elj\u00e1r\u00e1sok, anyagok kutat\u00e1sa, azok hat\u00e1s\u00e1nak, hat\u00e1smechanizmus\u00e1nak \u00e9s lehets\u00e9ges mell\u00e9khat\u00e1sainak megismer\u00e9se c\u00e9lj\u00e1b\u00f3l.<\/p>\n","protected":false},"author":6022,"featured_media":0,"parent":874,"menu_order":0,"comment_status":"open","ping_status":"open","template":"","meta":{"_acf_changed":false,"footnotes":""},"categories":[],"tags":[],"class_list":["post-85548","page","type-page","status-publish","hentry"],"acf":[],"_links":{"self":[{"href":"https:\/\/univet.hu\/hu\/wp-json\/wp\/v2\/pages\/85548","targetHints":{"allow":["GET"]}}],"collection":[{"href":"https:\/\/univet.hu\/hu\/wp-json\/wp\/v2\/pages"}],"about":[{"href":"https:\/\/univet.hu\/hu\/wp-json\/wp\/v2\/types\/page"}],"author":[{"embeddable":true,"href":"https:\/\/univet.hu\/hu\/wp-json\/wp\/v2\/users\/6022"}],"replies":[{"embeddable":true,"href":"https:\/\/univet.hu\/hu\/wp-json\/wp\/v2\/comments?post=85548"}],"version-history":[{"count":0,"href":"https:\/\/univet.hu\/hu\/wp-json\/wp\/v2\/pages\/85548\/revisions"}],"up":[{"embeddable":true,"href":"https:\/\/univet.hu\/hu\/wp-json\/wp\/v2\/pages\/874"}],"wp:attachment":[{"href":"https:\/\/univet.hu\/hu\/wp-json\/wp\/v2\/media?parent=85548"}],"wp:term":[{"taxonomy":"category","embeddable":true,"href":"https:\/\/univet.hu\/hu\/wp-json\/wp\/v2\/categories?post=85548"},{"taxonomy":"post_tag","embeddable":true,"href":"https:\/\/univet.hu\/hu\/wp-json\/wp\/v2\/tags?post=85548"}],"curies":[{"name":"wp","href":"https:\/\/api.w.org\/{rel}","templated":true}]}}