{"id":85552,"date":"2023-04-22T18:47:13","date_gmt":"2023-04-22T16:47:13","guid":{"rendered":"https:\/\/univet.hu\/hu\/kutatas\/temak\/new-research-page-2\/"},"modified":"2023-04-22T18:47:13","modified_gmt":"2023-04-22T16:47:13","slug":"hatoanyagok-hatasmechanizmusa-es-egyeb-hatasai","status":"publish","type":"page","link":"https:\/\/univet.hu\/hu\/kutatas\/temak\/hatoanyagok-hatasmechanizmusa-es-egyeb-hatasai\/","title":{"rendered":"Hat\u00f3anyagok hat\u00e1smechanizmusa \u00e9s egy\u00e9b hat\u00e1sai"},"content":{"rendered":"<p>Az \u00e1llatgy\u00f3gy\u00e1szatban alkalmazott gy\u00f3gyszerek \u00e9s takarm\u00e1nykieg\u00e9sz\u00edt\u0151k farmakokinetikai tulajdons\u00e1gainak in vitro kutat\u00e1sa, azok hat\u00e1sainak felder\u00edt\u00e9se a gy\u00f3gyszermetabolizmusban szerepet j\u00e1tsz\u00f3 enzimekre \u00e9s a transzporter feh\u00e9rj\u00e9kre, k\u00fcl\u00f6n\u00f6s tekintettel a gy\u00f3gyszer t\u00fal\u00e9rz\u00e9kenys\u00e9g \u00e9s a fert\u0151z\u00e9s elleni szerekkel szembeni rezisztencia kifejl\u0151d\u00e9s\u00e9nek szempontjaira.<\/p>","protected":false},"excerpt":{"rendered":"<p>Az \u00e1llatgy\u00f3gy\u00e1szatban alkalmazott gy\u00f3gyszerek \u00e9s takarm\u00e1nykieg\u00e9sz\u00edt\u0151k farmakokinetikai tulajdons\u00e1gainak in vitro kutat\u00e1sa, azok hat\u00e1sainak felder\u00edt\u00e9se a gy\u00f3gyszermetabolizmusban szerepet j\u00e1tsz\u00f3 enzimekre \u00e9s a transzporter feh\u00e9rj\u00e9kre, k\u00fcl\u00f6n\u00f6s tekintettel a gy\u00f3gyszer t\u00fal\u00e9rz\u00e9kenys\u00e9g \u00e9s a fert\u0151z\u00e9s elleni szerekkel szembeni rezisztencia kifejl\u0151d\u00e9s\u00e9nek szempontjaira.<\/p>\n","protected":false},"author":6022,"featured_media":0,"parent":874,"menu_order":0,"comment_status":"open","ping_status":"open","template":"","meta":{"_acf_changed":false,"footnotes":""},"categories":[],"tags":[],"class_list":["post-85552","page","type-page","status-publish","hentry"],"acf":[],"_links":{"self":[{"href":"https:\/\/univet.hu\/hu\/wp-json\/wp\/v2\/pages\/85552","targetHints":{"allow":["GET"]}}],"collection":[{"href":"https:\/\/univet.hu\/hu\/wp-json\/wp\/v2\/pages"}],"about":[{"href":"https:\/\/univet.hu\/hu\/wp-json\/wp\/v2\/types\/page"}],"author":[{"embeddable":true,"href":"https:\/\/univet.hu\/hu\/wp-json\/wp\/v2\/users\/6022"}],"replies":[{"embeddable":true,"href":"https:\/\/univet.hu\/hu\/wp-json\/wp\/v2\/comments?post=85552"}],"version-history":[{"count":0,"href":"https:\/\/univet.hu\/hu\/wp-json\/wp\/v2\/pages\/85552\/revisions"}],"up":[{"embeddable":true,"href":"https:\/\/univet.hu\/hu\/wp-json\/wp\/v2\/pages\/874"}],"wp:attachment":[{"href":"https:\/\/univet.hu\/hu\/wp-json\/wp\/v2\/media?parent=85552"}],"wp:term":[{"taxonomy":"category","embeddable":true,"href":"https:\/\/univet.hu\/hu\/wp-json\/wp\/v2\/categories?post=85552"},{"taxonomy":"post_tag","embeddable":true,"href":"https:\/\/univet.hu\/hu\/wp-json\/wp\/v2\/tags?post=85552"}],"curies":[{"name":"wp","href":"https:\/\/api.w.org\/{rel}","templated":true}]}}