{"id":85556,"date":"2023-04-22T18:55:06","date_gmt":"2023-04-22T16:55:06","guid":{"rendered":"https:\/\/univet.hu\/hu\/kutatas\/temak\/new-research-page-2\/"},"modified":"2023-04-22T18:55:06","modified_gmt":"2023-04-22T16:55:06","slug":"kulonbozo-gyogyszer-hatoanyagok-uplc-s-modszerrel-torteno-meghatarozasa","status":"publish","type":"page","link":"https:\/\/univet.hu\/hu\/kutatas\/temak\/kulonbozo-gyogyszer-hatoanyagok-uplc-s-modszerrel-torteno-meghatarozasa\/","title":{"rendered":"K\u00fcl\u00f6nb\u00f6z\u0151 gy\u00f3gyszer hat\u00f3anyagok UPLC-s m\u00f3dszerrel t\u00f6rt\u00e9n\u0151 meghat\u00e1roz\u00e1sa"},"content":{"rendered":"<p>K\u00fcl\u00f6nb\u00f6z\u0151 gy\u00f3gyszer hat\u00f3anyagok UPLC-s m\u00f3dszerrel MS\/MS vagy UV detekt\u00e1l\u00e1ssal t\u00f6rt\u00e9n\u0151 meghat\u00e1roz\u00e1s\u00e1nak kidolgoz\u00e1sa \u00e9s valid\u00e1l\u00e1sa v\u00e9r, sz\u00f6vet \u00e9s szennyv\u00edz mint\u00e1kb\u00f3l kinetikai, bioekvivalecia, szermaradv\u00e1ny, valamint szennyv\u00edtiszt\u00edt\u00e1si vizsg\u00e1latokhoz. Ezek mind alkalmazott kutat\u00e1si ter\u00fcletek.<\/p>","protected":false},"excerpt":{"rendered":"<p>K\u00fcl\u00f6nb\u00f6z\u0151 gy\u00f3gyszer hat\u00f3anyagok UPLC-s m\u00f3dszerrel MS\/MS vagy UV detekt\u00e1l\u00e1ssal t\u00f6rt\u00e9n\u0151 meghat\u00e1roz\u00e1s\u00e1nak kidolgoz\u00e1sa \u00e9s valid\u00e1l\u00e1sa v\u00e9r, sz\u00f6vet \u00e9s szennyv\u00edz mint\u00e1kb\u00f3l kinetikai, bioekvivalecia, szermaradv\u00e1ny, valamint szennyv\u00edtiszt\u00edt\u00e1si vizsg\u00e1latokhoz. Ezek mind alkalmazott kutat\u00e1si ter\u00fcletek.<\/p>\n","protected":false},"author":6022,"featured_media":0,"parent":874,"menu_order":0,"comment_status":"open","ping_status":"open","template":"","meta":{"_acf_changed":false,"footnotes":""},"categories":[],"tags":[],"class_list":["post-85556","page","type-page","status-publish","hentry"],"acf":[],"_links":{"self":[{"href":"https:\/\/univet.hu\/hu\/wp-json\/wp\/v2\/pages\/85556","targetHints":{"allow":["GET"]}}],"collection":[{"href":"https:\/\/univet.hu\/hu\/wp-json\/wp\/v2\/pages"}],"about":[{"href":"https:\/\/univet.hu\/hu\/wp-json\/wp\/v2\/types\/page"}],"author":[{"embeddable":true,"href":"https:\/\/univet.hu\/hu\/wp-json\/wp\/v2\/users\/6022"}],"replies":[{"embeddable":true,"href":"https:\/\/univet.hu\/hu\/wp-json\/wp\/v2\/comments?post=85556"}],"version-history":[{"count":0,"href":"https:\/\/univet.hu\/hu\/wp-json\/wp\/v2\/pages\/85556\/revisions"}],"up":[{"embeddable":true,"href":"https:\/\/univet.hu\/hu\/wp-json\/wp\/v2\/pages\/874"}],"wp:attachment":[{"href":"https:\/\/univet.hu\/hu\/wp-json\/wp\/v2\/media?parent=85556"}],"wp:term":[{"taxonomy":"category","embeddable":true,"href":"https:\/\/univet.hu\/hu\/wp-json\/wp\/v2\/categories?post=85556"},{"taxonomy":"post_tag","embeddable":true,"href":"https:\/\/univet.hu\/hu\/wp-json\/wp\/v2\/tags?post=85556"}],"curies":[{"name":"wp","href":"https:\/\/api.w.org\/{rel}","templated":true}]}}