{"id":85560,"date":"2023-04-22T18:59:10","date_gmt":"2023-04-22T16:59:10","guid":{"rendered":"https:\/\/univet.hu\/hu\/kutatas\/temak\/new-research-page-2\/"},"modified":"2023-04-22T18:59:10","modified_gmt":"2023-04-22T16:59:10","slug":"kulonbozo-biocid-hatoanyagokat-tartalmazo-kompozit-falfestek-jeloltek-vizsgalata","status":"publish","type":"page","link":"https:\/\/univet.hu\/hu\/kutatas\/temak\/kulonbozo-biocid-hatoanyagokat-tartalmazo-kompozit-falfestek-jeloltek-vizsgalata\/","title":{"rendered":"K\u00fcl\u00f6nb\u00f6z\u0151 biocid hat\u00f3anyagokat tartalmaz\u00f3 kompozit falfest\u00e9k-jel\u00f6ltek vizsg\u00e1lata"},"content":{"rendered":"<p>A kutat\u00f3csoport a haszon\u00e1llatok tart\u00e1s\u00e1ra szolg\u00e1l\u00f3 \u00e9p\u00fcletek \u00e9s berendez\u00e9sek fel\u00fcleteinek fert\u0151tlen\u00edt\u00e9s\u00e9re szolg\u00e1l\u00f3, 3-as term\u00e9kt\u00edpusba tartoz\u00f3 biocid hat\u00f3anyagok hat\u00e9konys\u00e1g\u00e1t \u00e9s alkalmazhat\u00f3s\u00e1g\u00e1t vizsg\u00e1lja in vitro k\u00f6r\u00fclm\u00e9nyek k\u00f6z\u00f6tt.<\/p>","protected":false},"excerpt":{"rendered":"<p>A kutat\u00f3csoport a haszon\u00e1llatok tart\u00e1s\u00e1ra szolg\u00e1l\u00f3 \u00e9p\u00fcletek \u00e9s berendez\u00e9sek fel\u00fcleteinek fert\u0151tlen\u00edt\u00e9s\u00e9re szolg\u00e1l\u00f3, 3-as term\u00e9kt\u00edpusba tartoz\u00f3 biocid hat\u00f3anyagok hat\u00e9konys\u00e1g\u00e1t \u00e9s alkalmazhat\u00f3s\u00e1g\u00e1t vizsg\u00e1lja in vitro k\u00f6r\u00fclm\u00e9nyek k\u00f6z\u00f6tt.<\/p>\n","protected":false},"author":6022,"featured_media":0,"parent":874,"menu_order":0,"comment_status":"open","ping_status":"open","template":"","meta":{"_acf_changed":false,"footnotes":""},"categories":[],"tags":[],"class_list":["post-85560","page","type-page","status-publish","hentry"],"acf":[],"_links":{"self":[{"href":"https:\/\/univet.hu\/hu\/wp-json\/wp\/v2\/pages\/85560","targetHints":{"allow":["GET"]}}],"collection":[{"href":"https:\/\/univet.hu\/hu\/wp-json\/wp\/v2\/pages"}],"about":[{"href":"https:\/\/univet.hu\/hu\/wp-json\/wp\/v2\/types\/page"}],"author":[{"embeddable":true,"href":"https:\/\/univet.hu\/hu\/wp-json\/wp\/v2\/users\/6022"}],"replies":[{"embeddable":true,"href":"https:\/\/univet.hu\/hu\/wp-json\/wp\/v2\/comments?post=85560"}],"version-history":[{"count":0,"href":"https:\/\/univet.hu\/hu\/wp-json\/wp\/v2\/pages\/85560\/revisions"}],"up":[{"embeddable":true,"href":"https:\/\/univet.hu\/hu\/wp-json\/wp\/v2\/pages\/874"}],"wp:attachment":[{"href":"https:\/\/univet.hu\/hu\/wp-json\/wp\/v2\/media?parent=85560"}],"wp:term":[{"taxonomy":"category","embeddable":true,"href":"https:\/\/univet.hu\/hu\/wp-json\/wp\/v2\/categories?post=85560"},{"taxonomy":"post_tag","embeddable":true,"href":"https:\/\/univet.hu\/hu\/wp-json\/wp\/v2\/tags?post=85560"}],"curies":[{"name":"wp","href":"https:\/\/api.w.org\/{rel}","templated":true}]}}