{"id":85564,"date":"2023-04-22T19:01:52","date_gmt":"2023-04-22T17:01:52","guid":{"rendered":"https:\/\/univet.hu\/hu\/kutatas\/temak\/new-research-page-2\/"},"modified":"2023-04-22T19:01:52","modified_gmt":"2023-04-22T17:01:52","slug":"probiotikumok-hatasanak-vizsgalata-in-vitro-sertes-belhamsejt-tenyeszeten","status":"publish","type":"page","link":"https:\/\/univet.hu\/hu\/kutatas\/temak\/probiotikumok-hatasanak-vizsgalata-in-vitro-sertes-belhamsejt-tenyeszeten\/","title":{"rendered":"Probiotikumok hat\u00e1s\u00e1nak vizsg\u00e1lata in vitro sert\u00e9s b\u00e9lh\u00e1msejt teny\u00e9szeten"},"content":{"rendered":"<p>K\u00fcl\u00f6nb\u00f6z\u0151 probiotikumok szerep\u00e9t vizsg\u00e1lja a sert\u00e9sek eg\u00e9szs\u00e9ges em\u00e9szt\u0151rendszer\u00e9nek meg\u0151rz\u00e9s\u00e9ben, valamint E. coli \u00e9s Salmonella t\u00f6rzsek \u00e1ltal kiv\u00e1ltott gyullad\u00e1sos folyamatok kezel\u00e9s\u00e9ben in vitro m\u00f3dszerekkel. Vizsg\u00e1lja a probiotikumok hat\u00e1s\u00e1t egyes gyullad\u00e1sos citokinek termel\u00e9s\u00e9re, a paracellul\u00e1ris permeabilit\u00e1sra, az intracellul\u00e1ris reakt\u00edv oxig\u00e9nsz\u00e1rmaz\u00e9kok termel\u00e9s\u00e9re valamint korokoz\u00f3 bakt\u00e9riumok (E. coli, Salmonella) b\u00e9lh\u00e1msejtekhez t\u00f6rt\u00e9n\u0151 tapad\u00e1s\u00e1nak g\u00e1tl\u00e1s\u00e1ra.<\/p>","protected":false},"excerpt":{"rendered":"<p>K\u00fcl\u00f6nb\u00f6z\u0151 probiotikumok szerep\u00e9t vizsg\u00e1lja a sert\u00e9sek eg\u00e9szs\u00e9ges em\u00e9szt\u0151rendszer\u00e9nek meg\u0151rz\u00e9s\u00e9ben, valamint E. coli \u00e9s Salmonella t\u00f6rzsek \u00e1ltal kiv\u00e1ltott gyullad\u00e1sos folyamatok kezel\u00e9s\u00e9ben in vitro m\u00f3dszerekkel. Vizsg\u00e1lja a probiotikumok hat\u00e1s\u00e1t egyes gyullad\u00e1sos citokinek termel\u00e9s\u00e9re, a paracellul\u00e1ris permeabilit\u00e1sra, az intracellul\u00e1ris reakt\u00edv oxig\u00e9nsz\u00e1rmaz\u00e9kok termel\u00e9s\u00e9re valamint korokoz\u00f3 bakt\u00e9riumok (E. coli, Salmonella) b\u00e9lh\u00e1msejtekhez t\u00f6rt\u00e9n\u0151 tapad\u00e1s\u00e1nak g\u00e1tl\u00e1s\u00e1ra.<\/p>\n","protected":false},"author":6022,"featured_media":0,"parent":874,"menu_order":0,"comment_status":"open","ping_status":"open","template":"","meta":{"_acf_changed":false,"footnotes":""},"categories":[],"tags":[],"class_list":["post-85564","page","type-page","status-publish","hentry"],"acf":[],"_links":{"self":[{"href":"https:\/\/univet.hu\/hu\/wp-json\/wp\/v2\/pages\/85564","targetHints":{"allow":["GET"]}}],"collection":[{"href":"https:\/\/univet.hu\/hu\/wp-json\/wp\/v2\/pages"}],"about":[{"href":"https:\/\/univet.hu\/hu\/wp-json\/wp\/v2\/types\/page"}],"author":[{"embeddable":true,"href":"https:\/\/univet.hu\/hu\/wp-json\/wp\/v2\/users\/6022"}],"replies":[{"embeddable":true,"href":"https:\/\/univet.hu\/hu\/wp-json\/wp\/v2\/comments?post=85564"}],"version-history":[{"count":0,"href":"https:\/\/univet.hu\/hu\/wp-json\/wp\/v2\/pages\/85564\/revisions"}],"up":[{"embeddable":true,"href":"https:\/\/univet.hu\/hu\/wp-json\/wp\/v2\/pages\/874"}],"wp:attachment":[{"href":"https:\/\/univet.hu\/hu\/wp-json\/wp\/v2\/media?parent=85564"}],"wp:term":[{"taxonomy":"category","embeddable":true,"href":"https:\/\/univet.hu\/hu\/wp-json\/wp\/v2\/categories?post=85564"},{"taxonomy":"post_tag","embeddable":true,"href":"https:\/\/univet.hu\/hu\/wp-json\/wp\/v2\/tags?post=85564"}],"curies":[{"name":"wp","href":"https:\/\/api.w.org\/{rel}","templated":true}]}}