{"id":85568,"date":"2023-04-22T19:05:39","date_gmt":"2023-04-22T17:05:39","guid":{"rendered":"https:\/\/univet.hu\/hu\/kutatas\/temak\/new-research-page-2\/"},"modified":"2023-04-22T19:05:39","modified_gmt":"2023-04-22T17:05:39","slug":"in-vitro-modellek-hasznalata-jotekony-hatasu-anyagok-tesztelesere","status":"publish","type":"page","link":"https:\/\/univet.hu\/hu\/kutatas\/temak\/in-vitro-modellek-hasznalata-jotekony-hatasu-anyagok-tesztelesere\/","title":{"rendered":"In vitro modellek haszn\u00e1lata j\u00f3t\u00e9kony hat\u00e1s\u00fa anyagok tesztel\u00e9s\u00e9re"},"content":{"rendered":"<p><span data-contrast=\"auto\">Kutat\u00e1si ter\u00fcleteimhez tartozik az <\/span><i><span data-contrast=\"auto\">in vitro<\/span><\/i><span data-contrast=\"auto\"> rendszerekben k\u00fcl\u00f6nb\u00f6z\u0151 j\u00f3t\u00e9kony hat\u00e1s\u00fa anyagok tesztel\u00e9se t\u00f6bbf\u00e9le sejtt\u00edpuson, melyek sor\u00e1n antioxid\u00e1ns, gyullad\u00e1scs\u00f6kkent\u0151 \u00e9s barriert v\u00e9d\u0151 hat\u00e1sokat vizsg\u00e1lunk.\u00a0<\/span><span data-ccp-props=\"{&quot;201341983&quot;:0,&quot;335559739&quot;:160,&quot;335559740&quot;:259}\">\u00a0<\/span><\/p> <p><span data-contrast=\"auto\">Tov\u00e1bb\u00e1 k\u00fcl\u00f6nb\u00f6z\u0151 diagnosztikai vagy kezel\u00e9si protokollok sikeress\u00e9g\u00e9nek felm\u00e9r\u00e9s\u00e9ben is r\u00e9szt veszek.\u00a0\u00a0<\/span><span data-ccp-props=\"{&quot;201341983&quot;:0,&quot;335559739&quot;:160,&quot;335559740&quot;:259}\">\u00a0<\/span><\/p>","protected":false},"excerpt":{"rendered":"<p>Kutat\u00e1si ter\u00fcleteimhez tartozik az in vitro rendszerekben k\u00fcl\u00f6nb\u00f6z\u0151 j\u00f3t\u00e9kony hat\u00e1s\u00fa anyagok tesztel\u00e9se t\u00f6bbf\u00e9le sejtt\u00edpuson, melyek sor\u00e1n antioxid\u00e1ns, gyullad\u00e1scs\u00f6kkent\u0151 \u00e9s barriert v\u00e9d\u0151 hat\u00e1sokat vizsg\u00e1lunk.\u00a0\u00a0 Tov\u00e1bb\u00e1 k\u00fcl\u00f6nb\u00f6z\u0151 diagnosztikai vagy kezel\u00e9si protokollok sikeress\u00e9g\u00e9nek felm\u00e9r\u00e9s\u00e9ben is r\u00e9szt veszek.\u00a0\u00a0\u00a0<\/p>\n","protected":false},"author":6022,"featured_media":0,"parent":874,"menu_order":0,"comment_status":"open","ping_status":"open","template":"","meta":{"_acf_changed":false,"footnotes":""},"categories":[],"tags":[],"class_list":["post-85568","page","type-page","status-publish","hentry"],"acf":[],"_links":{"self":[{"href":"https:\/\/univet.hu\/hu\/wp-json\/wp\/v2\/pages\/85568","targetHints":{"allow":["GET"]}}],"collection":[{"href":"https:\/\/univet.hu\/hu\/wp-json\/wp\/v2\/pages"}],"about":[{"href":"https:\/\/univet.hu\/hu\/wp-json\/wp\/v2\/types\/page"}],"author":[{"embeddable":true,"href":"https:\/\/univet.hu\/hu\/wp-json\/wp\/v2\/users\/6022"}],"replies":[{"embeddable":true,"href":"https:\/\/univet.hu\/hu\/wp-json\/wp\/v2\/comments?post=85568"}],"version-history":[{"count":0,"href":"https:\/\/univet.hu\/hu\/wp-json\/wp\/v2\/pages\/85568\/revisions"}],"up":[{"embeddable":true,"href":"https:\/\/univet.hu\/hu\/wp-json\/wp\/v2\/pages\/874"}],"wp:attachment":[{"href":"https:\/\/univet.hu\/hu\/wp-json\/wp\/v2\/media?parent=85568"}],"wp:term":[{"taxonomy":"category","embeddable":true,"href":"https:\/\/univet.hu\/hu\/wp-json\/wp\/v2\/categories?post=85568"},{"taxonomy":"post_tag","embeddable":true,"href":"https:\/\/univet.hu\/hu\/wp-json\/wp\/v2\/tags?post=85568"}],"curies":[{"name":"wp","href":"https:\/\/api.w.org\/{rel}","templated":true}]}}