{"id":85572,"date":"2023-04-22T19:10:05","date_gmt":"2023-04-22T17:10:05","guid":{"rendered":"https:\/\/univet.hu\/hu\/kutatas\/temak\/new-research-page-2\/"},"modified":"2023-04-22T19:19:44","modified_gmt":"2023-04-22T17:19:44","slug":"xenobiotikumok-in-vitro-farmakotoxikologiai-vizsgalata","status":"publish","type":"page","link":"https:\/\/univet.hu\/hu\/kutatas\/temak\/xenobiotikumok-in-vitro-farmakotoxikologiai-vizsgalata\/","title":{"rendered":"Xenobiotikumok in vitro farmakotoxikol\u00f3giai vizsg\u00e1lata"},"content":{"rendered":"<p>Kutat\u00e1si munk\u00e1nkban \u00e1llatgy\u00f3gy\u00e1szatban alkalmazhat\u00f3 antioxid\u00e1nsok \u00e9s peptidomimetikumok\u00a0<i>in vitro<\/i>\u00a0farmakol\u00f3giai \u00e9s toxikol\u00f3giai vizsg\u00e1lat\u00e1t v\u00e9gezz\u00fck 2D \u00e9s 3D modellrendszerekben.<\/p>","protected":false},"excerpt":{"rendered":"<p>Kutat\u00e1si munk\u00e1nkban \u00e1llatgy\u00f3gy\u00e1szatban alkalmazhat\u00f3 antioxid\u00e1nsok \u00e9s peptidomimetikumok\u00a0in vitro\u00a0farmakol\u00f3giai \u00e9s toxikol\u00f3giai vizsg\u00e1lat\u00e1t v\u00e9gezz\u00fck 2D \u00e9s 3D modellrendszerekben.<\/p>\n","protected":false},"author":6022,"featured_media":0,"parent":874,"menu_order":0,"comment_status":"open","ping_status":"open","template":"","meta":{"_acf_changed":false,"footnotes":""},"categories":[],"tags":[],"class_list":["post-85572","page","type-page","status-publish","hentry"],"acf":[],"_links":{"self":[{"href":"https:\/\/univet.hu\/hu\/wp-json\/wp\/v2\/pages\/85572","targetHints":{"allow":["GET"]}}],"collection":[{"href":"https:\/\/univet.hu\/hu\/wp-json\/wp\/v2\/pages"}],"about":[{"href":"https:\/\/univet.hu\/hu\/wp-json\/wp\/v2\/types\/page"}],"author":[{"embeddable":true,"href":"https:\/\/univet.hu\/hu\/wp-json\/wp\/v2\/users\/6022"}],"replies":[{"embeddable":true,"href":"https:\/\/univet.hu\/hu\/wp-json\/wp\/v2\/comments?post=85572"}],"version-history":[{"count":0,"href":"https:\/\/univet.hu\/hu\/wp-json\/wp\/v2\/pages\/85572\/revisions"}],"up":[{"embeddable":true,"href":"https:\/\/univet.hu\/hu\/wp-json\/wp\/v2\/pages\/874"}],"wp:attachment":[{"href":"https:\/\/univet.hu\/hu\/wp-json\/wp\/v2\/media?parent=85572"}],"wp:term":[{"taxonomy":"category","embeddable":true,"href":"https:\/\/univet.hu\/hu\/wp-json\/wp\/v2\/categories?post=85572"},{"taxonomy":"post_tag","embeddable":true,"href":"https:\/\/univet.hu\/hu\/wp-json\/wp\/v2\/tags?post=85572"}],"curies":[{"name":"wp","href":"https:\/\/api.w.org\/{rel}","templated":true}]}}