{"id":85576,"date":"2023-04-22T19:13:10","date_gmt":"2023-04-22T17:13:10","guid":{"rendered":"https:\/\/univet.hu\/hu\/kutatas\/temak\/new-research-page-2\/"},"modified":"2023-04-22T19:13:10","modified_gmt":"2023-04-22T17:13:10","slug":"mikotoxinok-es-hatoanyagok-gyogyszerinterakciojanak-tanulmanyozasa","status":"publish","type":"page","link":"https:\/\/univet.hu\/hu\/kutatas\/temak\/mikotoxinok-es-hatoanyagok-gyogyszerinterakciojanak-tanulmanyozasa\/","title":{"rendered":"Mikotoxinok \u00e9s hat\u00f3anyagok gy\u00f3gyszerinterakci\u00f3j\u00e1nak tanulm\u00e1nyoz\u00e1sa"},"content":{"rendered":"<p>Kutat\u00e1sunk sor\u00e1n egyes xenobiotikumok (mikotoxinok, gy\u00f3gyszervegy\u00fcletek) gy\u00f3gyszerinterakci\u00f3s potenci\u00e1lj\u00e1nak felt\u00e9rk\u00e9pez\u00e9s\u00e9t v\u00e9gezz\u00fck enzimkinetikai vizsg\u00e1latokkal, mikrosz\u00f3ma- \u00e9s sejtalap\u00fa citokr\u00f3m P450 enzim alap\u00fa m\u00e9r\u00e9sekkel.<\/p> <p>&nbsp;<\/p>","protected":false},"excerpt":{"rendered":"<p>Kutat\u00e1sunk sor\u00e1n egyes xenobiotikumok (mikotoxinok, gy\u00f3gyszervegy\u00fcletek) gy\u00f3gyszerinterakci\u00f3s potenci\u00e1lj\u00e1nak felt\u00e9rk\u00e9pez\u00e9s\u00e9t v\u00e9gezz\u00fck enzimkinetikai vizsg\u00e1latokkal, mikrosz\u00f3ma- \u00e9s sejtalap\u00fa citokr\u00f3m P450 enzim alap\u00fa m\u00e9r\u00e9sekkel. &nbsp;<\/p>\n","protected":false},"author":6022,"featured_media":0,"parent":874,"menu_order":0,"comment_status":"open","ping_status":"open","template":"","meta":{"_acf_changed":false,"footnotes":""},"categories":[],"tags":[],"class_list":["post-85576","page","type-page","status-publish","hentry"],"acf":[],"_links":{"self":[{"href":"https:\/\/univet.hu\/hu\/wp-json\/wp\/v2\/pages\/85576","targetHints":{"allow":["GET"]}}],"collection":[{"href":"https:\/\/univet.hu\/hu\/wp-json\/wp\/v2\/pages"}],"about":[{"href":"https:\/\/univet.hu\/hu\/wp-json\/wp\/v2\/types\/page"}],"author":[{"embeddable":true,"href":"https:\/\/univet.hu\/hu\/wp-json\/wp\/v2\/users\/6022"}],"replies":[{"embeddable":true,"href":"https:\/\/univet.hu\/hu\/wp-json\/wp\/v2\/comments?post=85576"}],"version-history":[{"count":0,"href":"https:\/\/univet.hu\/hu\/wp-json\/wp\/v2\/pages\/85576\/revisions"}],"up":[{"embeddable":true,"href":"https:\/\/univet.hu\/hu\/wp-json\/wp\/v2\/pages\/874"}],"wp:attachment":[{"href":"https:\/\/univet.hu\/hu\/wp-json\/wp\/v2\/media?parent=85576"}],"wp:term":[{"taxonomy":"category","embeddable":true,"href":"https:\/\/univet.hu\/hu\/wp-json\/wp\/v2\/categories?post=85576"},{"taxonomy":"post_tag","embeddable":true,"href":"https:\/\/univet.hu\/hu\/wp-json\/wp\/v2\/tags?post=85576"}],"curies":[{"name":"wp","href":"https:\/\/api.w.org\/{rel}","templated":true}]}}