{"id":85583,"date":"2023-04-22T19:27:14","date_gmt":"2023-04-22T17:27:14","guid":{"rendered":"https:\/\/univet.hu\/hu\/kutatas\/temak\/new-research-page-2\/"},"modified":"2023-04-22T19:27:14","modified_gmt":"2023-04-22T17:27:14","slug":"in-vitro-modell-kutyak-idult-belbetegsegeinek-tanulmanyozasara","status":"publish","type":"page","link":"https:\/\/univet.hu\/hu\/kutatas\/temak\/in-vitro-modell-kutyak-idult-belbetegsegeinek-tanulmanyozasara\/","title":{"rendered":"In vitro modell kuty\u00e1k id\u00fclt b\u00e9lbetegs\u00e9geinek tanulm\u00e1nyoz\u00e1s\u00e1ra"},"content":{"rendered":"<p>Egy in vitro modell kialak\u00edt\u00e1s\u00e1ra t\u00f6reksz\u00fcnk a kuty\u00e1k kr\u00f3nikus b\u00e9lbetegs\u00e9geinek tanulm\u00e1nyoz\u00e1s\u00e1hoz \u00e9s olyan alternat\u00edv gy\u00f3gym\u00f3dok felkutat\u00e1s\u00e1ra, amik hozz\u00e1j\u00e1rulhatnak a gyullad\u00e1sos b\u00e9lbetegs\u00e9gekben szenved\u0151 kuty\u00e1k t\u00fcneteinek m\u00e9rs\u00e9kl\u00e9s\u00e9hez, illetve \u00e9letmin\u0151s\u00e9g\u00fcknek jav\u00edt\u00e1s\u00e1hoz.<\/p>","protected":false},"excerpt":{"rendered":"<p>Egy in vitro modell kialak\u00edt\u00e1s\u00e1ra t\u00f6reksz\u00fcnk a kuty\u00e1k kr\u00f3nikus b\u00e9lbetegs\u00e9geinek tanulm\u00e1nyoz\u00e1s\u00e1hoz \u00e9s olyan alternat\u00edv gy\u00f3gym\u00f3dok felkutat\u00e1s\u00e1ra, amik hozz\u00e1j\u00e1rulhatnak a gyullad\u00e1sos b\u00e9lbetegs\u00e9gekben szenved\u0151 kuty\u00e1k t\u00fcneteinek m\u00e9rs\u00e9kl\u00e9s\u00e9hez, illetve \u00e9letmin\u0151s\u00e9g\u00fcknek jav\u00edt\u00e1s\u00e1hoz.<\/p>\n","protected":false},"author":6022,"featured_media":0,"parent":874,"menu_order":0,"comment_status":"open","ping_status":"open","template":"","meta":{"_acf_changed":false,"footnotes":""},"categories":[],"tags":[],"class_list":["post-85583","page","type-page","status-publish","hentry"],"acf":[],"_links":{"self":[{"href":"https:\/\/univet.hu\/hu\/wp-json\/wp\/v2\/pages\/85583","targetHints":{"allow":["GET"]}}],"collection":[{"href":"https:\/\/univet.hu\/hu\/wp-json\/wp\/v2\/pages"}],"about":[{"href":"https:\/\/univet.hu\/hu\/wp-json\/wp\/v2\/types\/page"}],"author":[{"embeddable":true,"href":"https:\/\/univet.hu\/hu\/wp-json\/wp\/v2\/users\/6022"}],"replies":[{"embeddable":true,"href":"https:\/\/univet.hu\/hu\/wp-json\/wp\/v2\/comments?post=85583"}],"version-history":[{"count":0,"href":"https:\/\/univet.hu\/hu\/wp-json\/wp\/v2\/pages\/85583\/revisions"}],"up":[{"embeddable":true,"href":"https:\/\/univet.hu\/hu\/wp-json\/wp\/v2\/pages\/874"}],"wp:attachment":[{"href":"https:\/\/univet.hu\/hu\/wp-json\/wp\/v2\/media?parent=85583"}],"wp:term":[{"taxonomy":"category","embeddable":true,"href":"https:\/\/univet.hu\/hu\/wp-json\/wp\/v2\/categories?post=85583"},{"taxonomy":"post_tag","embeddable":true,"href":"https:\/\/univet.hu\/hu\/wp-json\/wp\/v2\/tags?post=85583"}],"curies":[{"name":"wp","href":"https:\/\/api.w.org\/{rel}","templated":true}]}}