{"id":85587,"date":"2023-04-22T19:31:15","date_gmt":"2023-04-22T17:31:15","guid":{"rendered":"https:\/\/univet.hu\/hu\/kutatas\/temak\/new-research-page-2\/"},"modified":"2023-04-22T19:31:15","modified_gmt":"2023-04-22T17:31:15","slug":"pk-pd-analizis-kutyak-boralatti-kotoszoveteben","status":"publish","type":"page","link":"https:\/\/univet.hu\/hu\/kutatas\/temak\/pk-pd-analizis-kutyak-boralatti-kotoszoveteben\/","title":{"rendered":"PK\/PD anal\u00edzis kuty\u00e1k b\u0151ralatti k\u00f6t\u0151sz\u00f6vet\u00e9ben"},"content":{"rendered":"<p>Kutat\u00e1si t\u00e9m\u00e1m a k\u00fcl\u00f6nb\u00f6z\u0151 antimikrobi\u00e1lis hat\u00f3anyagok farmakokinetikai tulajdons\u00e1gainak a vizsg\u00e1lata eg\u00e9szs\u00e9ges kuty\u00e1k b\u0151ralatti k\u00f6t\u0151sz\u00f6vet\u00e9ben \u00e9s ezen tulajdons\u00e1gok \u00f6sszevet\u00e9se a bakteri\u00e1lis b\u0151rgyullad\u00e1st okoz\u00f3 bakt\u00e9riumok \u00e9rz\u00e9kenys\u00e9g\u00e9vel, a farmakokinetikai \u00e9s farmakodin\u00e1miai (PK\/PD) anal\u00edzis elv\u00e9gz\u00e9se.<\/p>","protected":false},"excerpt":{"rendered":"<p>Kutat\u00e1si t\u00e9m\u00e1m a k\u00fcl\u00f6nb\u00f6z\u0151 antimikrobi\u00e1lis hat\u00f3anyagok farmakokinetikai tulajdons\u00e1gainak a vizsg\u00e1lata eg\u00e9szs\u00e9ges kuty\u00e1k b\u0151ralatti k\u00f6t\u0151sz\u00f6vet\u00e9ben \u00e9s ezen tulajdons\u00e1gok \u00f6sszevet\u00e9se a bakteri\u00e1lis b\u0151rgyullad\u00e1st okoz\u00f3 bakt\u00e9riumok \u00e9rz\u00e9kenys\u00e9g\u00e9vel, a farmakokinetikai \u00e9s farmakodin\u00e1miai (PK\/PD) anal\u00edzis elv\u00e9gz\u00e9se.<\/p>\n","protected":false},"author":6022,"featured_media":0,"parent":874,"menu_order":0,"comment_status":"open","ping_status":"open","template":"","meta":{"_acf_changed":false,"footnotes":""},"categories":[],"tags":[],"class_list":["post-85587","page","type-page","status-publish","hentry"],"acf":[],"_links":{"self":[{"href":"https:\/\/univet.hu\/hu\/wp-json\/wp\/v2\/pages\/85587","targetHints":{"allow":["GET"]}}],"collection":[{"href":"https:\/\/univet.hu\/hu\/wp-json\/wp\/v2\/pages"}],"about":[{"href":"https:\/\/univet.hu\/hu\/wp-json\/wp\/v2\/types\/page"}],"author":[{"embeddable":true,"href":"https:\/\/univet.hu\/hu\/wp-json\/wp\/v2\/users\/6022"}],"replies":[{"embeddable":true,"href":"https:\/\/univet.hu\/hu\/wp-json\/wp\/v2\/comments?post=85587"}],"version-history":[{"count":0,"href":"https:\/\/univet.hu\/hu\/wp-json\/wp\/v2\/pages\/85587\/revisions"}],"up":[{"embeddable":true,"href":"https:\/\/univet.hu\/hu\/wp-json\/wp\/v2\/pages\/874"}],"wp:attachment":[{"href":"https:\/\/univet.hu\/hu\/wp-json\/wp\/v2\/media?parent=85587"}],"wp:term":[{"taxonomy":"category","embeddable":true,"href":"https:\/\/univet.hu\/hu\/wp-json\/wp\/v2\/categories?post=85587"},{"taxonomy":"post_tag","embeddable":true,"href":"https:\/\/univet.hu\/hu\/wp-json\/wp\/v2\/tags?post=85587"}],"curies":[{"name":"wp","href":"https:\/\/api.w.org\/{rel}","templated":true}]}}