{"id":85591,"date":"2023-04-24T08:16:03","date_gmt":"2023-04-24T06:16:03","guid":{"rendered":"https:\/\/univet.hu\/hu\/kutatas\/temak\/new-research-page-2\/"},"modified":"2023-04-24T08:29:26","modified_gmt":"2023-04-24T06:29:26","slug":"metagenomikai-vizsgalatok","status":"publish","type":"page","link":"https:\/\/univet.hu\/hu\/kutatas\/temak\/metagenomikai-vizsgalatok\/","title":{"rendered":"Metagenomikai vizsg\u00e1latok"},"content":{"rendered":"<p>V\u00edrusok \u00e9s mikroorganizmusok k\u00f6z\u00f6ss\u00e9geinek jobb megismer\u00e9s\u00e9re ir\u00e1nyul\u00f3 felm\u00e9r\u0151 vizsg\u00e1latok eg\u00e9szs\u00e9ges \u00e9s beteg gazdas\u00e1gi haszon\u00e1llatokban \u00e9s t\u00e1rs\u00e1llatokban.<\/p>","protected":false},"excerpt":{"rendered":"<p>V\u00edrusok \u00e9s mikroorganizmusok k\u00f6z\u00f6ss\u00e9geinek jobb megismer\u00e9s\u00e9re ir\u00e1nyul\u00f3 felm\u00e9r\u0151 vizsg\u00e1latok eg\u00e9szs\u00e9ges \u00e9s beteg gazdas\u00e1gi haszon\u00e1llatokban \u00e9s t\u00e1rs\u00e1llatokban.<\/p>\n","protected":false},"author":6022,"featured_media":0,"parent":874,"menu_order":0,"comment_status":"open","ping_status":"open","template":"","meta":{"_acf_changed":false,"footnotes":""},"categories":[],"tags":[],"class_list":["post-85591","page","type-page","status-publish","hentry"],"acf":[],"_links":{"self":[{"href":"https:\/\/univet.hu\/hu\/wp-json\/wp\/v2\/pages\/85591","targetHints":{"allow":["GET"]}}],"collection":[{"href":"https:\/\/univet.hu\/hu\/wp-json\/wp\/v2\/pages"}],"about":[{"href":"https:\/\/univet.hu\/hu\/wp-json\/wp\/v2\/types\/page"}],"author":[{"embeddable":true,"href":"https:\/\/univet.hu\/hu\/wp-json\/wp\/v2\/users\/6022"}],"replies":[{"embeddable":true,"href":"https:\/\/univet.hu\/hu\/wp-json\/wp\/v2\/comments?post=85591"}],"version-history":[{"count":0,"href":"https:\/\/univet.hu\/hu\/wp-json\/wp\/v2\/pages\/85591\/revisions"}],"up":[{"embeddable":true,"href":"https:\/\/univet.hu\/hu\/wp-json\/wp\/v2\/pages\/874"}],"wp:attachment":[{"href":"https:\/\/univet.hu\/hu\/wp-json\/wp\/v2\/media?parent=85591"}],"wp:term":[{"taxonomy":"category","embeddable":true,"href":"https:\/\/univet.hu\/hu\/wp-json\/wp\/v2\/categories?post=85591"},{"taxonomy":"post_tag","embeddable":true,"href":"https:\/\/univet.hu\/hu\/wp-json\/wp\/v2\/tags?post=85591"}],"curies":[{"name":"wp","href":"https:\/\/api.w.org\/{rel}","templated":true}]}}