{"id":85609,"date":"2023-04-24T08:37:56","date_gmt":"2023-04-24T06:37:56","guid":{"rendered":"https:\/\/univet.hu\/hu\/kutatas\/temak\/new-research-page-2\/"},"modified":"2023-04-25T09:44:08","modified_gmt":"2023-04-25T07:44:08","slug":"pk-pd-analizis-az-allategeszsegugyben","status":"publish","type":"page","link":"https:\/\/univet.hu\/hu\/kutatas\/temak\/pk-pd-analizis-az-allategeszsegugyben\/","title":{"rendered":"PK\/PD anal\u00edzis az \u00e1llateg\u00e9szs\u00e9g\u00fcgyben"},"content":{"rendered":"<p>Haszon\u00e1llatokban, k\u00fcl\u00f6n\u00f6s tekintettel sert\u00e9sekben megbeteged\u00e9st okoz\u00f3 bakt\u00e9riumt\u00f6rzsek antibiotikum-\u00e9rz\u00e9kenys\u00e9g\u00e9nek fenot\u00edpusos vizsg\u00e1lata mikroh\u00edg\u00edt\u00e1sos m\u00f3dszerrel.<br \/> Nyulakb\u00f3l izol\u00e1lt bakt\u00e9riumt\u00f6rzsek antibiotikum-\u00e9rz\u00e9kenys\u00e9g\u00e9nek fenot\u00edpusos vizsg\u00e1lata mikroh\u00edg\u00edt\u00e1sos m\u00f3dszerrel.<\/p>","protected":false},"excerpt":{"rendered":"<p>Haszon\u00e1llatokban, k\u00fcl\u00f6n\u00f6s tekintettel sert\u00e9sekben megbeteged\u00e9st okoz\u00f3 bakt\u00e9riumt\u00f6rzsek antibiotikum-\u00e9rz\u00e9kenys\u00e9g\u00e9nek fenot\u00edpusos vizsg\u00e1lata mikroh\u00edg\u00edt\u00e1sos m\u00f3dszerrel. Nyulakb\u00f3l izol\u00e1lt bakt\u00e9riumt\u00f6rzsek antibiotikum-\u00e9rz\u00e9kenys\u00e9g\u00e9nek fenot\u00edpusos vizsg\u00e1lata mikroh\u00edg\u00edt\u00e1sos m\u00f3dszerrel.<\/p>\n","protected":false},"author":6022,"featured_media":0,"parent":874,"menu_order":0,"comment_status":"open","ping_status":"open","template":"","meta":{"_acf_changed":false,"footnotes":""},"categories":[],"tags":[],"class_list":["post-85609","page","type-page","status-publish","hentry"],"acf":[],"_links":{"self":[{"href":"https:\/\/univet.hu\/hu\/wp-json\/wp\/v2\/pages\/85609","targetHints":{"allow":["GET"]}}],"collection":[{"href":"https:\/\/univet.hu\/hu\/wp-json\/wp\/v2\/pages"}],"about":[{"href":"https:\/\/univet.hu\/hu\/wp-json\/wp\/v2\/types\/page"}],"author":[{"embeddable":true,"href":"https:\/\/univet.hu\/hu\/wp-json\/wp\/v2\/users\/6022"}],"replies":[{"embeddable":true,"href":"https:\/\/univet.hu\/hu\/wp-json\/wp\/v2\/comments?post=85609"}],"version-history":[{"count":0,"href":"https:\/\/univet.hu\/hu\/wp-json\/wp\/v2\/pages\/85609\/revisions"}],"up":[{"embeddable":true,"href":"https:\/\/univet.hu\/hu\/wp-json\/wp\/v2\/pages\/874"}],"wp:attachment":[{"href":"https:\/\/univet.hu\/hu\/wp-json\/wp\/v2\/media?parent=85609"}],"wp:term":[{"taxonomy":"category","embeddable":true,"href":"https:\/\/univet.hu\/hu\/wp-json\/wp\/v2\/categories?post=85609"},{"taxonomy":"post_tag","embeddable":true,"href":"https:\/\/univet.hu\/hu\/wp-json\/wp\/v2\/tags?post=85609"}],"curies":[{"name":"wp","href":"https:\/\/api.w.org\/{rel}","templated":true}]}}