{"id":85618,"date":"2023-04-24T09:52:38","date_gmt":"2023-04-24T07:52:38","guid":{"rendered":"https:\/\/univet.hu\/hu\/kutatas\/temak\/new-research-page-2\/"},"modified":"2023-04-24T09:52:38","modified_gmt":"2023-04-24T07:52:38","slug":"a-krioprezervacio-hatasa-a-sertessperma-minosegere","status":"publish","type":"page","link":"https:\/\/univet.hu\/hu\/kutatas\/temak\/a-krioprezervacio-hatasa-a-sertessperma-minosegere\/","title":{"rendered":"A krioprezerv\u00e1ci\u00f3 hat\u00e1sa a sert\u00e9ssperma min\u0151s\u00e9g\u00e9re"},"content":{"rendered":"<p>A sert\u00e9s sperm\u00e1ja t\u00f6bb szempontb\u00f3l is k\u00fcl\u00f6nb\u00f6zik m\u00e1s h\u00e1zi\u00e1llatok sperm\u00e1j\u00e1t\u00f3l. Nagy mennyis\u00e9gben termel\u0151dik \u00e9s igen \u00e9rz\u00e9keny a hidegsokkra. Ezen \u00e9s m\u00e1s egyedi jellemz\u0151i k\u00fcl\u00f6n\u00f6s figyelmet ig\u00e9nyelnek a fagyaszt\u00e1si protokollok alkalmaz\u00e1sakor. Kutat\u00e1saink sor\u00e1n a fagyaszt\u00e1s okozta min\u0151s\u00e9gi \u00e9s motilit\u00e1sbeli v\u00e1ltoz\u00e1sokat vizsg\u00e1ljuk a fagyasztott majd felolvasztott sperm\u00e1n, melyek meghat\u00e1rozz\u00e1k a term\u00e9keny\u00edt\u0151k\u00e9pess\u00e9get. C\u00e9lunk, hogy \u00faj krioprotekt\u00e1ns anyagok haszn\u00e1lat\u00e1val jav\u00edtsuk a sert\u00e9s genetikai \u00e1llom\u00e1ny\u00e1nak meg\u0151rizhet\u0151s\u00e9g\u00e9t.<\/p>","protected":false},"excerpt":{"rendered":"<p>A sert\u00e9s sperm\u00e1ja t\u00f6bb szempontb\u00f3l is k\u00fcl\u00f6nb\u00f6zik m\u00e1s h\u00e1zi\u00e1llatok sperm\u00e1j\u00e1t\u00f3l. Nagy mennyis\u00e9gben termel\u0151dik \u00e9s igen \u00e9rz\u00e9keny a hidegsokkra. Ezen \u00e9s m\u00e1s egyedi jellemz\u0151i k\u00fcl\u00f6n\u00f6s figyelmet ig\u00e9nyelnek a fagyaszt\u00e1si protokollok alkalmaz\u00e1sakor. Kutat\u00e1saink sor\u00e1n a fagyaszt\u00e1s okozta min\u0151s\u00e9gi \u00e9s motilit\u00e1sbeli v\u00e1ltoz\u00e1sokat vizsg\u00e1ljuk a fagyasztott majd felolvasztott sperm\u00e1n, melyek meghat\u00e1rozz\u00e1k a term\u00e9keny\u00edt\u0151k\u00e9pess\u00e9get. C\u00e9lunk, hogy \u00faj krioprotekt\u00e1ns anyagok haszn\u00e1lat\u00e1val<\/p>\n","protected":false},"author":6022,"featured_media":0,"parent":874,"menu_order":0,"comment_status":"open","ping_status":"open","template":"","meta":{"_acf_changed":false,"footnotes":""},"categories":[],"tags":[],"class_list":["post-85618","page","type-page","status-publish","hentry"],"acf":[],"_links":{"self":[{"href":"https:\/\/univet.hu\/hu\/wp-json\/wp\/v2\/pages\/85618","targetHints":{"allow":["GET"]}}],"collection":[{"href":"https:\/\/univet.hu\/hu\/wp-json\/wp\/v2\/pages"}],"about":[{"href":"https:\/\/univet.hu\/hu\/wp-json\/wp\/v2\/types\/page"}],"author":[{"embeddable":true,"href":"https:\/\/univet.hu\/hu\/wp-json\/wp\/v2\/users\/6022"}],"replies":[{"embeddable":true,"href":"https:\/\/univet.hu\/hu\/wp-json\/wp\/v2\/comments?post=85618"}],"version-history":[{"count":0,"href":"https:\/\/univet.hu\/hu\/wp-json\/wp\/v2\/pages\/85618\/revisions"}],"up":[{"embeddable":true,"href":"https:\/\/univet.hu\/hu\/wp-json\/wp\/v2\/pages\/874"}],"wp:attachment":[{"href":"https:\/\/univet.hu\/hu\/wp-json\/wp\/v2\/media?parent=85618"}],"wp:term":[{"taxonomy":"category","embeddable":true,"href":"https:\/\/univet.hu\/hu\/wp-json\/wp\/v2\/categories?post=85618"},{"taxonomy":"post_tag","embeddable":true,"href":"https:\/\/univet.hu\/hu\/wp-json\/wp\/v2\/tags?post=85618"}],"curies":[{"name":"wp","href":"https:\/\/api.w.org\/{rel}","templated":true}]}}