{"id":85693,"date":"2023-04-25T08:12:07","date_gmt":"2023-04-25T06:12:07","guid":{"rendered":"https:\/\/univet.hu\/hu\/kutatas\/temak\/new-research-page-2\/"},"modified":"2023-04-25T08:20:06","modified_gmt":"2023-04-25T06:20:06","slug":"mega-plate-lemezen-torteno-gyorsitott-evolucios-es-koszelekcios-vizsgalat-baromfi-eredetu-e-coli-torzsek-eseten-kiterjedt-spektrumu-beta-laktamaz-termelesre-esbl-extended-spectrum-beta-lactamases","status":"publish","type":"page","link":"https:\/\/univet.hu\/hu\/kutatas\/temak\/mega-plate-lemezen-torteno-gyorsitott-evolucios-es-koszelekcios-vizsgalat-baromfi-eredetu-e-coli-torzsek-eseten-kiterjedt-spektrumu-beta-laktamaz-termelesre-esbl-extended-spectrum-beta-lactamases\/","title":{"rendered":"Mega-plate lemezen t\u00f6rt\u00e9n\u0151 gyors\u00edtott evol\u00faci\u00f3s \u00e9s koszelekci\u00f3s vizsg\u00e1latok"},"content":{"rendered":"<p>A PhD kutat\u00f3i munk\u00e1mat megalapoz\u00f3, <em>in vivo<\/em> \u00e1llatk\u00eds\u00e9rleteket megel\u0151z\u0151 <em>in vitro<\/em> m\u00f3dszer alkalmaz\u00e1sa, amely a Harvard Egyetem kutat\u00f3i \u00e1ltal 2016-ban kidolgozott \u00fan. Mega-plate, azaz egy nagym\u00e9ret\u0171 (1200&#215;600 mm) teny\u00e9szt\u0151ed\u00e9ny magyarorsz\u00e1gi els\u0151 megval\u00f3s\u00edt\u00e1sa (600&#215;300 mm). Ennek seg\u00edts\u00e9g\u00e9vel modellezz\u00fck <em>in vitro<\/em> az <em>E. coli<\/em> n\u00f6vekv\u0151 antibiotikum koncentr\u00e1ci\u00f3k ellen kialakul\u00f3 rezisztenci\u00e1j\u00e1nak evol\u00faci\u00f3j\u00e1t, valamint molekul\u00e1ris genetikai vizsg\u00e1latok seg\u00edts\u00e9g\u00e9vel nyomon k\u00f6vetj\u00fck \u00e9s felt\u00e9rk\u00e9pezz\u00fck a rezisztenci\u00e1\u00e9rt felel\u0151s g\u00e9nek alakul\u00e1s\u00e1t a bakt\u00e9riumok szelekci\u00f3ja sor\u00e1n.<\/p> <p>Az <em>els\u0151 m\u00e9rf\u00f6ldk\u0151<\/em> a rendelkez\u00e9s\u00fcnkre \u00e1ll\u00f3 termoszt\u00e1t m\u00e9ret\u00e9hez igaz\u00edtott Mega-plate (600&#215;300 mm) teny\u00e9szt\u0151ed\u00e9ny \u00f6ssze\u00e1ll\u00edt\u00e1sa, az ed\u00e9ny hat\u00e9kony steriliz\u00e1l\u00e1s\u00e1nak kidolgoz\u00e1sa, valamint m\u0171k\u00f6d\u00e9s\u00e9nek tesztel\u00e9se.<\/p> <p>A <em>m\u00e1sodik m\u00e9rf\u00f6ldk\u0151<\/em> az egyes antibiotikumok vizsg\u00e1lata. Az ATCC 25922 nemzetk\u00f6zi <em>E. coli<\/em> t\u00f6rzset haszn\u00e1ljuk, el\u0151sz\u00f6r meghat\u00e1rozzuk az adott antibiotikummal szembeni MIC-\u00e9rt\u00e9k\u00e9t, majd ez alapj\u00e1n \u00e9s a CLSI szabv\u00e1ny aj\u00e1nl\u00e1sa alapj\u00e1n kisz\u00e1moljuk a kezd\u0151, 1x antibiotikum d\u00f3zist. A Mega-plate ed\u00e9ny seg\u00edts\u00e9g\u00e9vel modellezni tudjuk <em>in vitro<\/em> k\u00f6r\u00fclm\u00e9nyek k\u00f6z\u00f6tt az <em>E. coli<\/em> adott antibiotikum hat\u00f3anyagok 1x, 10x, 100x, 1000x n\u00f6vekv\u0151 koncentr\u00e1ci\u00f3ja ellen kialakul\u00f3 rezisztencia id\u0151beni lefoly\u00e1s\u00e1t. Vizu\u00e1lisan is j\u00f3l l\u00e1that\u00f3v\u00e1 v\u00e1lik a bakt\u00e9riumok mut\u00e1ci\u00f3ja \u00e9s szelekci\u00f3ja, az egyes antibiotikum koncentr\u00e1ci\u00f3-hat\u00e1rok \u00e1tt\u00f6r\u00e9se r\u00e9v\u00e9n. Az ed\u00e9nyt 9 egyenl\u0151 s\u00e1vra osztjuk, a k\u00e9t sz\u00e9ls\u0151 s\u00e1v t\u00e1ptalaj\u00e1ba nem ker\u00fcl antibiotikum. Mindk\u00e9t oldalr\u00f3l kiindulva a 2. s\u00e1vba egyszeres, a 3. s\u00e1vba t\u00edzszeres, a 4. s\u00e1vba sz\u00e1zszoros, v\u00e9g\u00fcl a k\u00f6z\u00e9ps\u0151 s\u00e1vba ezerszeres koncentr\u00e1ci\u00f3t tartalmaz\u00f3 t\u00e1ptalaj ker\u00fcl. Majd a k\u00e9t sz\u00e9ls\u0151 s\u00e1vba sz\u00e9lesztj\u00fck az \u00e9rz\u00e9keny bakt\u00e9riumt\u00f6rzset. <strong>Egy-egy antibiotikum vizsg\u00e1lata<\/strong> <strong>12-15 napot vesz ig\u00e9nybe<\/strong>, ennyi id\u0151be telik, am\u00edg \u00e1tt\u00f6ri a bakt\u00e9rium az \u00f6sszes antibiotikum koncentr\u00e1ci\u00f3-hat\u00e1rt. Ezt k\u00f6vet\u0151en az egyes s\u00e1vokb\u00f3l bakt\u00e9rium mint\u00e1kat vesz\u00fcnk, majd meghat\u00e1rozzuk az \u00faj MIC-\u00e9rt\u00e9k\u00fcket, v\u00e9g\u00fcl \u00faj gener\u00e1ci\u00f3s szekven\u00e1l\u00e1s seg\u00edts\u00e9g\u00e9vel felt\u00e9rk\u00e9pezz\u00fck az antimikrobi\u00e1lis rezisztencia g\u00e9nk\u00e9szletet, az egyes g\u00e9nek kromosz\u00f3m\u00e1n, plazmidon vagy f\u00e1gon val\u00f3 k\u00f3dol\u00e1s\u00e1t, azok mobilis genetikai elemk\u00e9nt val\u00f3 k\u00f3dol\u00e1s\u00e1t \u00e9s a mut\u00e1ci\u00f3s-szelekci\u00f3s nyom\u00e1s hat\u00e1sait vizsg\u00e1ljuk pontmut\u00e1ci\u00f3k kimutat\u00e1sa seg\u00edts\u00e9g\u00e9vel.<\/p>","protected":false},"excerpt":{"rendered":"<p>A PhD kutat\u00f3i munk\u00e1mat megalapoz\u00f3, in vivo \u00e1llatk\u00eds\u00e9rleteket megel\u0151z\u0151 in vitro m\u00f3dszer alkalmaz\u00e1sa, amely a Harvard Egyetem kutat\u00f3i \u00e1ltal 2016-ban kidolgozott \u00fan. Mega-plate, azaz egy nagym\u00e9ret\u0171 (1200&#215;600 mm) teny\u00e9szt\u0151ed\u00e9ny magyarorsz\u00e1gi els\u0151 megval\u00f3s\u00edt\u00e1sa (600&#215;300 mm). Ennek seg\u00edts\u00e9g\u00e9vel modellezz\u00fck in vitro az E. coli n\u00f6vekv\u0151 antibiotikum koncentr\u00e1ci\u00f3k ellen kialakul\u00f3 rezisztenci\u00e1j\u00e1nak evol\u00faci\u00f3j\u00e1t, valamint molekul\u00e1ris genetikai vizsg\u00e1latok seg\u00edts\u00e9g\u00e9vel nyomon<\/p>\n","protected":false},"author":6022,"featured_media":0,"parent":874,"menu_order":0,"comment_status":"open","ping_status":"open","template":"","meta":{"_acf_changed":false,"footnotes":""},"categories":[],"tags":[],"class_list":["post-85693","page","type-page","status-publish","hentry"],"acf":[],"_links":{"self":[{"href":"https:\/\/univet.hu\/hu\/wp-json\/wp\/v2\/pages\/85693","targetHints":{"allow":["GET"]}}],"collection":[{"href":"https:\/\/univet.hu\/hu\/wp-json\/wp\/v2\/pages"}],"about":[{"href":"https:\/\/univet.hu\/hu\/wp-json\/wp\/v2\/types\/page"}],"author":[{"embeddable":true,"href":"https:\/\/univet.hu\/hu\/wp-json\/wp\/v2\/users\/6022"}],"replies":[{"embeddable":true,"href":"https:\/\/univet.hu\/hu\/wp-json\/wp\/v2\/comments?post=85693"}],"version-history":[{"count":0,"href":"https:\/\/univet.hu\/hu\/wp-json\/wp\/v2\/pages\/85693\/revisions"}],"up":[{"embeddable":true,"href":"https:\/\/univet.hu\/hu\/wp-json\/wp\/v2\/pages\/874"}],"wp:attachment":[{"href":"https:\/\/univet.hu\/hu\/wp-json\/wp\/v2\/media?parent=85693"}],"wp:term":[{"taxonomy":"category","embeddable":true,"href":"https:\/\/univet.hu\/hu\/wp-json\/wp\/v2\/categories?post=85693"},{"taxonomy":"post_tag","embeddable":true,"href":"https:\/\/univet.hu\/hu\/wp-json\/wp\/v2\/tags?post=85693"}],"curies":[{"name":"wp","href":"https:\/\/api.w.org\/{rel}","templated":true}]}}