{"id":85704,"date":"2023-04-25T08:51:34","date_gmt":"2023-04-25T06:51:34","guid":{"rendered":"https:\/\/univet.hu\/hu\/kutatas\/temak\/new-research-page-2\/"},"modified":"2023-04-25T08:51:34","modified_gmt":"2023-04-25T06:51:34","slug":"trichomonas-fajok-alternativ-gyogyszeres-kezelesi-lehetosegei","status":"publish","type":"page","link":"https:\/\/univet.hu\/hu\/kutatas\/temak\/trichomonas-fajok-alternativ-gyogyszeres-kezelesi-lehetosegei\/","title":{"rendered":"Trichomonas fajok alternat\u00edv gy\u00f3gyszeres kezel\u00e9si lehet\u0151s\u00e9gei"},"content":{"rendered":"<p>Vizsg\u00e1lataink sor\u00e1n <em>Tritrichomonas foetus<\/em> (macska, szarvasmarha), <em>Trichomonas gallinae<\/em> (galamb) \u00e9s <em>Trichomonas vaginalis<\/em>\u00a0(ember) egysejt\u0171 parazit\u00e1k <em>in vitro<\/em> \u00e9rz\u00e9kenys\u00e9g\u00e9t vizsg\u00e1ljuk alternat\u00edv gy\u00f3gykezel\u00e9si m\u00f3dokkal, \u00f6sszehasonl\u00edtva a ter\u00e1pi\u00e1ban haszn\u00e1lt hat\u00f3anyagok hat\u00e9konys\u00e1g\u00e1val.<br \/> A vizsg\u00e1lt hat\u00f3anyagok \u00e9s alternat\u00edv\u00e1k:<\/p> <ul> <li>nitroimidazolok: metronidazol, ronidazol, tinidazol, szeknidazol<\/li> <li>propolisz kivonatok<\/li> <li>protonpumpa g\u00e1tl\u00f3k: omeprazol, pantoprazol, rabeprazol, ezomeprazol, lanzoprazol<\/li> <\/ul>","protected":false},"excerpt":{"rendered":"<p>Vizsg\u00e1lataink sor\u00e1n Tritrichomonas foetus (macska, szarvasmarha), Trichomonas gallinae (galamb) \u00e9s Trichomonas vaginalis\u00a0(ember) egysejt\u0171 parazit\u00e1k in vitro \u00e9rz\u00e9kenys\u00e9g\u00e9t vizsg\u00e1ljuk alternat\u00edv gy\u00f3gykezel\u00e9si m\u00f3dokkal, \u00f6sszehasonl\u00edtva a ter\u00e1pi\u00e1ban haszn\u00e1lt hat\u00f3anyagok hat\u00e9konys\u00e1g\u00e1val. A vizsg\u00e1lt hat\u00f3anyagok \u00e9s alternat\u00edv\u00e1k: nitroimidazolok: metronidazol, ronidazol, tinidazol, szeknidazol propolisz kivonatok protonpumpa g\u00e1tl\u00f3k: omeprazol, pantoprazol, rabeprazol, ezomeprazol, lanzoprazol<\/p>\n","protected":false},"author":6022,"featured_media":0,"parent":874,"menu_order":0,"comment_status":"open","ping_status":"open","template":"","meta":{"_acf_changed":false,"footnotes":""},"categories":[],"tags":[],"class_list":["post-85704","page","type-page","status-publish","hentry"],"acf":[],"_links":{"self":[{"href":"https:\/\/univet.hu\/hu\/wp-json\/wp\/v2\/pages\/85704","targetHints":{"allow":["GET"]}}],"collection":[{"href":"https:\/\/univet.hu\/hu\/wp-json\/wp\/v2\/pages"}],"about":[{"href":"https:\/\/univet.hu\/hu\/wp-json\/wp\/v2\/types\/page"}],"author":[{"embeddable":true,"href":"https:\/\/univet.hu\/hu\/wp-json\/wp\/v2\/users\/6022"}],"replies":[{"embeddable":true,"href":"https:\/\/univet.hu\/hu\/wp-json\/wp\/v2\/comments?post=85704"}],"version-history":[{"count":0,"href":"https:\/\/univet.hu\/hu\/wp-json\/wp\/v2\/pages\/85704\/revisions"}],"up":[{"embeddable":true,"href":"https:\/\/univet.hu\/hu\/wp-json\/wp\/v2\/pages\/874"}],"wp:attachment":[{"href":"https:\/\/univet.hu\/hu\/wp-json\/wp\/v2\/media?parent=85704"}],"wp:term":[{"taxonomy":"category","embeddable":true,"href":"https:\/\/univet.hu\/hu\/wp-json\/wp\/v2\/categories?post=85704"},{"taxonomy":"post_tag","embeddable":true,"href":"https:\/\/univet.hu\/hu\/wp-json\/wp\/v2\/tags?post=85704"}],"curies":[{"name":"wp","href":"https:\/\/api.w.org\/{rel}","templated":true}]}}