{"id":85743,"date":"2023-04-25T09:52:43","date_gmt":"2023-04-25T07:52:43","guid":{"rendered":"https:\/\/univet.hu\/hu\/kutatas\/temak\/new-research-page-2\/"},"modified":"2023-04-25T09:52:43","modified_gmt":"2023-04-25T07:52:43","slug":"szalmonella-fertozesek-alternativ-gyogykezelesi-lehetosegei-az-allatgyogyaszatban","status":"publish","type":"page","link":"https:\/\/univet.hu\/hu\/kutatas\/temak\/szalmonella-fertozesek-alternativ-gyogykezelesi-lehetosegei-az-allatgyogyaszatban\/","title":{"rendered":"Szalmonella fert\u0151z\u00e9sek alternat\u00edv gy\u00f3gykezel\u00e9si lehet\u0151s\u00e9gei az \u00e1llatgy\u00f3gy\u00e1szatban"},"content":{"rendered":"<p>Vizsg\u00e1lataink sor\u00e1n brojlercsirk\u00e9k \u00e9s toj\u00f3ty\u00fakok szalmonella fajok okozta fert\u0151z\u00e9s\u00e9nek megered\u00e9s\u00e9t, illetve szalmonella \u00fcr\u00edt\u00e9s\u00e9nek cs\u00f6kkent\u00e9s\u00e9t c\u00e9lz\u00f3 antibiotikum alternat\u00edv\u00e1k vizsg\u00e1latait v\u00e9gezz\u00fck <em>in vivo<\/em> konvencion\u00e1lis \u00e1llatk\u00eds\u00e9rletek keret\u00e9ben.<br \/> Vizsg\u00e1lt alternat\u00edv lehet\u0151s\u00e9gek t\u00f6bbek k\u00f6z\u00f6tt:<\/p> <ul> <li>propolisz<\/li> <li>n\u00f6v\u00e9nyi kivonatok<\/li> <li>bakteriof\u00e1gok<\/li> <\/ul>","protected":false},"excerpt":{"rendered":"<p>Vizsg\u00e1lataink sor\u00e1n brojlercsirk\u00e9k \u00e9s toj\u00f3ty\u00fakok szalmonella fajok okozta fert\u0151z\u00e9s\u00e9nek megered\u00e9s\u00e9t, illetve szalmonella \u00fcr\u00edt\u00e9s\u00e9nek cs\u00f6kkent\u00e9s\u00e9t c\u00e9lz\u00f3 antibiotikum alternat\u00edv\u00e1k vizsg\u00e1latait v\u00e9gezz\u00fck in vivo konvencion\u00e1lis \u00e1llatk\u00eds\u00e9rletek keret\u00e9ben. Vizsg\u00e1lt alternat\u00edv lehet\u0151s\u00e9gek t\u00f6bbek k\u00f6z\u00f6tt: propolisz n\u00f6v\u00e9nyi kivonatok bakteriof\u00e1gok<\/p>\n","protected":false},"author":6022,"featured_media":0,"parent":874,"menu_order":0,"comment_status":"open","ping_status":"open","template":"","meta":{"_acf_changed":false,"footnotes":""},"categories":[],"tags":[],"class_list":["post-85743","page","type-page","status-publish","hentry"],"acf":[],"_links":{"self":[{"href":"https:\/\/univet.hu\/hu\/wp-json\/wp\/v2\/pages\/85743","targetHints":{"allow":["GET"]}}],"collection":[{"href":"https:\/\/univet.hu\/hu\/wp-json\/wp\/v2\/pages"}],"about":[{"href":"https:\/\/univet.hu\/hu\/wp-json\/wp\/v2\/types\/page"}],"author":[{"embeddable":true,"href":"https:\/\/univet.hu\/hu\/wp-json\/wp\/v2\/users\/6022"}],"replies":[{"embeddable":true,"href":"https:\/\/univet.hu\/hu\/wp-json\/wp\/v2\/comments?post=85743"}],"version-history":[{"count":0,"href":"https:\/\/univet.hu\/hu\/wp-json\/wp\/v2\/pages\/85743\/revisions"}],"up":[{"embeddable":true,"href":"https:\/\/univet.hu\/hu\/wp-json\/wp\/v2\/pages\/874"}],"wp:attachment":[{"href":"https:\/\/univet.hu\/hu\/wp-json\/wp\/v2\/media?parent=85743"}],"wp:term":[{"taxonomy":"category","embeddable":true,"href":"https:\/\/univet.hu\/hu\/wp-json\/wp\/v2\/categories?post=85743"},{"taxonomy":"post_tag","embeddable":true,"href":"https:\/\/univet.hu\/hu\/wp-json\/wp\/v2\/tags?post=85743"}],"curies":[{"name":"wp","href":"https:\/\/api.w.org\/{rel}","templated":true}]}}