{"id":85773,"date":"2023-04-25T10:50:08","date_gmt":"2023-04-25T08:50:08","guid":{"rendered":"https:\/\/univet.hu\/hu\/kutatas\/temak\/new-research-page-2\/"},"modified":"2023-04-25T10:51:10","modified_gmt":"2023-04-25T08:51:10","slug":"allati-eredetu-pseudomonas-aeruginosa-staphylococcus-pseudintermedius-es-staphylococcus-aureus-torzsek-biofilmjeinek-fenotipusos-es-genotipusos-vizsgalata","status":"publish","type":"page","link":"https:\/\/univet.hu\/hu\/kutatas\/temak\/allati-eredetu-pseudomonas-aeruginosa-staphylococcus-pseudintermedius-es-staphylococcus-aureus-torzsek-biofilmjeinek-fenotipusos-es-genotipusos-vizsgalata\/","title":{"rendered":"\u00c1llati eredet\u0171 Pseudomonas aeruginosa, Staphylococcus pseudintermedius \u00e9s Staphylococcus aureus t\u00f6rzsek biofilmjeinek fenot\u00edpusos \u00e9s genot\u00edpusos vizsg\u00e1lata"},"content":{"rendered":"<p>Egyes antibakteri\u00e1lis \u00e9s potenci\u00e1lisan biofilmellenes hat\u00e1s\u00fa szerek minim\u00e1lis g\u00e1tl\u00f3 koncentr\u00e1ci\u00f3j\u00e1nak \u00e9s biofilmfelt\u00f6r\u00f6 k\u00e9pess\u00e9g\u00e9nek vizsg\u00e1lata <em>in vitro<\/em> fest\u00e9si elj\u00e1r\u00e1sok seg\u00edts\u00e9g\u00e9vel k\u00fcl\u00f6nb\u00f6z\u0151 kutya k\u00fcls\u0151 hall\u00f3j\u00e1rat \u00e9s b\u0151rgyullad\u00e1s\u00e1b\u00f3l izol\u00e1lt <em>Pseudomonas aeruginosa<\/em>, <em>Staphylococcus\u00a0pseudintermedius<\/em>, illetve szarvasmarha <em>Staphylococcus aureus<\/em> t\u00f6rzseken.<\/p>","protected":false},"excerpt":{"rendered":"<p>Egyes antibakteri\u00e1lis \u00e9s potenci\u00e1lisan biofilmellenes hat\u00e1s\u00fa szerek minim\u00e1lis g\u00e1tl\u00f3 koncentr\u00e1ci\u00f3j\u00e1nak \u00e9s biofilmfelt\u00f6r\u00f6 k\u00e9pess\u00e9g\u00e9nek vizsg\u00e1lata in vitro fest\u00e9si elj\u00e1r\u00e1sok seg\u00edts\u00e9g\u00e9vel k\u00fcl\u00f6nb\u00f6z\u0151 kutya k\u00fcls\u0151 hall\u00f3j\u00e1rat \u00e9s b\u0151rgyullad\u00e1s\u00e1b\u00f3l izol\u00e1lt Pseudomonas aeruginosa, Staphylococcus\u00a0pseudintermedius, illetve szarvasmarha Staphylococcus aureus t\u00f6rzseken.<\/p>\n","protected":false},"author":6022,"featured_media":0,"parent":874,"menu_order":0,"comment_status":"open","ping_status":"open","template":"","meta":{"_acf_changed":false,"footnotes":""},"categories":[],"tags":[],"class_list":["post-85773","page","type-page","status-publish","hentry"],"acf":[],"_links":{"self":[{"href":"https:\/\/univet.hu\/hu\/wp-json\/wp\/v2\/pages\/85773","targetHints":{"allow":["GET"]}}],"collection":[{"href":"https:\/\/univet.hu\/hu\/wp-json\/wp\/v2\/pages"}],"about":[{"href":"https:\/\/univet.hu\/hu\/wp-json\/wp\/v2\/types\/page"}],"author":[{"embeddable":true,"href":"https:\/\/univet.hu\/hu\/wp-json\/wp\/v2\/users\/6022"}],"replies":[{"embeddable":true,"href":"https:\/\/univet.hu\/hu\/wp-json\/wp\/v2\/comments?post=85773"}],"version-history":[{"count":0,"href":"https:\/\/univet.hu\/hu\/wp-json\/wp\/v2\/pages\/85773\/revisions"}],"up":[{"embeddable":true,"href":"https:\/\/univet.hu\/hu\/wp-json\/wp\/v2\/pages\/874"}],"wp:attachment":[{"href":"https:\/\/univet.hu\/hu\/wp-json\/wp\/v2\/media?parent=85773"}],"wp:term":[{"taxonomy":"category","embeddable":true,"href":"https:\/\/univet.hu\/hu\/wp-json\/wp\/v2\/categories?post=85773"},{"taxonomy":"post_tag","embeddable":true,"href":"https:\/\/univet.hu\/hu\/wp-json\/wp\/v2\/tags?post=85773"}],"curies":[{"name":"wp","href":"https:\/\/api.w.org\/{rel}","templated":true}]}}