{"id":85803,"date":"2023-04-25T13:29:54","date_gmt":"2023-04-25T11:29:54","guid":{"rendered":"https:\/\/univet.hu\/hu\/oktatas\/tovabbkepzes\/name-2\/"},"modified":"2024-02-20T09:36:07","modified_gmt":"2024-02-20T08:36:07","slug":"amr-vizsgara-valo-jelentkezes","status":"publish","type":"page","link":"https:\/\/univet.hu\/hu\/oktatas\/tovabbkepzes\/amr-vizsgara-valo-jelentkezes\/","title":{"rendered":"AMR vizsg\u00e1ra val\u00f3 jelentkez\u00e9s"},"content":{"rendered":"<p>&nbsp;<\/p> <p>&nbsp;<\/p> <p>Aktu\u00e1lis vizsgaid\u0151pontok:<\/p> <p>&nbsp;<\/p> <p>2024. m\u00e1rcius 12. (kedd)<\/p> <p><a href=\"https:\/\/forms.office.com\/e\/FgrcKB78K3\">10:00-11:00<\/a><\/p> <p><a href=\"https:\/\/forms.office.com\/e\/XMjvm41n03\">11:30-12:30<\/a><\/p> <p><a href=\"https:\/\/forms.office.com\/e\/9MtTSqL1PA\">13:30-14:30<\/a><\/p> <p>&nbsp;<\/p> <p>2024. m\u00e1rcius 13. (szerda)<\/p> <p><a href=\"https:\/\/forms.office.com\/e\/VM4quz3Vws\">10:00-11:00<\/a><\/p> <p><a href=\"https:\/\/forms.office.com\/e\/kcMLjydXD8\">11:30-12:30<\/a><\/p> <p><a href=\"https:\/\/forms.office.com\/e\/fRSyv0gSfp\">13:30-14:30<\/a><\/p> <p>&nbsp;<\/p> <p>(Egy vizsgaid\u0151pontban legfeljebb 20 embert tudunk fogadni, de ig\u00e9ny eset\u00e9n \u00fajabb vizsgaid\u0151pontokat hirdet\u00fcnk.)<\/p> <p>&nbsp;<\/p> <p>Tervezett vizsgaid\u0151pontok:<\/p> <p>&nbsp;<\/p>","protected":false},"excerpt":{"rendered":"<p>&nbsp; &nbsp; Aktu\u00e1lis vizsgaid\u0151pontok: &nbsp; 2024. m\u00e1rcius 12. (kedd) 10:00-11:00 11:30-12:30 13:30-14:30 &nbsp; 2024. m\u00e1rcius 13. (szerda) 10:00-11:00 11:30-12:30 13:30-14:30 &nbsp; (Egy vizsgaid\u0151pontban legfeljebb 20 embert tudunk fogadni, de ig\u00e9ny eset\u00e9n \u00fajabb vizsgaid\u0151pontokat hirdet\u00fcnk.) &nbsp; Tervezett vizsgaid\u0151pontok: &nbsp;<\/p>\n","protected":false},"author":4806,"featured_media":0,"parent":680,"menu_order":303,"comment_status":"open","ping_status":"open","template":"","meta":{"_acf_changed":false,"footnotes":""},"categories":[],"tags":[],"class_list":["post-85803","page","type-page","status-publish","hentry"],"acf":[],"_links":{"self":[{"href":"https:\/\/univet.hu\/hu\/wp-json\/wp\/v2\/pages\/85803","targetHints":{"allow":["GET"]}}],"collection":[{"href":"https:\/\/univet.hu\/hu\/wp-json\/wp\/v2\/pages"}],"about":[{"href":"https:\/\/univet.hu\/hu\/wp-json\/wp\/v2\/types\/page"}],"author":[{"embeddable":true,"href":"https:\/\/univet.hu\/hu\/wp-json\/wp\/v2\/users\/4806"}],"replies":[{"embeddable":true,"href":"https:\/\/univet.hu\/hu\/wp-json\/wp\/v2\/comments?post=85803"}],"version-history":[{"count":0,"href":"https:\/\/univet.hu\/hu\/wp-json\/wp\/v2\/pages\/85803\/revisions"}],"up":[{"embeddable":true,"href":"https:\/\/univet.hu\/hu\/wp-json\/wp\/v2\/pages\/680"}],"wp:attachment":[{"href":"https:\/\/univet.hu\/hu\/wp-json\/wp\/v2\/media?parent=85803"}],"wp:term":[{"taxonomy":"category","embeddable":true,"href":"https:\/\/univet.hu\/hu\/wp-json\/wp\/v2\/categories?post=85803"},{"taxonomy":"post_tag","embeddable":true,"href":"https:\/\/univet.hu\/hu\/wp-json\/wp\/v2\/tags?post=85803"}],"curies":[{"name":"wp","href":"https:\/\/api.w.org\/{rel}","templated":true}]}}