{"id":85830,"date":"2023-04-26T13:33:27","date_gmt":"2023-04-26T11:33:27","guid":{"rendered":"https:\/\/univet.hu\/?page_id=85830"},"modified":"2026-02-10T03:55:17","modified_gmt":"2026-02-10T02:55:17","slug":"dr-jurkovich-viktor","status":"publish","type":"page","link":"https:\/\/univet.hu\/hu\/egyetem\/munkatarsak\/dr-jurkovich-viktor\/","title":{"rendered":"Jurkovich Viktor"},"content":{"rendered":"<p style=\"text-align: center;\"><span style=\"font-size: 14pt;\"><strong>Bemutatkoz\u00e1s\u00a0\u00a0 <\/strong><\/span><\/p> <p>Dr. Jurkovich Viktor Orosh\u00e1z\u00e1n sz\u00fcletett, gimn\u00e1ziumi tanulm\u00e1nyait k\u00f6vet\u0151en 1993-ban felv\u00e9telt nyert a budapesti \u00c1llatorvostudom\u00e1nyi Egyetemre. 1998-ban v\u00e9gzett, \u00e9s diplom\u00e1j\u00e1nak k\u00e9zhezv\u00e9tel\u00e9t k\u00f6vet\u0151en azonnal, 1999. janu\u00e1r 1-t\u0151l az Egyetem \u00c1llathigi\u00e9niai, \u00c1llom\u00e1ny-eg\u00e9szs\u00e9gtani \u00e9s \u00c1llatorvosi Etol\u00f3giai Tansz\u00e9k\u00e9nek munkat\u00e1rsa lett, el\u0151sz\u00f6r mint PhD hallgat\u00f3, k\u00e9s\u0151bb mint tansz\u00e9ki munkat\u00e1rs. 2007-ben szerezte meg PhD-fokozat\u00e1t, 2014-ben habilit\u00e1lt, 2015-ben szerezte K\u00e9r\u0151dz\u0151-eg\u00e9szs\u00e9g\u00fcgyi Szak\u00e1llatorvos diplom\u00e1j\u00e1t. Tagja az Egyetem Munkahelyi \u00c1llatj\u00f3l\u00e9ti Bizotts\u00e1g\u00e1nak, az Eur\u00f3pai \u00c1llatj\u00f3ll\u00e9ti Koll\u00e9giumnak, \u00e9s t\u00f6bb szakmai szervezetnek.<\/p> <p><strong>F\u0151bb kutat\u00e1si ter\u00fcletek:<\/strong><\/p> <ul> <li>Szarvasmarha \u00e1llom\u00e1nyok \u00e1llatj\u00f3ll\u00e9ti helyzet\u00e9t befoly\u00e1sol\u00f3 t\u00e9nyez\u0151k vizsg\u00e1lata (l\u00e1bv\u00e9g betegs\u00e9gek, takarm\u00e1nyoz\u00e1si-, tart\u00e1si hib\u00e1k, h\u0151stressz stb.<\/li> <li>A l\u00e1bv\u00e9gbetegs\u00e9gek oktan\u00e1nak, kialakul\u00e1s\u00e1nak \u00e9s megel\u0151z\u00e9s\u00e9nek vizsg\u00e1lata tejel\u0151 tehenekben<\/li> <li>Az \u00e1llatj\u00f3ll\u00e9t \u00e9rt\u00e9kel\u00e9s\u00e9nek m\u00f3dszerei gazdas\u00e1gi haszon\u00e1llat \u00e1llom\u00e1nyokban<\/li> <li>A paratuberkol\u00f3zis el\u0151fordul\u00e1sa \u00e9s az ellene val\u00f3 v\u00e9dekez\u00e9s lehet\u0151s\u00e9ge tejtermel\u0151 tehen\u00e9szetekben<\/li> <\/ul> <p><strong>El\u0151rehalad\u00e1s <\/strong><\/p> <table style=\"height: 246px;\" width=\"1091\"> <tbody> <tr style=\"height: 10px;\"> <td style=\"width: 557.5px; height: 10px; text-align: center;\"><strong>Munkahely<\/strong><\/td> <td style=\"width: 135.4px; height: 10px; text-align: center;\"><strong>Id\u0151<\/strong><\/td> <td style=\"width: 376.1px; height: 10px; text-align: center;\"><strong>Beoszt\u00e1s<\/strong><\/td> <\/tr> <tr style=\"height: 44px;\"> <td style=\"width: 557.5px; height: 44px;\">\u00c1llatorvostudom\u00e1nyi Egyetem, \u00c1llatv\u00e9delmi Jogi, Elemz\u0151 \u00e9s M\u00f3dszertani K\u00f6zpont<\/td> <td style=\"width: 135.4px; height: 44px;\">2023-<\/td> <td style=\"width: 376.1px; height: 44px;\">tudom\u00e1nyos f\u0151munkat\u00e1rs<\/td> <\/tr> <tr style=\"height: 57px;\"> <td style=\"width: 557.5px; height: 57px;\">\u00c1TE (2016 el\u0151tt SZIE \u00c1OTK), \u00c1llathigi\u00e9niai, \u00c1llom\u00e1ny-eg\u00e9szs\u00e9gtani tansz\u00e9k \u00e9s Mobilklinika<\/td> <td style=\"width: 135.4px; height: 57px;\">2015-2022<\/td> <td style=\"width: 376.1px; height: 57px;\">tudom\u00e1nyos f\u0151munkat\u00e1rs<\/td> <\/tr> <tr style=\"height: 38px;\"> <td style=\"width: 557.5px; height: 38px;\">SZIE \u00c1OTK, \u00c1llathigi\u00e9niai, \u00c1llom\u00e1ny-eg\u00e9szs\u00e9gtani \u00e9s \u00c1llatorvosi Etol\u00f3giai Tansz\u00e9k<\/td> <td style=\"width: 135.4px; height: 38px;\">2011-2015<\/td> <td style=\"width: 376.1px; height: 38px;\">tudom\u00e1nyos munkat\u00e1rs<\/td> <\/tr> <tr style=\"height: 30px;\"> <td style=\"width: 557.5px; height: 30px;\">SZIE \u00c1OTK, \u00c1llathigi\u00e9niai, \u00c1llom\u00e1ny-eg\u00e9szs\u00e9gtani \u00e9s \u00c1llatorvosi Etol\u00f3giai Tansz\u00e9k<\/td> <td style=\"width: 135.4px; height: 30px;\">2002-2011<\/td> <td style=\"width: 376.1px; height: 30px;\">tansz\u00e9ki \u00e1llatorvos<\/td> <\/tr> <tr style=\"height: 67px;\"> <td style=\"width: 557.5px; height: 67px;\">\u00c1TE, \u00c1llathigi\u00e9niai, \u00c1llom\u00e1ny-eg\u00e9szs\u00e9gtani \u00e9s \u00c1llatorvosi Etol\u00f3giai Tansz\u00e9k<\/td> <td style=\"width: 135.4px; height: 67px;\">1999-2001<\/td> <td style=\"width: 376.1px; height: 67px;\">PhD hallgat\u00f3<\/td> <\/tr> <\/tbody> <\/table> <p><strong>Szakmai szervezeti tags\u00e1g<\/strong><\/p> <table style=\"height: 550px;\" width=\"1094\"> <tbody> <tr style=\"height: 66px;\"> <td style=\"width: 571.65px; text-align: center; height: 66px;\"><strong>Bizotts\u00e1g neve<\/strong><\/td> <td style=\"width: 114.667px; text-align: center; height: 66px;\"><strong>Id\u0151<\/strong><\/td> <td style=\"width: 385.683px; text-align: center; height: 66px;\"><strong>Tiszts\u00e9g<\/strong><\/td> <\/tr> <tr style=\"height: 45px;\"> <td style=\"width: 571.65px; height: 45px;\">COST Action CA21124 &#8211; LIFT: Lifting farm animal lives \u2013 laying the foundations for positive animal welfare; Management Committee<\/td> <td style=\"width: 114.667px; height: 45px;\">2023<\/td> <td style=\"width: 385.683px; height: 45px;\">tag<\/td> <\/tr> <tr style=\"height: 52px;\"> <td style=\"width: 571.65px; height: 52px;\">European College of Animal Welfare and Behavioural Medicine, Examination sub-Committee<\/td> <td style=\"width: 114.667px; height: 52px;\">2022<\/td> <td style=\"width: 385.683px; height: 52px;\">tag<\/td> <\/tr> <tr style=\"height: 16px;\"> <td style=\"width: 571.65px; height: 16px;\">Magyar \u00c1llatorvosi Kamara<\/td> <td style=\"width: 114.667px; height: 16px;\">2021<\/td> <td style=\"width: 385.683px; height: 16px;\">tag<\/td> <\/tr> <tr style=\"height: 11px;\"> <td style=\"width: 571.65px; height: 11px;\">European College of Animal Welfare and Behavioural Medicine<\/td> <td style=\"width: 114.667px; height: 11px;\">2016<\/td> <td style=\"width: 385.683px; height: 11px;\">tag<\/td> <\/tr> <tr style=\"height: 10px;\"> <td style=\"width: 571.65px; height: 10px;\">Magyar \u00c1llatv\u00e9delmi \u00e9s \u00c1llatj\u00f3ll\u00e9ti T\u00e1rsas\u00e1g<\/td> <td style=\"width: 114.667px; height: 10px;\">2011<\/td> <td style=\"width: 385.683px; height: 10px;\">tag<\/td> <\/tr> <tr style=\"height: 10px;\"> <td style=\"width: 571.65px; height: 10px;\">\u00c1TE Munkahelyi \u00c1llatj\u00f3l\u00e9ti Bizotts\u00e1g<\/td> <td style=\"width: 114.667px; height: 10px;\">2009<\/td> <td style=\"width: 385.683px; height: 10px;\">tag<\/td> <\/tr> <tr style=\"height: 10px;\"> <td style=\"width: 571.65px; height: 10px;\">Magyar Buiatrikusok T\u00e1rsas\u00e1ga<\/td> <td style=\"width: 114.667px; height: 10px;\">1999<\/td> <td style=\"width: 385.683px; height: 10px;\">tag<\/td> <\/tr> <\/tbody> <\/table> <p><strong>\u00a0<\/strong><strong>Eddigi szakdolgozat\/TDK hallgat\u00f3k sz\u00e1ma<\/strong><\/p> <p>T\u00f6bb\u00a0 mint 100<\/p> <table style=\"height: 188px;\" width=\"569\"> <tbody> <tr style=\"height: 10px;\"> <td style=\"height: 10px; width: 559px;\" colspan=\"2\"><strong>PhD-hallgat\u00f3k<\/strong><\/td> <\/tr> <tr style=\"height: 10px;\"> <td style=\"height: 10px; width: 273.05px;\">Kov\u00e1cs Levente<\/td> <td style=\"height: 10px; width: 279.95px;\">2014<\/td> <\/tr> <tr style=\"height: 56px;\"> <td style=\"height: 56px; width: 273.05px;\">Vass-Bogn\u00e1r Barbara<\/td> <td style=\"height: 56px; width: 279.95px;\">folyamatban<\/td> <\/tr> <tr style=\"height: 56px;\"> <td style=\"height: 56px; width: 273.05px;\">V\u00e1rhidi Zs\u00f3ka<\/td> <td style=\"height: 56px; width: 279.95px;\">folyamatban<\/td> <\/tr> <tr style=\"height: 56px;\"> <td style=\"height: 56px; width: 273.05px;\">Cszirok Martin<\/td> <td style=\"height: 56px; width: 279.95px;\">folyamatban<\/td> <\/tr> <\/tbody> <\/table> <p>&nbsp;<\/p> <p><strong>Publik\u00e1ci\u00f3s lista (Top10)<\/strong><\/p> <p>MTMT:\u00a0\u00a0 https:\/\/m2.mtmt.hu\/gui2\/?type=authors&amp;mode=browse&amp;sel=authors10023158<\/p> <ol> <li>Vass-Bogn\u00e1r, Barbara ; Bakony, Mikolt ; Baumgartner, Walter ; Khol, Johannes Lorenz ; Jurkovich, Viktor: Association between calf rearing technology and farm-level paratuberculosis infection in Hungarian dairy farms. PREVENTIVE VETERINARY MEDICINE 207 Paper: 105719 (2022)<\/li> <li>Bakony, M; Kiss, G ; Kov\u00e1cs, L ; Jurkovich, V.: The effect of hutch compass direction on primary heat stress responses in dairy calves in a continental region. ANIMAL WELFARE 30 : 3 pp. 315-324. , 10 p. (2021)<\/li> <li>Bakony, Mikolt ; Jurkovich, Viktor: Heat stress in dairy calves from birth to weaning. JOURNAL OF DAIRY RESEARCH 87 : S1 pp. 53-59. , 7 p. (2020)<\/li> <li>Jurkovich, V. ; Bakony, M. ; Laky, E. ; Ruff, F. ; K\u00e9z\u00e9r, F.L. ; Bende, A. ; Kov\u00e1cs, L.: Cardiac vagal tone, plasma cortisol, and dehydroepiandrosterone response to an ACTH challenge in lame and nonlame dairy cows. DOMESTIC ANIMAL ENDOCRINOLOGY 71 Paper: 106388 , 12 p. (2020)<\/li> <li>Jurkovich, Viktor ; K\u00f6nyves, L\u00e1szl\u00f3 ; Bakony, Mikolt: Association between feed sorting and the prevalence of metabolic disorders in Hungarian large-scale dairy herds. JOURNAL OF DAIRY RESEARCH 86 : 2 pp. 162-164. , 3 p. (2019)<\/li> <li>Kov\u00e1cs, Levente ; K\u00e9z\u00e9r, Luca Fruzsina ; Ruff, Ferenc ; Szenci, Ott\u00f3 ; Jurkovich, Viktor: Association between human and animal thermal comfort indices and physiological heat stress indicators in dairy calves. ENVIRONMENTAL RESEARCH 166 pp. 108-111. , 4 p. (2018)<\/li> <li>Kov\u00e1cs, L ; K\u00e9z\u00e9r, F L ; Kulcs\u00e1r-Huszenicza, M ; Ruff, F ; Szenci, O ; Jurkovich, V.: Hypothalamic\u2013pituitary\u2013adrenal and cardiac autonomic responses to transrectal examination differ with behavioral reactivity in dairy cows. JOURNAL OF DAIRY SCIENCE 99 : 9 pp. 7444-7457. , 14 p. (2016)<\/li> <li>Kov\u00e1cs, Levente ; K\u00e9z\u00e9r, Luca Fruzsina ; Jurkovich, Viktor ; Kulcs\u00e1r-Huszenicza, Margit ; T\u0151zs\u00e9r, J\u00e1nos: Heart Rate Variability as an Indicator of Chronic Stress Caused by Lameness in Dairy Cows. PLOS ONE 10 : 8 Paper: e0134792 , 13 p. (2015)<\/li> <li>Kov\u00e1cs, L ; Jurkovich, V ; Bakony, M ; Szenci, O ; P\u00f3ti, P ; T\u0151zs\u00e9r, J.: Welfare implication of measuring heart rate and heart rate variability in dairy cattle &#8211; Literature review and conclusions for future research. ANIMAL: THE INTERNATIONAL JOURNAL OF ANIMAL BIOSCIENCES 8 : 2 pp. 316-330. , 15 p. (2014)<\/li> <li>Kov\u00e1cs, L. ; T\u0151zs\u00e9r, J. ; Szenci, O. ; P\u00f3ti, P. ; K\u00e9z\u00e9r, L. F. ; Ruff, F. ; G\u00e1brieln\u00e9-T\u0151zs\u00e9r, Gy. ; Hoffmann, D. ; Bakony, M. ; Jurkovich, V.: Cardiac responses to palpation per rectum in lactating and non-lactating dairy cows JOURNAL OF DAIRY SCIENCE 97 : 11 pp. 6955-6963. , 9 p. (2014)<\/li> <\/ol>","protected":false},"excerpt":{"rendered":"<p>Bemutatkoz\u00e1s\u00a0\u00a0 Dr. Jurkovich Viktor Orosh\u00e1z\u00e1n sz\u00fcletett, gimn\u00e1ziumi tanulm\u00e1nyait k\u00f6vet\u0151en 1993-ban felv\u00e9telt nyert a budapesti \u00c1llatorvostudom\u00e1nyi Egyetemre. 1998-ban v\u00e9gzett, \u00e9s diplom\u00e1j\u00e1nak k\u00e9zhezv\u00e9tel\u00e9t k\u00f6vet\u0151en azonnal, 1999. janu\u00e1r 1-t\u0151l az Egyetem \u00c1llathigi\u00e9niai, \u00c1llom\u00e1ny-eg\u00e9szs\u00e9gtani \u00e9s \u00c1llatorvosi Etol\u00f3giai Tansz\u00e9k\u00e9nek munkat\u00e1rsa lett, el\u0151sz\u00f6r mint PhD hallgat\u00f3, k\u00e9s\u0151bb mint tansz\u00e9ki munkat\u00e1rs. 2007-ben szerezte meg PhD-fokozat\u00e1t, 2014-ben habilit\u00e1lt, 2015-ben szerezte K\u00e9r\u0151dz\u0151-eg\u00e9szs\u00e9g\u00fcgyi Szak\u00e1llatorvos diplom\u00e1j\u00e1t.<\/p>\n","protected":false},"author":5824,"featured_media":0,"parent":858,"menu_order":0,"comment_status":"closed","ping_status":"closed","template":"","meta":{"_acf_changed":false,"footnotes":""},"categories":[],"tags":[],"class_list":["post-85830","page","type-page","status-publish","hentry"],"acf":[],"_links":{"self":[{"href":"https:\/\/univet.hu\/hu\/wp-json\/wp\/v2\/pages\/85830","targetHints":{"allow":["GET"]}}],"collection":[{"href":"https:\/\/univet.hu\/hu\/wp-json\/wp\/v2\/pages"}],"about":[{"href":"https:\/\/univet.hu\/hu\/wp-json\/wp\/v2\/types\/page"}],"author":[{"embeddable":true,"href":"https:\/\/univet.hu\/hu\/wp-json\/wp\/v2\/users\/5824"}],"replies":[{"embeddable":true,"href":"https:\/\/univet.hu\/hu\/wp-json\/wp\/v2\/comments?post=85830"}],"version-history":[{"count":1,"href":"https:\/\/univet.hu\/hu\/wp-json\/wp\/v2\/pages\/85830\/revisions"}],"predecessor-version":[{"id":199309,"href":"https:\/\/univet.hu\/hu\/wp-json\/wp\/v2\/pages\/85830\/revisions\/199309"}],"up":[{"embeddable":true,"href":"https:\/\/univet.hu\/hu\/wp-json\/wp\/v2\/pages\/858"}],"wp:attachment":[{"href":"https:\/\/univet.hu\/hu\/wp-json\/wp\/v2\/media?parent=85830"}],"wp:term":[{"taxonomy":"category","embeddable":true,"href":"https:\/\/univet.hu\/hu\/wp-json\/wp\/v2\/categories?post=85830"},{"taxonomy":"post_tag","embeddable":true,"href":"https:\/\/univet.hu\/hu\/wp-json\/wp\/v2\/tags?post=85830"}],"curies":[{"name":"wp","href":"https:\/\/api.w.org\/{rel}","templated":true}]}}