{"id":85967,"date":"2023-05-03T11:35:09","date_gmt":"2023-05-03T09:35:09","guid":{"rendered":"https:\/\/univet.hu\/hu\/oktatas\/tovabbkepzes\/name-2\/"},"modified":"2023-05-09T15:23:42","modified_gmt":"2023-05-09T13:23:42","slug":"hazai-vadegeszsegugy-es-vadgazdalkodas-aktualis-kerdesei-2023-konferencia","status":"publish","type":"page","link":"https:\/\/univet.hu\/hu\/oktatas\/tovabbkepzes\/hazai-vadegeszsegugy-es-vadgazdalkodas-aktualis-kerdesei-2023-konferencia\/","title":{"rendered":"\u201eHazai vadeg\u00e9szs\u00e9g\u00fcgy \u00e9s vadgazd\u00e1lkod\u00e1s aktu\u00e1lis k\u00e9rd\u00e9sei 2023\u201d konferencia"},"content":{"rendered":"<p>&nbsp;<\/p> <p><strong><a href=\"https:\/\/univet.hu\/en\/oktatas\/tovabbkepzes\/hazai-vadegeszsegugy-es-vadgazdalkodas-aktualis-kerdesei-2023-konferencia\/vadegeszsegu%cc%88gyi-konferencia-ate-2023-meghivo-20230330\/\" rel=\"attachment wp-att-85972\">Megh\u00edv\u00f3 2023<\/a><\/strong><\/p> <p>&nbsp;<\/p> <p><a href=\"https:\/\/univet.hu\/wp-content\/uploads\/2023\/05\/Vadeg\u00e9szs\u00e9g\u00fcgyi_konf_ATE_Abstract-k\u00f6tet-2023.pdf\" target=\"_blank\" rel=\"noopener\"><strong>Konferencia kiadv\u00e1ny 2023<\/strong><\/a><\/p> <p>&nbsp;<\/p>","protected":false},"excerpt":{"rendered":"<p>&nbsp; Megh\u00edv\u00f3 2023 &nbsp; Konferencia kiadv\u00e1ny 2023 &nbsp;<\/p>\n","protected":false},"author":4806,"featured_media":0,"parent":680,"menu_order":302,"comment_status":"open","ping_status":"open","template":"","meta":{"_acf_changed":false,"footnotes":""},"categories":[],"tags":[],"class_list":["post-85967","page","type-page","status-publish","hentry"],"acf":[],"_links":{"self":[{"href":"https:\/\/univet.hu\/hu\/wp-json\/wp\/v2\/pages\/85967","targetHints":{"allow":["GET"]}}],"collection":[{"href":"https:\/\/univet.hu\/hu\/wp-json\/wp\/v2\/pages"}],"about":[{"href":"https:\/\/univet.hu\/hu\/wp-json\/wp\/v2\/types\/page"}],"author":[{"embeddable":true,"href":"https:\/\/univet.hu\/hu\/wp-json\/wp\/v2\/users\/4806"}],"replies":[{"embeddable":true,"href":"https:\/\/univet.hu\/hu\/wp-json\/wp\/v2\/comments?post=85967"}],"version-history":[{"count":0,"href":"https:\/\/univet.hu\/hu\/wp-json\/wp\/v2\/pages\/85967\/revisions"}],"up":[{"embeddable":true,"href":"https:\/\/univet.hu\/hu\/wp-json\/wp\/v2\/pages\/680"}],"wp:attachment":[{"href":"https:\/\/univet.hu\/hu\/wp-json\/wp\/v2\/media?parent=85967"}],"wp:term":[{"taxonomy":"category","embeddable":true,"href":"https:\/\/univet.hu\/hu\/wp-json\/wp\/v2\/categories?post=85967"},{"taxonomy":"post_tag","embeddable":true,"href":"https:\/\/univet.hu\/hu\/wp-json\/wp\/v2\/tags?post=85967"}],"curies":[{"name":"wp","href":"https:\/\/api.w.org\/{rel}","templated":true}]}}