{"id":86412,"date":"2023-05-17T15:29:28","date_gmt":"2023-05-17T13:29:28","guid":{"rendered":"https:\/\/univet.hu\/hu\/egyetem\/palyazati-projektek\/nkfih-palyazatok\/uj-nemzeti-kivalosag-program\/unkp-2023-2024\/"},"modified":"2024-07-01T15:32:37","modified_gmt":"2024-07-01T13:32:37","slug":"unkp-2023-2024","status":"publish","type":"page","link":"https:\/\/univet.hu\/hu\/egyetem\/palyazati-projektek\/nkfih-palyazatok\/uj-nemzeti-kivalosag-program\/unkp-2023-2024\/","title":{"rendered":"\u00daNKP 2023\/2024"},"content":{"rendered":"<p>Az \u00daj Nemzeti Kiv\u00e1l\u00f3s\u00e1g Program 2016-ban indult,\u00a0<strong>t\u00f6bb t\u00e9mak\u00f6rben ki\u00edrt \u00f6szt\u00f6nd\u00edjp\u00e1ly\u00e1zatokat mag\u00e1ban foglal\u00f3 program<\/strong>, melynek c\u00e9lja, hogy a fels\u0151oktat\u00e1sban r\u00e9szt vev\u0151 hallgat\u00f3i, kutat\u00f3i kiv\u00e1l\u00f3s\u00e1got t\u00e1mogassa. Az \u00daNKP olyan\u00a0\u2013 alap-, mester- vagy doktori k\u00e9pz\u00e9sben tanul\u00f3\u00a0\u2013 hallgat\u00f3kat, doktorjel\u00f6lteket, valamint fiatal oktat\u00f3kat, kutat\u00f3kat t\u00e1mogat, akik a programban r\u00e9szt vev\u0151 fels\u0151oktat\u00e1si int\u00e9zm\u00e9nyben eredm\u00e9nyes kutat\u00e1si \u00e9s alkot\u00f3i tev\u00e9kenys\u00e9get folytatnak.<\/p> <p><a href=\"https:\/\/univet.hu\/en\/egyetem\/palyazati-projektek\/nkfih-palyazatok\/uj-nemzeti-kivalosag-program\/unkp-2023-2024\/unkp-23_omsz_2023_202-1\/\" rel=\"attachment wp-att-86416\">\u00daNKP \u2013 \u00d6szt\u00f6nd\u00edj m\u0171k\u00f6d\u00e9si szab\u00e1lyzat (\u00d6MSZ)<\/a><\/p> <p><a href=\"https:\/\/univet.hu\/en\/egyetem\/palyazati-projektek\/nkfih-palyazatok\/uj-nemzeti-kivalosag-program\/unkp-2023-2024\/unkp-23_omsz_2_melleklet_tamogatasi_osszegek\/\" rel=\"attachment wp-att-86413\">\u00daNKP \u2013 \u00d6szt\u00f6nd\u00edjak \u00f6sszege<\/a><\/p> <p><a href=\"https:\/\/univet.hu\/en\/egyetem\/palyazati-projektek\/nkfih-palyazatok\/uj-nemzeti-kivalosag-program\/unkp-2023-2024\/unkp-23_omsz_5_melleklet_elszamolhato_koltsegek\/\" rel=\"attachment wp-att-86415\">\u00d6MSZ 5.sz. mell\u00e9klet \u2013 Elsz\u00e1molhat\u00f3 k\u00f6lts\u00e9gek<\/a><\/p> <p><a href=\"https:\/\/univet.hu\/en\/egyetem\/palyazati-projektek\/nkfih-palyazatok\/uj-nemzeti-kivalosag-program\/unkp-2023-2024\/unkp-23_tudomanyagi_kepzesi_besorolas\/\" rel=\"attachment wp-att-86417\">UNKP-23_TUDOMANYAGI_KEPZESI_BESOROLAS<\/a><\/p> <p>&nbsp;<\/p> <p><span style=\"font-size: 18pt;\"><a href=\"https:\/\/univet.hu\/en\/egyetem\/palyazati-projektek\/nkfih-palyazatok\/uj-nemzeti-kivalosag-program\/unkp-2023-2024\/osztondijasok_honlapra\/\" rel=\"attachment wp-att-98432\">\u00daNKP &#8211; \u00d6szt\u00f6nd\u00edjasok 2023\/24<\/a><\/span><\/p> <p><span style=\"color: #000080; font-size: 14pt;\">H\u00cdREK:<\/span><\/p> <p>\u00daj Nemzeti Kiv\u00e1l\u00f3s\u00e1g Program 2023\/2024. tan\u00e9vi \u00f6szt\u00f6nd\u00edjasainak kutat\u00e1si besz\u00e1mol\u00f3ira l\u00e9trehozott konferencia online ker\u00fcl lebonyol\u00edt\u00e1sra.<\/p> <p><span style=\"font-size: 18pt;\"><strong>\u00daNKP KONFERENCIA <\/strong><\/span><\/p> <p><span style=\"font-size: 14pt;\"><strong>Id\u0151pont: 2024. J\u00daLIUS 3. (szerda) 09:00<\/strong><\/span><\/p> <p><span style=\"font-size: 14pt;\"><strong>Link a csatlakoz\u00e1shoz:\u00a0<a href=\"https:\/\/teams.microsoft.com\/l\/meetup-join\/19%3ameeting_ODEwODIyNjctYzAyZS00N2RhLWEzZjktYWU1NWQ3ZDVlZGJh%40thread.v2\/0?context=%7b%22Tid%22%3a%223d888f70-bd6a-4491-8913-da9d1bafc747%22%2c%22Oid%22%3a%22d3e337d6-2600-41d2-9a1c-928251e56e78%22%7d\">\u00daNKP kutat\u00e1si besz\u00e1mol\u00f3k 2024<\/a><\/strong><\/span><\/p> <p><span style=\"font-size: 18pt;\"><a href=\"https:\/\/univet.hu\/en\/egyetem\/palyazati-projektek\/nkfih-palyazatok\/uj-nemzeti-kivalosag-program\/unkp-2023-2024\/unkp_absztraktfuzet_2024\/\" rel=\"attachment wp-att-101553\">Absztraktf\u00fczet<\/a><\/span><\/p> <p><img decoding=\"async\" src=\"https:\/\/univet.hu\/wp-content\/uploads\/2021\/04\/UNKP_jovo_te_vagy-320x200.jpg\" \/><\/p> <p>&nbsp;<\/p> <p>B\u0151vebb felvil\u00e1gos\u00edt\u00e1s:\u00a0<a class=\"decrypt\" rel=\"volq\/lppsejobupsAvojwfu\/iv\">[E-mail megjelen\u00edt\u00e9se]<\/a><\/p> <p>Udvarias Csilla<\/p> <p>Innov\u00e1ci\u00f3s \u00e9s P\u00e1ly\u00e1zati Igazgat\u00f3s\u00e1g, E. \u00e9p. II. emelet. 06-1-478-4100\/8387<\/p>","protected":false},"excerpt":{"rendered":"<p>Az \u00daj Nemzeti Kiv\u00e1l\u00f3s\u00e1g Program 2016-ban indult,\u00a0t\u00f6bb t\u00e9mak\u00f6rben ki\u00edrt \u00f6szt\u00f6nd\u00edjp\u00e1ly\u00e1zatokat mag\u00e1ban foglal\u00f3 program, melynek c\u00e9lja, hogy a fels\u0151oktat\u00e1sban r\u00e9szt vev\u0151 hallgat\u00f3i, kutat\u00f3i kiv\u00e1l\u00f3s\u00e1got t\u00e1mogassa. Az \u00daNKP olyan\u00a0\u2013 alap-, mester- vagy doktori k\u00e9pz\u00e9sben tanul\u00f3\u00a0\u2013 hallgat\u00f3kat, doktorjel\u00f6lteket, valamint fiatal oktat\u00f3kat, kutat\u00f3kat t\u00e1mogat, akik a programban r\u00e9szt vev\u0151 fels\u0151oktat\u00e1si int\u00e9zm\u00e9nyben eredm\u00e9nyes kutat\u00e1si \u00e9s alkot\u00f3i tev\u00e9kenys\u00e9get folytatnak. \u00daNKP \u2013<\/p>\n","protected":false},"author":2572,"featured_media":0,"parent":49839,"menu_order":0,"comment_status":"open","ping_status":"open","template":"","meta":{"_acf_changed":false,"footnotes":""},"categories":[],"tags":[],"class_list":["post-86412","page","type-page","status-publish","hentry"],"acf":[],"_links":{"self":[{"href":"https:\/\/univet.hu\/hu\/wp-json\/wp\/v2\/pages\/86412","targetHints":{"allow":["GET"]}}],"collection":[{"href":"https:\/\/univet.hu\/hu\/wp-json\/wp\/v2\/pages"}],"about":[{"href":"https:\/\/univet.hu\/hu\/wp-json\/wp\/v2\/types\/page"}],"author":[{"embeddable":true,"href":"https:\/\/univet.hu\/hu\/wp-json\/wp\/v2\/users\/2572"}],"replies":[{"embeddable":true,"href":"https:\/\/univet.hu\/hu\/wp-json\/wp\/v2\/comments?post=86412"}],"version-history":[{"count":0,"href":"https:\/\/univet.hu\/hu\/wp-json\/wp\/v2\/pages\/86412\/revisions"}],"up":[{"embeddable":true,"href":"https:\/\/univet.hu\/hu\/wp-json\/wp\/v2\/pages\/49839"}],"wp:attachment":[{"href":"https:\/\/univet.hu\/hu\/wp-json\/wp\/v2\/media?parent=86412"}],"wp:term":[{"taxonomy":"category","embeddable":true,"href":"https:\/\/univet.hu\/hu\/wp-json\/wp\/v2\/categories?post=86412"},{"taxonomy":"post_tag","embeddable":true,"href":"https:\/\/univet.hu\/hu\/wp-json\/wp\/v2\/tags?post=86412"}],"curies":[{"name":"wp","href":"https:\/\/api.w.org\/{rel}","templated":true}]}}