{"id":86462,"date":"2023-05-19T14:39:54","date_gmt":"2023-05-19T12:39:54","guid":{"rendered":"https:\/\/univet.hu\/hu\/egyetem\/palyazati-projektek\/nkfih-palyazatok\/uj-nemzeti-kivalosag-program\/unkp-2023-2024\/4-doktori-hallgatoi-kutatoi-osztondij\/"},"modified":"2023-05-19T14:39:55","modified_gmt":"2023-05-19T12:39:55","slug":"4-doktori-hallgatoi-kutatoi-osztondij","status":"publish","type":"page","link":"https:\/\/univet.hu\/hu\/egyetem\/palyazati-projektek\/nkfih-palyazatok\/uj-nemzeti-kivalosag-program\/unkp-2023-2024\/4-doktori-hallgatoi-kutatoi-osztondij\/","title":{"rendered":"4. Doktori Hallgat\u00f3i Kutat\u00f3i \u00d6szt\u00f6nd\u00edj"},"content":{"rendered":"<header class=\"entry-header\"> <div class=\"list-row\"> <div><\/div> <div class=\"list-cell bold col-xs-12 col-sm-4\">Ig\u00e9nyelhet\u0151 t\u00e1mogat\u00e1s:\u00a0100 000 Ft\/h\u00f3\/f\u0151<\/div> <\/div> <div class=\"list-row\"> <div class=\"list-cell bold col-xs-12 col-sm-4\">P\u00e1ly\u00e1zat futamideje:\u00a05, 7 vagy 12 h\u00f3nap<\/div> <\/div> <\/header> <div class=\"entry-content\"> <p>&nbsp;<\/p> <p>P\u00e1ly\u00e1z\u00e1shoz sz\u00fcks\u00e9ges dokumentumok:<\/p> <p>&nbsp;<\/p> <p><a href=\"https:\/\/univet.hu\/en\/egyetem\/palyazati-projektek\/nkfih-palyazatok\/uj-nemzeti-kivalosag-program\/unkp-2023-2024\/4-doktori-hallgatoi-kutatoi-osztondij\/1-3_unkp_palyazati_kiiras_doktori_kepzes_2023\/\" rel=\"attachment wp-att-86463\">P\u00e1ly\u00e1zati felh\u00edv\u00e1s &#8211; Doktori<\/a><\/p> <p><a href=\"https:\/\/univet.hu\/en\/egyetem\/palyazati-projektek\/nkfih-palyazatok\/uj-nemzeti-kivalosag-program\/unkp-2023-2024\/1-tehetseggel-fel-felsooktatast-megkezdo-kutatoi-osztondij\/unkp-23_1-palyazati_adatlap\/\" rel=\"attachment wp-att-86445\">P\u00e1ly\u00e1zati adatlap<\/a><\/p> <p><a href=\"https:\/\/univet.hu\/en\/egyetem\/palyazati-projektek\/nkfih-palyazatok\/uj-nemzeti-kivalosag-program\/unkp-2023-2024\/1-tehetseggel-fel-felsooktatast-megkezdo-kutatoi-osztondij\/unkp-23_kutatasi_terv_2023_ii-_emelt_szintu\/\" rel=\"attachment wp-att-86448\">Kutat\u00e1si terv \u2013 II._emelt_szintu<\/a><\/p> <p><a href=\"https:\/\/univet.hu\/en\/egyetem\/palyazati-projektek\/nkfih-palyazatok\/uj-nemzeti-kivalosag-program\/unkp-2023-2024\/2-alapkepzes-hallgatoi-kutatoi-osztondij\/unkp-23_omsz_3_melleklet_abc_keret-2\/\" rel=\"attachment wp-att-86454\">Feladat- \u00e9s \u00fctemterv<\/a><\/p> <p><a href=\"https:\/\/univet.hu\/en\/egyetem\/palyazati-projektek\/nkfih-palyazatok\/uj-nemzeti-kivalosag-program\/unkp-2023-2024\/1-tehetseggel-fel-felsooktatast-megkezdo-kutatoi-osztondij\/unkp-23_palyazoi_nyilatkozat\/\" rel=\"attachment wp-att-86449\">P\u00e1ly\u00e1z\u00f3i nyilatkozat<\/a><\/p> <p><a href=\"https:\/\/univet.hu\/en\/egyetem\/palyazati-projektek\/nkfih-palyazatok\/uj-nemzeti-kivalosag-program\/unkp-2023-2024\/1-tehetseggel-fel-felsooktatast-megkezdo-kutatoi-osztondij\/unkp-23_a_felsooktatasi_intezmeny_szandeknyilatkozata\/\" rel=\"attachment wp-att-86446\">Befogad\u00f3 sz\u00e1nd\u00e9knyilatkozat<\/a>\u00a0(rektori al\u00e1\u00edr\u00e1s n\u00e9lk\u00fcl beny\u00fajtand\u00f3)<\/p> <\/div> <p>&nbsp;<\/p> <p>A p\u00e1ly\u00e1zatokat a\u00a0<a class=\"decrypt\" rel=\"volq\/eplupsjAvojwfu\/iv\">[E-mail megjelen\u00edt\u00e9se]<\/a>\u00a0\u00a0e-mail c\u00edmre v\u00e1rjuk\u00a0<strong>2022. j\u00fanius 15-ig<\/strong>.<\/p>","protected":false},"excerpt":{"rendered":"<p>Ig\u00e9nyelhet\u0151 t\u00e1mogat\u00e1s:\u00a0100 000 Ft\/h\u00f3\/f\u0151 P\u00e1ly\u00e1zat futamideje:\u00a05, 7 vagy 12 h\u00f3nap &nbsp; P\u00e1ly\u00e1z\u00e1shoz sz\u00fcks\u00e9ges dokumentumok: &nbsp; P\u00e1ly\u00e1zati felh\u00edv\u00e1s &#8211; Doktori P\u00e1ly\u00e1zati adatlap Kutat\u00e1si terv \u2013 II._emelt_szintu Feladat- \u00e9s \u00fctemterv P\u00e1ly\u00e1z\u00f3i nyilatkozat Befogad\u00f3 sz\u00e1nd\u00e9knyilatkozat\u00a0(rektori al\u00e1\u00edr\u00e1s n\u00e9lk\u00fcl beny\u00fajtand\u00f3) &nbsp; A p\u00e1ly\u00e1zatokat a\u00a0[E-mail megjelen\u00edt\u00e9se]\u00a0\u00a0e-mail c\u00edmre v\u00e1rjuk\u00a02022. j\u00fanius 15-ig.<\/p>\n","protected":false},"author":2572,"featured_media":0,"parent":86412,"menu_order":0,"comment_status":"open","ping_status":"open","template":"","meta":{"_acf_changed":false,"footnotes":""},"categories":[],"tags":[],"class_list":["post-86462","page","type-page","status-publish","hentry"],"acf":[],"_links":{"self":[{"href":"https:\/\/univet.hu\/hu\/wp-json\/wp\/v2\/pages\/86462","targetHints":{"allow":["GET"]}}],"collection":[{"href":"https:\/\/univet.hu\/hu\/wp-json\/wp\/v2\/pages"}],"about":[{"href":"https:\/\/univet.hu\/hu\/wp-json\/wp\/v2\/types\/page"}],"author":[{"embeddable":true,"href":"https:\/\/univet.hu\/hu\/wp-json\/wp\/v2\/users\/2572"}],"replies":[{"embeddable":true,"href":"https:\/\/univet.hu\/hu\/wp-json\/wp\/v2\/comments?post=86462"}],"version-history":[{"count":0,"href":"https:\/\/univet.hu\/hu\/wp-json\/wp\/v2\/pages\/86462\/revisions"}],"up":[{"embeddable":true,"href":"https:\/\/univet.hu\/hu\/wp-json\/wp\/v2\/pages\/86412"}],"wp:attachment":[{"href":"https:\/\/univet.hu\/hu\/wp-json\/wp\/v2\/media?parent=86462"}],"wp:term":[{"taxonomy":"category","embeddable":true,"href":"https:\/\/univet.hu\/hu\/wp-json\/wp\/v2\/categories?post=86462"},{"taxonomy":"post_tag","embeddable":true,"href":"https:\/\/univet.hu\/hu\/wp-json\/wp\/v2\/tags?post=86462"}],"curies":[{"name":"wp","href":"https:\/\/api.w.org\/{rel}","templated":true}]}}