{"id":86573,"date":"2023-05-30T11:43:26","date_gmt":"2023-05-30T09:43:26","guid":{"rendered":"https:\/\/univet.hu\/hu\/egyetem\/kozerdeku-adatok\/gazdalkodasi-adatok\/name\/"},"modified":"2023-05-30T11:43:27","modified_gmt":"2023-05-30T09:43:27","slug":"2022-evi-beszamolo","status":"publish","type":"page","link":"https:\/\/univet.hu\/hu\/egyetem\/kozerdeku-adatok\/gazdalkodasi-adatok\/2022-evi-beszamolo\/","title":{"rendered":"2022. \u00e9vi besz\u00e1mol\u00f3"},"content":{"rendered":"<p><a href=\"https:\/\/univet.hu\/en\/egyetem\/kozerdeku-adatok\/gazdalkodasi-adatok\/2022-evi-beszamolo\/eves-beszamolo-es-kh-melleklet-2022\/\" rel=\"attachment wp-att-86574\">2022. \u00e9ves besz\u00e1mol\u00f3 \u00e9s k\u00f6zhaszn\u00fas\u00e1gi mell\u00e9klet<\/a><\/p> <p><a href=\"https:\/\/univet.hu\/en\/egyetem\/kozerdeku-adatok\/gazdalkodasi-adatok\/2022-evi-beszamolo\/fkj_2022_ate\/\" rel=\"attachment wp-att-86575\">2022. f\u00fcggetlen k\u00f6nyvvizsg\u00e1l\u00f3i jelent\u00e9s<\/a><\/p> <p><a href=\"https:\/\/univet.hu\/en\/egyetem\/kozerdeku-adatok\/gazdalkodasi-adatok\/2022-evi-beszamolo\/kiegeszito-melleklet-2022\/\" rel=\"attachment wp-att-86576\">2022. \u00e9vi kieg\u00e9sz\u00edt\u0151 mell\u00e9klet<\/a><\/p> <p><a href=\"https:\/\/univet.hu\/en\/egyetem\/kozerdeku-adatok\/gazdalkodasi-adatok\/2022-evi-beszamolo\/kozhasznu-szakmai-beszamolo-2022\/\" rel=\"attachment wp-att-86577\">2022. \u00e9vi k\u00f6zhaszn\u00fa szakmai besz\u00e1mol\u00f3<\/a><\/p>","protected":false},"excerpt":{"rendered":"<p>2022. \u00e9ves besz\u00e1mol\u00f3 \u00e9s k\u00f6zhaszn\u00fas\u00e1gi mell\u00e9klet 2022. f\u00fcggetlen k\u00f6nyvvizsg\u00e1l\u00f3i jelent\u00e9s 2022. \u00e9vi kieg\u00e9sz\u00edt\u0151 mell\u00e9klet 2022. \u00e9vi k\u00f6zhaszn\u00fa szakmai besz\u00e1mol\u00f3<\/p>\n","protected":false},"author":2518,"featured_media":0,"parent":64693,"menu_order":30,"comment_status":"open","ping_status":"open","template":"","meta":{"_acf_changed":false,"footnotes":""},"categories":[],"tags":[],"class_list":["post-86573","page","type-page","status-publish","hentry"],"acf":[],"_links":{"self":[{"href":"https:\/\/univet.hu\/hu\/wp-json\/wp\/v2\/pages\/86573","targetHints":{"allow":["GET"]}}],"collection":[{"href":"https:\/\/univet.hu\/hu\/wp-json\/wp\/v2\/pages"}],"about":[{"href":"https:\/\/univet.hu\/hu\/wp-json\/wp\/v2\/types\/page"}],"author":[{"embeddable":true,"href":"https:\/\/univet.hu\/hu\/wp-json\/wp\/v2\/users\/2518"}],"replies":[{"embeddable":true,"href":"https:\/\/univet.hu\/hu\/wp-json\/wp\/v2\/comments?post=86573"}],"version-history":[{"count":0,"href":"https:\/\/univet.hu\/hu\/wp-json\/wp\/v2\/pages\/86573\/revisions"}],"up":[{"embeddable":true,"href":"https:\/\/univet.hu\/hu\/wp-json\/wp\/v2\/pages\/64693"}],"wp:attachment":[{"href":"https:\/\/univet.hu\/hu\/wp-json\/wp\/v2\/media?parent=86573"}],"wp:term":[{"taxonomy":"category","embeddable":true,"href":"https:\/\/univet.hu\/hu\/wp-json\/wp\/v2\/categories?post=86573"},{"taxonomy":"post_tag","embeddable":true,"href":"https:\/\/univet.hu\/hu\/wp-json\/wp\/v2\/tags?post=86573"}],"curies":[{"name":"wp","href":"https:\/\/api.w.org\/{rel}","templated":true}]}}