{"id":86876,"date":"2023-06-13T14:34:01","date_gmt":"2023-06-13T12:34:01","guid":{"rendered":"https:\/\/univet.hu\/hu\/egyetem\/palyazati-projektek\/nkfih-palyazatok\/otka_projektek\/"},"modified":"2024-02-22T11:19:09","modified_gmt":"2024-02-22T10:19:09","slug":"otka-projektek","status":"publish","type":"page","link":"https:\/\/univet.hu\/hu\/egyetem\/palyazati-projektek\/nkfih-palyazatok\/otka-projektek\/","title":{"rendered":"OTKA projektek"},"content":{"rendered":"<p>A tudom\u00e1nyos kutat\u00e1sr\u00f3l, fejleszt\u00e9sr\u0151l \u00e9s innov\u00e1ci\u00f3r\u00f3l sz\u00f3l\u00f3 2014. \u00e9vi LXXVI. t\u00f6rv\u00e9nnyel (a tov\u00e1bbiakban: KFItv.) \u00f6sszhangban, a Kultur\u00e1lis \u00e9s Innov\u00e1ci\u00f3s Miniszt\u00e9rium (a tov\u00e1bbiakban: T\u00e1mogat\u00f3), a Nemzeti Kutat\u00e1si, Fejleszt\u00e9si \u00e9s Innov\u00e1ci\u00f3s Alapb\u00f3l (a tov\u00e1bbiakban: NKFI Alap) a Nemzeti Kutat\u00e1si, Fejleszt\u00e9si \u00e9s Innov\u00e1ci\u00f3s Hivatal (a tov\u00e1bbiakban: Kezel\u0151 szerv vagy NKFI Hivatal) \u00fatj\u00e1n ny\u00edlt p\u00e1ly\u00e1zatot hirdet posztdoktorok, \u00f6n\u00e1ll\u00f3 kutat\u00f3i \u00e9letp\u00e1ly\u00e1juk kezdet\u00e9n \u00e1ll\u00f3 kutat\u00f3k,\u00a0valamint tapasztalt, a kor\u00e1bbi \u00e9vekben m\u00e1r jelent\u0151s sikereket el\u00e9rt kutat\u00f3k t\u00e1mogat\u00e1s\u00e1ra, felfedez\u0151 kutat\u00e1si (alapkutat\u00e1si), illetve nemzetk\u00f6zi egy\u00fcttm\u0171k\u00f6d\u00e9sen alapul\u00f3 felfedez\u0151 kutat\u00e1si projektj\u00fck hazai befogad\u00f3 int\u00e9zm\u00e9nyben t\u00f6rt\u00e9n\u0151 megval\u00f3s\u00edt\u00e1s\u00e1nak el\u0151seg\u00edt\u00e9s\u00e9re.<\/p> <p><img loading=\"lazy\" decoding=\"async\" class=\"size-medium wp-image-87453 alignright\" src=\"https:\/\/univet.hu\/wp-content\/uploads\/2023\/06\/NKFIA_infoblokk_kerettel_program_fekvo_2019_HU-320x136.jpg\" alt=\"\" width=\"320\" height=\"136\" srcset=\"https:\/\/univet.hu\/wp-content\/uploads\/2023\/06\/NKFIA_infoblokk_kerettel_program_fekvo_2019_HU-320x136.jpg 320w, https:\/\/univet.hu\/wp-content\/uploads\/2023\/06\/NKFIA_infoblokk_kerettel_program_fekvo_2019_HU-768x326.jpg 768w, https:\/\/univet.hu\/wp-content\/uploads\/2023\/06\/NKFIA_infoblokk_kerettel_program_fekvo_2019_HU-960x407.jpg 960w\" sizes=\"auto, (max-width: 320px) 100vw, 320px\" \/><\/p>","protected":false},"excerpt":{"rendered":"<p>A tudom\u00e1nyos kutat\u00e1sr\u00f3l, fejleszt\u00e9sr\u0151l \u00e9s innov\u00e1ci\u00f3r\u00f3l sz\u00f3l\u00f3 2014. \u00e9vi LXXVI. t\u00f6rv\u00e9nnyel (a tov\u00e1bbiakban: KFItv.) \u00f6sszhangban, a Kultur\u00e1lis \u00e9s Innov\u00e1ci\u00f3s Miniszt\u00e9rium (a tov\u00e1bbiakban: T\u00e1mogat\u00f3), a Nemzeti Kutat\u00e1si, Fejleszt\u00e9si \u00e9s Innov\u00e1ci\u00f3s Alapb\u00f3l (a tov\u00e1bbiakban: NKFI Alap) a Nemzeti Kutat\u00e1si, Fejleszt\u00e9si \u00e9s Innov\u00e1ci\u00f3s Hivatal (a tov\u00e1bbiakban: Kezel\u0151 szerv vagy NKFI Hivatal) \u00fatj\u00e1n ny\u00edlt p\u00e1ly\u00e1zatot hirdet posztdoktorok, \u00f6n\u00e1ll\u00f3 kutat\u00f3i<\/p>\n","protected":false},"author":4688,"featured_media":0,"parent":45583,"menu_order":0,"comment_status":"open","ping_status":"open","template":"","meta":{"_acf_changed":false,"footnotes":""},"categories":[],"tags":[],"class_list":["post-86876","page","type-page","status-publish","hentry"],"acf":[],"_links":{"self":[{"href":"https:\/\/univet.hu\/hu\/wp-json\/wp\/v2\/pages\/86876","targetHints":{"allow":["GET"]}}],"collection":[{"href":"https:\/\/univet.hu\/hu\/wp-json\/wp\/v2\/pages"}],"about":[{"href":"https:\/\/univet.hu\/hu\/wp-json\/wp\/v2\/types\/page"}],"author":[{"embeddable":true,"href":"https:\/\/univet.hu\/hu\/wp-json\/wp\/v2\/users\/4688"}],"replies":[{"embeddable":true,"href":"https:\/\/univet.hu\/hu\/wp-json\/wp\/v2\/comments?post=86876"}],"version-history":[{"count":0,"href":"https:\/\/univet.hu\/hu\/wp-json\/wp\/v2\/pages\/86876\/revisions"}],"up":[{"embeddable":true,"href":"https:\/\/univet.hu\/hu\/wp-json\/wp\/v2\/pages\/45583"}],"wp:attachment":[{"href":"https:\/\/univet.hu\/hu\/wp-json\/wp\/v2\/media?parent=86876"}],"wp:term":[{"taxonomy":"category","embeddable":true,"href":"https:\/\/univet.hu\/hu\/wp-json\/wp\/v2\/categories?post=86876"},{"taxonomy":"post_tag","embeddable":true,"href":"https:\/\/univet.hu\/hu\/wp-json\/wp\/v2\/tags?post=86876"}],"curies":[{"name":"wp","href":"https:\/\/api.w.org\/{rel}","templated":true}]}}