{"id":86880,"date":"2023-06-13T14:37:43","date_gmt":"2023-06-13T12:37:43","guid":{"rendered":"https:\/\/univet.hu\/hu\/egyetem\/palyazati-projektek\/nkfih-palyazatok\/otka-projektek\/k132833\/"},"modified":"2023-09-14T14:34:13","modified_gmt":"2023-09-14T12:34:13","slug":"k-132833","status":"publish","type":"page","link":"https:\/\/univet.hu\/hu\/egyetem\/palyazati-projektek\/nkfih-palyazatok\/otka-projektek\/k-132833\/","title":{"rendered":"K 132833 &#8211; A Pasteurellacae csal\u00e1dba tartoz\u00f3 egyes bakt\u00e9riumfajok \u00f6sszehasonl\u00edt\u00f3 vizsg\u00e1lata"},"content":{"rendered":"<p><strong>T\u00e1mogat\u00e1s \u00f6sszege:<\/strong> 38.976.000,- Ft<\/p> <p><strong>Projekt szakmai vezet\u0151je:<\/strong> Dr. Fodor L\u00e1szl\u00f3<\/p> <p><strong>Megval\u00f3s\u00edt\u00e1s id\u0151szaka:<\/strong><\/p> <p>2019. december 01. \u2013 2024. november 30.<\/p> <p>&nbsp;<\/p> <p><strong>Projekt tartalma:<\/strong><\/p> <p>A Pasteurellaceae csal\u00e1d kiemelten fontos \u00e1llateg\u00e9szs\u00e9g\u00fcgyi szempontb\u00f3l, mivel sz\u00e1mos, e csal\u00e1dba tartoz\u00f3 bakt\u00e9rium k\u00fcl\u00f6nb\u00f6z\u0151, s\u00falyos megbeteged\u00e9seket okozhat \u00e1llatokban, \u00e9s alkalmank\u00e9nt emberben. A jelen kutat\u00e1si program keret\u00e9ben h\u00e1rom faj, az Actinobacillus pleuropneumoniae, a Histophilus somni \u00e9s a Mannheimia haemolytica vizsg\u00e1lat\u00e1t t\u0171zt\u00fck ki c\u00e9lul. Kor\u00e1bbi vizsg\u00e1lataink azt mutatt\u00e1k, hogy e fajok nagyon v\u00e1ltozatosak, \u00edgy most e program keret\u00e9ben 30-50 A. pleuropneumoniae, H. somni \u00e9s M. haemolytica izol\u00e1tum teljes genetikai anyag\u00e1nak meghat\u00e1roz\u00e1s\u00e1t tervezz\u00fck elv\u00e9gezni. Azt vizsg\u00e1ljuk, hogy milyen \u00f6sszef\u00fcgg\u00e9s van a k\u00fcl\u00f6nb\u00f6z\u0151 A. pleuropneumoniae, H. somni \u00e9s M. haemolytica t\u00f6rzsek \u00e9s a k\u00f6z\u00f6tt, hogy milyen \u00e1llatokat beteg\u00edtenek meg, milyen szervekben okoznak elv\u00e1ltoz\u00e1sokat, milyen a megbeteg\u00edt\u0151 k\u00e9pess\u00e9g\u00fck, milyen az egyes t\u00f6rzsek elterjedts\u00e9ge, milyen ter\u00fcleten, milyen tart\u00e1si viszonyok k\u00f6z\u00f6tt \u00e9l\u0151 \u00e9s milyen fajt\u00e1j\u00fa \u00e1llatokb\u00f3l sz\u00e1rmaztak. A v\u00e1rhat\u00f3 eredm\u00e9nyek megalapozz\u00e1k a vizsg\u00e1lt bakt\u00e9riumok \u00e1ltal okozott betegs\u00e9gek specifikus megel\u0151z\u00e9s\u00e9t, \u00e9s ez jav\u00edtja az \u00e1llateg\u00e9szs\u00e9g\u00fcgyi helyzetet.<\/p> <p>&nbsp;<\/p>","protected":false},"excerpt":{"rendered":"<p>T\u00e1mogat\u00e1s \u00f6sszege: 38.976.000,- Ft Projekt szakmai vezet\u0151je: Dr. Fodor L\u00e1szl\u00f3 Megval\u00f3s\u00edt\u00e1s id\u0151szaka: 2019. december 01. \u2013 2024. november 30. &nbsp; Projekt tartalma: A Pasteurellaceae csal\u00e1d kiemelten fontos \u00e1llateg\u00e9szs\u00e9g\u00fcgyi szempontb\u00f3l, mivel sz\u00e1mos, e csal\u00e1dba tartoz\u00f3 bakt\u00e9rium k\u00fcl\u00f6nb\u00f6z\u0151, s\u00falyos megbeteged\u00e9seket okozhat \u00e1llatokban, \u00e9s alkalmank\u00e9nt emberben. A jelen kutat\u00e1si program keret\u00e9ben h\u00e1rom faj, az Actinobacillus pleuropneumoniae, a Histophilus<\/p>\n","protected":false},"author":4688,"featured_media":0,"parent":86876,"menu_order":0,"comment_status":"open","ping_status":"open","template":"","meta":{"_acf_changed":false,"footnotes":""},"categories":[],"tags":[],"class_list":["post-86880","page","type-page","status-publish","hentry"],"acf":[],"_links":{"self":[{"href":"https:\/\/univet.hu\/hu\/wp-json\/wp\/v2\/pages\/86880","targetHints":{"allow":["GET"]}}],"collection":[{"href":"https:\/\/univet.hu\/hu\/wp-json\/wp\/v2\/pages"}],"about":[{"href":"https:\/\/univet.hu\/hu\/wp-json\/wp\/v2\/types\/page"}],"author":[{"embeddable":true,"href":"https:\/\/univet.hu\/hu\/wp-json\/wp\/v2\/users\/4688"}],"replies":[{"embeddable":true,"href":"https:\/\/univet.hu\/hu\/wp-json\/wp\/v2\/comments?post=86880"}],"version-history":[{"count":0,"href":"https:\/\/univet.hu\/hu\/wp-json\/wp\/v2\/pages\/86880\/revisions"}],"up":[{"embeddable":true,"href":"https:\/\/univet.hu\/hu\/wp-json\/wp\/v2\/pages\/86876"}],"wp:attachment":[{"href":"https:\/\/univet.hu\/hu\/wp-json\/wp\/v2\/media?parent=86880"}],"wp:term":[{"taxonomy":"category","embeddable":true,"href":"https:\/\/univet.hu\/hu\/wp-json\/wp\/v2\/categories?post=86880"},{"taxonomy":"post_tag","embeddable":true,"href":"https:\/\/univet.hu\/hu\/wp-json\/wp\/v2\/tags?post=86880"}],"curies":[{"name":"wp","href":"https:\/\/api.w.org\/{rel}","templated":true}]}}