{"id":86882,"date":"2023-06-13T14:45:29","date_gmt":"2023-06-13T12:45:29","guid":{"rendered":"https:\/\/univet.hu\/hu\/egyetem\/palyazati-projektek\/nkfih-palyazatok\/otka-projektek\/name\/"},"modified":"2023-06-21T13:53:19","modified_gmt":"2023-06-21T11:53:19","slug":"k-132794","status":"publish","type":"page","link":"https:\/\/univet.hu\/hu\/egyetem\/palyazati-projektek\/nkfih-palyazatok\/otka-projektek\/k-132794\/","title":{"rendered":"K 132794 &#8211; Gazda-parazita-k\u00f3rokoz\u00f3 koevol\u00faci\u00f3s strat\u00e9gi\u00e1k: a k\u00f3rokoz\u00f3k fontoss\u00e1ga a denev\u00e9rek \u00e9s el\u0151sk\u00f6d\u0151ik popul\u00e1ci\u00f3-dinamik\u00e1j\u00e1ban"},"content":{"rendered":"<p><strong>T\u00e1mogat\u00e1s \u00f6sszege:<\/strong> 35.056.000,- Ft<\/p> <p><strong>Projekt szakmai vezet\u0151je:<\/strong> Dr. S\u00e1ndor Attila<\/p> <p><strong>Megval\u00f3s\u00edt\u00e1s id\u0151szaka:<\/strong><\/p> <p>2019. december 01. \u2013 2023. november 30.<\/p> <p>&nbsp;<\/p> <p><strong>Projekt tartalma:<\/strong><\/p> <p>A tervezett kutat\u00e1s a denev\u00e9reket \u00e9s parazit\u00e1ikat j\u00e1rja k\u00f6r\u00fcl, a k\u00f3rokoz\u00f3k \u00e1ltal a gazd\u00e1kra \u00e9s azok k\u00fcls\u0151 \u00e9l\u0151sk\u00f6d\u0151ire gyakorolt k\u00f6lcs\u00f6nhat\u00e1sokat v\u00e9ve alapul. A denev\u00e9rek sz\u00e1mos k\u00fcls\u0151 \u00e9l\u0151sk\u00f6d\u0151je nemcsak mint a gazd\u00e1k v\u00e9rsz\u00edv\u00f3ja fontos, hanem bacillusgazdak\u00e9nt is m\u0171k\u00f6dik, el\u0151seg\u00edtve azok terjed\u00e9s\u00e9t. Kutat\u00e1sunk c\u00e9lja pontosan meghat\u00e1rozni egyes k\u00fcls\u0151 \u00e9l\u0151sk\u00f6d\u0151k fontoss\u00e1g\u00e1t a k\u00fcl\u00f6nb\u00f6z\u0151 k\u00f3rokoz\u00f3k terjeszt\u00e9s\u00e9ben, illetve azt, hogy ezen k\u00f3rokoz\u00f3k milyen evol\u00faci\u00f3s strat\u00e9gi\u00e1kat alkalmaznak a gazd\u00e1ik befoly\u00e1sol\u00e1s\u00e1ra a min\u00e9l jobb terjeszt\u00e9s \u00e9rdek\u00e9ben. \u00cdgy munk\u00e1nk sor\u00e1n szeretn\u00e9nk k\u00eds\u00e9rletesen kimutatni, hogy olyan fontos (\u00e9s ak\u00e1r emberre is vesz\u00e9lyes) k\u00f3rokoz\u00f3k, mint a Bartonella bakt\u00e9riumok, mal\u00e1ri\u00e1k \u00e9s tripanosz\u00f3m\u00e1k milyen \u00e1t\u00f6r\u00f6k\u00edt\u00e9si strat\u00e9gi\u00e1kat alkalmaznak, illetve terjeszt\u00e9s\u00fck sor\u00e1n hogyan tudj\u00e1k befoly\u00e1solni a gazd\u00e1ikat. Eredm\u00e9nyeink hozz\u00e1j\u00e1rulnak az \u00e1ltal\u00e1nos \u00e1t\u00f6r\u00f6k\u00edt\u00e9si strat\u00e9gi\u00e1k jobb megismer\u00e9s\u00e9hez, illetve egyes zoopatog\u00e9n k\u00f3rokoz\u00f3k specifikus saj\u00e1toss\u00e1gainak a tiszt\u00e1z\u00e1s\u00e1hoz, jav\u00edtva a jobb v\u00e9dekez\u00e9s es\u00e9lyeit. Eredm\u00e9nyeink lehet\u0151v\u00e9 teszik \u00fagy az elm\u00e9leti (\u00e1ltal\u00e1nos j\u00e1rv\u00e1nyk\u00f3rtani, evol\u00faci\u00f3biol\u00f3giai), mint a gyakorlati (denev\u00e9rek sz\u00e1m\u00e1ra term\u00e9szetv\u00e9delmi, illetve k\u00f3rokoz\u00f3k elleni v\u00e9dekez\u00e9s) alkalmaz\u00e1st a j\u00f6v\u0151ben.<\/p> <p>&nbsp;<\/p>","protected":false},"excerpt":{"rendered":"<p>T\u00e1mogat\u00e1s \u00f6sszege: 35.056.000,- Ft Projekt szakmai vezet\u0151je: Dr. S\u00e1ndor Attila Megval\u00f3s\u00edt\u00e1s id\u0151szaka: 2019. december 01. \u2013 2023. november 30. &nbsp; Projekt tartalma: A tervezett kutat\u00e1s a denev\u00e9reket \u00e9s parazit\u00e1ikat j\u00e1rja k\u00f6r\u00fcl, a k\u00f3rokoz\u00f3k \u00e1ltal a gazd\u00e1kra \u00e9s azok k\u00fcls\u0151 \u00e9l\u0151sk\u00f6d\u0151ire gyakorolt k\u00f6lcs\u00f6nhat\u00e1sokat v\u00e9ve alapul. A denev\u00e9rek sz\u00e1mos k\u00fcls\u0151 \u00e9l\u0151sk\u00f6d\u0151je nemcsak mint a gazd\u00e1k v\u00e9rsz\u00edv\u00f3ja fontos,<\/p>\n","protected":false},"author":4688,"featured_media":0,"parent":86876,"menu_order":0,"comment_status":"open","ping_status":"open","template":"","meta":{"_acf_changed":false,"footnotes":""},"categories":[],"tags":[],"class_list":["post-86882","page","type-page","status-publish","hentry"],"acf":[],"_links":{"self":[{"href":"https:\/\/univet.hu\/hu\/wp-json\/wp\/v2\/pages\/86882","targetHints":{"allow":["GET"]}}],"collection":[{"href":"https:\/\/univet.hu\/hu\/wp-json\/wp\/v2\/pages"}],"about":[{"href":"https:\/\/univet.hu\/hu\/wp-json\/wp\/v2\/types\/page"}],"author":[{"embeddable":true,"href":"https:\/\/univet.hu\/hu\/wp-json\/wp\/v2\/users\/4688"}],"replies":[{"embeddable":true,"href":"https:\/\/univet.hu\/hu\/wp-json\/wp\/v2\/comments?post=86882"}],"version-history":[{"count":0,"href":"https:\/\/univet.hu\/hu\/wp-json\/wp\/v2\/pages\/86882\/revisions"}],"up":[{"embeddable":true,"href":"https:\/\/univet.hu\/hu\/wp-json\/wp\/v2\/pages\/86876"}],"wp:attachment":[{"href":"https:\/\/univet.hu\/hu\/wp-json\/wp\/v2\/media?parent=86882"}],"wp:term":[{"taxonomy":"category","embeddable":true,"href":"https:\/\/univet.hu\/hu\/wp-json\/wp\/v2\/categories?post=86882"},{"taxonomy":"post_tag","embeddable":true,"href":"https:\/\/univet.hu\/hu\/wp-json\/wp\/v2\/tags?post=86882"}],"curies":[{"name":"wp","href":"https:\/\/api.w.org\/{rel}","templated":true}]}}