{"id":86886,"date":"2023-06-13T14:47:43","date_gmt":"2023-06-13T12:47:43","guid":{"rendered":"https:\/\/univet.hu\/hu\/egyetem\/palyazati-projektek\/nkfih-palyazatok\/otka-projektek\/fk134887\/"},"modified":"2023-06-21T13:24:58","modified_gmt":"2023-06-21T11:24:58","slug":"fk-134887","status":"publish","type":"page","link":"https:\/\/univet.hu\/hu\/egyetem\/palyazati-projektek\/nkfih-palyazatok\/otka-projektek\/fk-134887\/","title":{"rendered":"FK 134887 &#8211; Preantr\u00e1lis t\u00fcsz\u0151k in vitro teny\u00e9szt\u00e9s\u00e9nek \u00e9s t\u00e1rol\u00e1s\u00e1nak lehet\u0151s\u00e9gei, k\u00fcl\u00f6n\u00f6s tekintettel a faji k\u00fcl\u00f6nbs\u00e9gekre \u00e9s az assziszt\u00e1lt reprodukci\u00f3ban t\u00f6rt\u00e9n\u0151 alkalmaz\u00e1sra"},"content":{"rendered":"<p><strong>T\u00e1mogat\u00e1s \u00f6sszege:<\/strong> 39.828.000,- Ft<\/p> <p><strong>Projekt szakmai vezet\u0151je:<\/strong> Dr. Somosk\u0151i Bence<\/p> <p><strong>Megval\u00f3s\u00edt\u00e1si id\u0151szaka:<\/strong><\/p> <p>2020. november 01. \u2013 2024. okt\u00f3ber 31.<\/p> <p>&nbsp;<\/p> <p><strong>Projekt tartalma:<\/strong><\/p> <p>&nbsp;<\/p> <p>Az ut\u00f3bbi \u00e9vtizedekben egyre nagyobb figyelmet kap a szaporod\u00e1sbiol\u00f3giai kezel\u00e9sekben a korai t\u00fcsz\u0151k kinyer\u00e9se \u00e9s teny\u00e9szt\u00e9se, mint lehets\u00e9ges term\u00e9kenys\u00e9g-meg\u0151rz\u00e9si m\u00f3dszer. Azon t\u00fal, hogy a korai t\u00fcsz\u0151fejl\u0151d\u00e9s m\u00e9g r\u00e9szleteiben felt\u00e1rand\u00f3 ter\u00fclet, a vizsg\u00e1latoknak jelent\u0151s gyakorlati haszna van az \u00e1llatteny\u00e9szt\u00e9sben. A laborat\u00f3riumban teny\u00e9sztett \u00e9s t\u00e1rolt t\u00fcsz\u0151k lehet\u0151s\u00e9get biztos\u00edtanak olyan genetikailag \u00e9rt\u00e9kes \u00e1llatok petesejtjeinek meg\u0151rz\u00e9s\u00e9re, amelyek eset\u00e9ben a szok\u00e1sos szaporod\u00e1sbiol\u00f3giai technik\u00e1k (petesejtlesz\u00edv\u00e1s, in vitro megterm\u00e9keny\u00edt\u00e9s, inszemin\u00e1l\u00e1s) nem m\u0171k\u00f6dhetnek, pl. hirtelen elhull\u00e1s miatt. Ezen k\u00edv\u00fcl vesz\u00e9lyeztetett \u00e1llatok g\u00e9nmeg\u0151rz\u00e9s\u00e9ben is fontos szerepe lehet. A kutat\u00e1s c\u00e9lja, hogy h\u00e1rom \u00e1llatfaj (eg\u00e9r, szarvasmarha \u00e9s kutya) eset\u00e9ben megvizsg\u00e1ljuk, milyen fajok k\u00f6zti k\u00fcl\u00f6nbs\u00e9gek vannak a petef\u00e9szek t\u00fcsz\u0151k laborat\u00f3riumi teny\u00e9szt\u00e9s\u00e9ben, valamint fagyasztva t\u00e1rol\u00e1ssal szembeni toleranci\u00e1jukban. A k\u00eds\u00e9rlet eredm\u00e9nyeit felhaszn\u00e1lva hat\u00e9kony m\u00f3dszert dolgozhatunk ki t\u00f6bb \u00e1llatcsoportra is.<\/p> <p>&nbsp;<\/p>","protected":false},"excerpt":{"rendered":"<p>T\u00e1mogat\u00e1s \u00f6sszege: 39.828.000,- Ft Projekt szakmai vezet\u0151je: Dr. Somosk\u0151i Bence Megval\u00f3s\u00edt\u00e1si id\u0151szaka: 2020. november 01. \u2013 2024. okt\u00f3ber 31. &nbsp; Projekt tartalma: &nbsp; Az ut\u00f3bbi \u00e9vtizedekben egyre nagyobb figyelmet kap a szaporod\u00e1sbiol\u00f3giai kezel\u00e9sekben a korai t\u00fcsz\u0151k kinyer\u00e9se \u00e9s teny\u00e9szt\u00e9se, mint lehets\u00e9ges term\u00e9kenys\u00e9g-meg\u0151rz\u00e9si m\u00f3dszer. Azon t\u00fal, hogy a korai t\u00fcsz\u0151fejl\u0151d\u00e9s m\u00e9g r\u00e9szleteiben felt\u00e1rand\u00f3 ter\u00fclet, a vizsg\u00e1latoknak<\/p>\n","protected":false},"author":4688,"featured_media":0,"parent":86876,"menu_order":0,"comment_status":"open","ping_status":"open","template":"","meta":{"_acf_changed":false,"footnotes":""},"categories":[],"tags":[],"class_list":["post-86886","page","type-page","status-publish","hentry"],"acf":[],"_links":{"self":[{"href":"https:\/\/univet.hu\/hu\/wp-json\/wp\/v2\/pages\/86886","targetHints":{"allow":["GET"]}}],"collection":[{"href":"https:\/\/univet.hu\/hu\/wp-json\/wp\/v2\/pages"}],"about":[{"href":"https:\/\/univet.hu\/hu\/wp-json\/wp\/v2\/types\/page"}],"author":[{"embeddable":true,"href":"https:\/\/univet.hu\/hu\/wp-json\/wp\/v2\/users\/4688"}],"replies":[{"embeddable":true,"href":"https:\/\/univet.hu\/hu\/wp-json\/wp\/v2\/comments?post=86886"}],"version-history":[{"count":0,"href":"https:\/\/univet.hu\/hu\/wp-json\/wp\/v2\/pages\/86886\/revisions"}],"up":[{"embeddable":true,"href":"https:\/\/univet.hu\/hu\/wp-json\/wp\/v2\/pages\/86876"}],"wp:attachment":[{"href":"https:\/\/univet.hu\/hu\/wp-json\/wp\/v2\/media?parent=86886"}],"wp:term":[{"taxonomy":"category","embeddable":true,"href":"https:\/\/univet.hu\/hu\/wp-json\/wp\/v2\/categories?post=86886"},{"taxonomy":"post_tag","embeddable":true,"href":"https:\/\/univet.hu\/hu\/wp-json\/wp\/v2\/tags?post=86886"}],"curies":[{"name":"wp","href":"https:\/\/api.w.org\/{rel}","templated":true}]}}