{"id":86888,"date":"2023-06-13T14:50:31","date_gmt":"2023-06-13T12:50:31","guid":{"rendered":"https:\/\/univet.hu\/hu\/egyetem\/palyazati-projektek\/nkfih-palyazatok\/otka-projektek\/fk138825\/"},"modified":"2023-06-21T13:41:26","modified_gmt":"2023-06-21T11:41:26","slug":"fk-138825","status":"publish","type":"page","link":"https:\/\/univet.hu\/hu\/egyetem\/palyazati-projektek\/nkfih-palyazatok\/otka-projektek\/fk-138825\/","title":{"rendered":"FK 138825 &#8211; Tr\u00e9ningben \u00e9s versenyz\u00e9sben lev\u0151 lovak cs\u00fcd\u00edz\u00fclet\u00e9nek \u00f6sszehasonl\u00edt\u00f3 m\u00e1gneses rezonanci\u00e1s, komputertomogr\u00e1fi\u00e1s \u00e9s r\u00f6ntgenvizsg\u00e1lata: egy longitudin\u00e1lis tanulm\u00e1ny"},"content":{"rendered":"<p><strong>T\u00e1mogat\u00e1s \u00f6sszege:<\/strong> 39.949.000,- Ft<\/p> <p><strong>Projekt szakmai vezet\u0151je:<\/strong> Dr. Nagy-Schuller tot Peursum Annam\u00e1ria<\/p> <p><strong>Megval\u00f3s\u00edt\u00e1s id\u0151szaka: <\/strong><\/p> <p>2021. szeptember 01. \u2013 2025. augusztus 31.<\/p> <p>&nbsp;<\/p> <p><strong>Projekt tartalma:<\/strong><\/p> <p>A lovak csontozata edz\u00e9s hat\u00e1s\u00e1ra \u00e1talakul. A csontok alkalmazkodnak a tr\u00e9ninghez, kezdetben ezek a v\u00e1ltoz\u00e1sok nem j\u00e1rnak f\u00e1jdalommal. Ha a tr\u00e9ning intenzit\u00e1sa meghaladja a csontok alkalmazkod\u00f3 k\u00e9pess\u00e9g\u00e9t, az elv\u00e1ltoz\u00e1sok s\u00falyosbodhatnak \u00e9s s\u00e1ntas\u00e1got okoznak, esetlegesen a sportkarrier v\u00e9g\u00e9t jelent\u0151 vagy fat\u00e1lis s\u00e9r\u00fcl\u00e9ss\u00e9 alakulhatnak. Ezek a s\u00e9r\u00fcl\u00e9sek leggyakrabban a cs\u00fcd\u00edz\u00fcletben fordulnak el\u0151 \u00e9s r\u00f6ntgenvizsg\u00e1lattal sokszor nem der\u00edthet\u0151k fel. M\u00e1gneses rezonanci\u00e1s k\u00e9palkot\u00e1s (MRI) alkalmazhat\u00f3 ezeknek a s\u00e9r\u00fcl\u00e9seknek a felder\u00edt\u00e9s\u00e9re, de gyakran neh\u00e9z vagy lehetetlen meg\u00e1llap\u00edtani, hogy az adott elv\u00e1ltoz\u00e1s a munk\u00e1ra val\u00f3 v\u00e1laszreakci\u00f3 vagy klinikailag fontos patol\u00f3gi\u00e1s elv\u00e1ltoz\u00e1s. A komputertomogr\u00e1fi\u00e1s (CT) felv\u00e9telek nagyobb felbont\u00e1s\u00faak, mint az MRI, anat\u00f3miailag r\u00e9szletgazdagabbak \u00e9s kieg\u00e9sz\u00edthetik az MRI eredm\u00e9nyeket. Kutat\u00e1sunk sor\u00e1n tr\u00e9ningben lev\u0151 angol teliv\u00e9rek \u00e9s ugr\u00f3lovak csoportj\u00e1t k\u00f6vetn\u00e9nk, ism\u00e9telt MRI, CT \u00e9s r\u00f6ntgenvizsg\u00e1latokkal. Ennek seg\u00edts\u00e9g\u00e9vel meghat\u00e1rozhatjuk, hogyan alakulnak ki a tr\u00e9ninggel \u00f6sszef\u00fcgg\u00e9sbe hozhat\u00f3 csontos elv\u00e1ltoz\u00e1sok \u00e9s mely \u00e1llapotukban v\u00e1lnak szignifik\u00e1nss\u00e1 \u00e9s okoznak s\u00e1ntas\u00e1got. Eredm\u00e9nyeink alapj\u00e1n az \u00e1llatorvosok eredm\u00e9nyesebben tudn\u00e1nak kezelni \u00e9s k\u00f3rj\u00f3slatot fel\u00e1ll\u00edtani, \u00edgy kutat\u00e1sunk jelent\u0151sen hozz\u00e1j\u00e1rulna a lovak j\u00f3l\u00e9t\u00e9hez. Minden vizsg\u00e1latot \u00e1ll\u00f3 helyzetben, b\u00f3dult \u00e1llapotban v\u00e9gezn\u00e9nk, elker\u00fclve az altat\u00e1s kock\u00e1zat\u00e1t \u00e9s k\u00f6lts\u00e9geit. Vizsg\u00e1latunk egyedis\u00e9g\u00e9t az adja, hogy m\u00e1s kutat\u00f3csoport m\u00e9g nem vizsg\u00e1lta a stressz eredet\u0171 s\u00e9r\u00fcl\u00e9seket \u00e9l\u0151 sportlovakon ism\u00e9telt vizsg\u00e1latokkal, tov\u00e1bb\u00e1 m\u00e1s egyetemi klinika nem rendelkezik olyan nagy felbont\u00e1s\u00fa CT berendez\u00e9ssel, amely \u00e1ll\u00f3 helyzetben k\u00e9pes vizsg\u00e1lni a lovak l\u00e1b\u00e1t.<\/p> <p>&nbsp;<\/p>","protected":false},"excerpt":{"rendered":"<p>T\u00e1mogat\u00e1s \u00f6sszege: 39.949.000,- Ft Projekt szakmai vezet\u0151je: Dr. Nagy-Schuller tot Peursum Annam\u00e1ria Megval\u00f3s\u00edt\u00e1s id\u0151szaka: 2021. szeptember 01. \u2013 2025. augusztus 31. &nbsp; Projekt tartalma: A lovak csontozata edz\u00e9s hat\u00e1s\u00e1ra \u00e1talakul. A csontok alkalmazkodnak a tr\u00e9ninghez, kezdetben ezek a v\u00e1ltoz\u00e1sok nem j\u00e1rnak f\u00e1jdalommal. Ha a tr\u00e9ning intenzit\u00e1sa meghaladja a csontok alkalmazkod\u00f3 k\u00e9pess\u00e9g\u00e9t, az elv\u00e1ltoz\u00e1sok s\u00falyosbodhatnak \u00e9s<\/p>\n","protected":false},"author":4688,"featured_media":0,"parent":86876,"menu_order":0,"comment_status":"open","ping_status":"open","template":"","meta":{"_acf_changed":false,"footnotes":""},"categories":[],"tags":[],"class_list":["post-86888","page","type-page","status-publish","hentry"],"acf":[],"_links":{"self":[{"href":"https:\/\/univet.hu\/hu\/wp-json\/wp\/v2\/pages\/86888","targetHints":{"allow":["GET"]}}],"collection":[{"href":"https:\/\/univet.hu\/hu\/wp-json\/wp\/v2\/pages"}],"about":[{"href":"https:\/\/univet.hu\/hu\/wp-json\/wp\/v2\/types\/page"}],"author":[{"embeddable":true,"href":"https:\/\/univet.hu\/hu\/wp-json\/wp\/v2\/users\/4688"}],"replies":[{"embeddable":true,"href":"https:\/\/univet.hu\/hu\/wp-json\/wp\/v2\/comments?post=86888"}],"version-history":[{"count":0,"href":"https:\/\/univet.hu\/hu\/wp-json\/wp\/v2\/pages\/86888\/revisions"}],"up":[{"embeddable":true,"href":"https:\/\/univet.hu\/hu\/wp-json\/wp\/v2\/pages\/86876"}],"wp:attachment":[{"href":"https:\/\/univet.hu\/hu\/wp-json\/wp\/v2\/media?parent=86888"}],"wp:term":[{"taxonomy":"category","embeddable":true,"href":"https:\/\/univet.hu\/hu\/wp-json\/wp\/v2\/categories?post=86888"},{"taxonomy":"post_tag","embeddable":true,"href":"https:\/\/univet.hu\/hu\/wp-json\/wp\/v2\/tags?post=86888"}],"curies":[{"name":"wp","href":"https:\/\/api.w.org\/{rel}","templated":true}]}}