{"id":86891,"date":"2023-06-13T14:53:01","date_gmt":"2023-06-13T12:53:01","guid":{"rendered":"https:\/\/univet.hu\/hu\/egyetem\/palyazati-projektek\/nkfih-palyazatok\/otka-projektek\/pd143382\/"},"modified":"2023-06-23T10:19:30","modified_gmt":"2023-06-23T08:19:30","slug":"pd-143382","status":"publish","type":"page","link":"https:\/\/univet.hu\/hu\/egyetem\/palyazati-projektek\/nkfih-palyazatok\/otka-projektek\/pd-143382\/","title":{"rendered":"PD 143382 &#8211; Szezonalit\u00e1s \u00e9s gazdaspecifikuss\u00e1g a denev\u00e9rek k\u00fcls\u0151 parazit\u00e1i \u00e9s k\u00f3rokoz\u00f3ik eset\u00e9ben"},"content":{"rendered":"<p><strong>T\u00e1mogat\u00e1s \u00f6sszege:<\/strong> 28.331.000,- Ft<\/p> <p><strong>Projekt szakmai vezet\u0151je:<\/strong> Dr. P\u00e9ter \u00c1ron<\/p> <p><strong>Megval\u00f3s\u00edt\u00e1s id\u0151szaka:<\/strong><\/p> <p>2022. december 01. \u2013 2025. november 30.<\/p> <p>&nbsp;<\/p> <p><strong>Projekt tartalma:<\/strong><\/p> <p>A tervezett kutat\u00e1sban a denev\u00e9rekn\u00e9l el\u0151fordul\u00f3 k\u00e9t fontos k\u00f3rokoz\u00f3 csoportot \u00e9s az ezeket terjeszt\u0151, szint\u00e9n denev\u00e9rspecifikus k\u00fcls\u0151 \u00e9l\u0151sk\u00f6d\u0151ket, a denev\u00e9rlegyeket szeretn\u00e9nk vizsg\u00e1lni. Az egyik k\u00f3rokoz\u00f3 (Polychromophilus spp.) az \u00e9vente t\u00f6bb sz\u00e1zezer hal\u00e1los \u00e1ldozattal j\u00e1r\u00f3 mal\u00e1ria k\u00f3rokoz\u00f3j\u00e1val van k\u00f6zeli rokons\u00e1gban a m\u00e1sik kutatott csoport (Bartonella spp.) pedig a macskakapar\u00e1s fert\u0151z\u00e9s\u00e9rt felel\u0151s bakt\u00e9riummal van egy rendszertani csal\u00e1dban. A denev\u00e9rlegyek eset\u00e9ben azt szeretn\u00e9nk meghat\u00e1rozni, hogy a k\u00fcl\u00f6nb\u00f6z\u0151 fajoknak milyen szerepe van a korokoz\u00f3k terjeszt\u00e9s\u00e9ben. Ezen k\u00edv\u00fcl a betegs\u00e9gek szezon\u00e1lis mint\u00e1zat\u00e1t \u00e9s befoly\u00e1sol\u00f3 t\u00e9nyez\u0151it vizsg\u00e1ln\u00e1nk, mivel azt gyan\u00edtjuk, hogy a fert\u0151z\u00e9s szintje emelkedik a popul\u00e1ci\u00f3kban a szaporod\u00e1ssal kapcsolatos stressz hat\u00e1s\u00e1ra. Szeretn\u00e9nk megtudni, hogy a betegs\u00e9geket okoz\u00f3 mikroorganizmusok mutatnak-e gazdaspecifikuss\u00e1got az \u0151ket terjeszt\u0151 denev\u00e9rl\u00e9gy fajok fele, mivel ez magyar\u00e1zatot szolg\u00e1ltatna a denev\u00e9rekn\u00e9l el\u0151fordul\u00f3 Bartonella fajok nagy magas diverzit\u00e1s\u00e1ra \u00e9s jobban meg\u00e9rthetn\u00e9k az evol\u00faci\u00f3s m\u00faltjukat. Kutat\u00e1sunk eredm\u00e9nyei fontos inform\u00e1ci\u00f3kat szolg\u00e1ltathatnak a m\u00e1r eml\u00edtett k\u00f3rokoz\u00f3k meg\u00e9rt\u00e9s\u00e9ben \u00e9s az ellen\u00fck folytatott k\u00fczdelemben.<\/p> <p>&nbsp;<\/p>","protected":false},"excerpt":{"rendered":"<p>T\u00e1mogat\u00e1s \u00f6sszege: 28.331.000,- Ft Projekt szakmai vezet\u0151je: Dr. P\u00e9ter \u00c1ron Megval\u00f3s\u00edt\u00e1s id\u0151szaka: 2022. december 01. \u2013 2025. november 30. &nbsp; Projekt tartalma: A tervezett kutat\u00e1sban a denev\u00e9rekn\u00e9l el\u0151fordul\u00f3 k\u00e9t fontos k\u00f3rokoz\u00f3 csoportot \u00e9s az ezeket terjeszt\u0151, szint\u00e9n denev\u00e9rspecifikus k\u00fcls\u0151 \u00e9l\u0151sk\u00f6d\u0151ket, a denev\u00e9rlegyeket szeretn\u00e9nk vizsg\u00e1lni. Az egyik k\u00f3rokoz\u00f3 (Polychromophilus spp.) az \u00e9vente t\u00f6bb sz\u00e1zezer hal\u00e1los \u00e1ldozattal<\/p>\n","protected":false},"author":4688,"featured_media":0,"parent":86876,"menu_order":0,"comment_status":"open","ping_status":"open","template":"","meta":{"_acf_changed":false,"footnotes":""},"categories":[],"tags":[],"class_list":["post-86891","page","type-page","status-publish","hentry"],"acf":[],"_links":{"self":[{"href":"https:\/\/univet.hu\/hu\/wp-json\/wp\/v2\/pages\/86891","targetHints":{"allow":["GET"]}}],"collection":[{"href":"https:\/\/univet.hu\/hu\/wp-json\/wp\/v2\/pages"}],"about":[{"href":"https:\/\/univet.hu\/hu\/wp-json\/wp\/v2\/types\/page"}],"author":[{"embeddable":true,"href":"https:\/\/univet.hu\/hu\/wp-json\/wp\/v2\/users\/4688"}],"replies":[{"embeddable":true,"href":"https:\/\/univet.hu\/hu\/wp-json\/wp\/v2\/comments?post=86891"}],"version-history":[{"count":0,"href":"https:\/\/univet.hu\/hu\/wp-json\/wp\/v2\/pages\/86891\/revisions"}],"up":[{"embeddable":true,"href":"https:\/\/univet.hu\/hu\/wp-json\/wp\/v2\/pages\/86876"}],"wp:attachment":[{"href":"https:\/\/univet.hu\/hu\/wp-json\/wp\/v2\/media?parent=86891"}],"wp:term":[{"taxonomy":"category","embeddable":true,"href":"https:\/\/univet.hu\/hu\/wp-json\/wp\/v2\/categories?post=86891"},{"taxonomy":"post_tag","embeddable":true,"href":"https:\/\/univet.hu\/hu\/wp-json\/wp\/v2\/tags?post=86891"}],"curies":[{"name":"wp","href":"https:\/\/api.w.org\/{rel}","templated":true}]}}