{"id":86894,"date":"2023-06-13T14:54:54","date_gmt":"2023-06-13T12:54:54","guid":{"rendered":"https:\/\/univet.hu\/hu\/egyetem\/palyazati-projektek\/nkfih-palyazatok\/otka-projektek\/k143769\/"},"modified":"2023-06-23T09:44:44","modified_gmt":"2023-06-23T07:44:44","slug":"k-143769","status":"publish","type":"page","link":"https:\/\/univet.hu\/hu\/egyetem\/palyazati-projektek\/nkfih-palyazatok\/otka-projektek\/k-143769\/","title":{"rendered":"K 143769 &#8211; Oxidat\u00edv stressz-\u00e9rz\u00e9kenys\u00e9g vizsg\u00e1lata preklinikai daganatmodellekben"},"content":{"rendered":"<p><strong>T\u00e1mogat\u00e1s \u00f6sszege<\/strong>: 48.000.000,- Ft<\/p> <p><strong>Projekt szakmai vezet\u0151je:<\/strong> Dr. Edward Eric Schmidt<\/p> <p><strong>Megval\u00f3s\u00edt\u00e1s id\u0151szaka:<\/strong><\/p> <p>2022. december 01. \u2013 2026. november 30.<\/p> <p>&nbsp;<\/p> <p><strong>Projekt tartalma:<\/strong><\/p> <p>M\u00edg sz\u00e1mos gyakori r\u00e1kt\u00edpus t\u00fal\u00e9l\u00e9si ar\u00e1nya dr\u00e1maian megn\u0151tt az elm\u00falt \u00e9vtizedekben, a m\u00e1jr\u00e1k \u2013 n\u00e9h\u00e1ny tov\u00e1bbi daganathoz hasonl\u00f3an \u2013 szinte kezelhetetlen. A kezel\u00e9snek ellen\u00e1ll\u00f3 daganatok ter\u00e1pi\u00e1j\u00e1ban \u00faj megk\u00f6zel\u00edt\u00e9seket keres\u0151 kutat\u00f3k a k\u00f6zelm\u00faltban a r\u00e1k oxidat\u00edv stresszre val\u00f3 \u00e9rz\u00e9kenys\u00e9g\u00e9t vett\u00e9k c\u00e9lba. A daganatsejtekben megv\u00e1ltozott anyagcsereviszonyok miatt azok belseje \u00e9s k\u00f6rnyezete is oxid\u00e1l\u00f3bb a norm\u00e1l sz\u00f6vetekn\u00e9l. A hagyom\u00e1nyos antioxid\u00e1ns folyamatok t\u00e1mad\u00e1sa ezid\u00e1ig nem j\u00e1rt sikerrel. A projekt kutat\u00f3i sok\u00e9ves tapasztalattal rendelkeznek az antioxid\u00e1ns rendszerek saj\u00e1t fejleszt\u00e9s\u0171 g\u00e9nm\u00f3dos\u00edtott egerekben t\u00f6rt\u00e9n\u0151 tanulm\u00e1nyoz\u00e1s\u00e1ban, \u00fagy \u00e9p mint r\u00e1kos m\u00e1jban. Kutat\u00e1saink sor\u00e1n az alapvet\u0151 antioxid\u00e1ns \u00fatvonalak blokkol\u00e1sakor a sejtek t\u00fal\u00e9l\u00e9s\u00e9t biztos\u00edt\u00f3 tartal\u00e9k rendszereket t\u00e1rtunk fel, mely \u00e1tmenetben az Nrf2 feh\u00e9rje kulcsfontoss\u00e1g\u00fa. Az Nrf2 r\u00e9g\u00f3ta ismert, mint a daganatok rosszindulat\u00fav\u00e1 v\u00e1l\u00e1s\u00e1nak egyik kulcsa, de els\u0151 c\u00e9lzott g\u00e1tl\u00f3szer\u00e9t csak 2021 v\u00e9g\u00e9n \u00edrt\u00e1k le. Az itt ismertetett kutat\u00e1sban a tartal\u00e9k antioxid\u00e1ns rendszer m\u00e1s &#8211; val\u00f3sz\u00edn\u0171leg Nrf2-kontroll alatt \u00e1ll\u00f3 &#8211; tagjait fogjuk azonos\u00edtani, melyek a r\u00e1kos sejtek t\u00fal\u00e9l\u00e9s\u00e9t biztos\u00edtj\u00e1k, \u00e9s az Nrf2-n\u00e9l jobban t\u00e1madhat\u00f3ak gy\u00f3gyszeresen. Ezut\u00e1n kombin\u00e1lt ter\u00e1pi\u00e1kat is tesztelhet\u00fcnk, melyek a hagyom\u00e1nyos \u00e9s alternat\u00edv redox rendszereket egyidej\u0171leg t\u00e1madj\u00e1k a m\u00e1jr\u00e1k \u2013 \u00e9s esetleg m\u00e1s kezelhetetlen daganatok \u2013 legy\u0151z\u00e9se \u00e9rdek\u00e9ben.<\/p>","protected":false},"excerpt":{"rendered":"<p>T\u00e1mogat\u00e1s \u00f6sszege: 48.000.000,- Ft Projekt szakmai vezet\u0151je: Dr. Edward Eric Schmidt Megval\u00f3s\u00edt\u00e1s id\u0151szaka: 2022. december 01. \u2013 2026. november 30. &nbsp; Projekt tartalma: M\u00edg sz\u00e1mos gyakori r\u00e1kt\u00edpus t\u00fal\u00e9l\u00e9si ar\u00e1nya dr\u00e1maian megn\u0151tt az elm\u00falt \u00e9vtizedekben, a m\u00e1jr\u00e1k \u2013 n\u00e9h\u00e1ny tov\u00e1bbi daganathoz hasonl\u00f3an \u2013 szinte kezelhetetlen. A kezel\u00e9snek ellen\u00e1ll\u00f3 daganatok ter\u00e1pi\u00e1j\u00e1ban \u00faj megk\u00f6zel\u00edt\u00e9seket keres\u0151 kutat\u00f3k a k\u00f6zelm\u00faltban<\/p>\n","protected":false},"author":4688,"featured_media":0,"parent":86876,"menu_order":0,"comment_status":"open","ping_status":"open","template":"","meta":{"_acf_changed":false,"footnotes":""},"categories":[],"tags":[],"class_list":["post-86894","page","type-page","status-publish","hentry"],"acf":[],"_links":{"self":[{"href":"https:\/\/univet.hu\/hu\/wp-json\/wp\/v2\/pages\/86894","targetHints":{"allow":["GET"]}}],"collection":[{"href":"https:\/\/univet.hu\/hu\/wp-json\/wp\/v2\/pages"}],"about":[{"href":"https:\/\/univet.hu\/hu\/wp-json\/wp\/v2\/types\/page"}],"author":[{"embeddable":true,"href":"https:\/\/univet.hu\/hu\/wp-json\/wp\/v2\/users\/4688"}],"replies":[{"embeddable":true,"href":"https:\/\/univet.hu\/hu\/wp-json\/wp\/v2\/comments?post=86894"}],"version-history":[{"count":0,"href":"https:\/\/univet.hu\/hu\/wp-json\/wp\/v2\/pages\/86894\/revisions"}],"up":[{"embeddable":true,"href":"https:\/\/univet.hu\/hu\/wp-json\/wp\/v2\/pages\/86876"}],"wp:attachment":[{"href":"https:\/\/univet.hu\/hu\/wp-json\/wp\/v2\/media?parent=86894"}],"wp:term":[{"taxonomy":"category","embeddable":true,"href":"https:\/\/univet.hu\/hu\/wp-json\/wp\/v2\/categories?post=86894"},{"taxonomy":"post_tag","embeddable":true,"href":"https:\/\/univet.hu\/hu\/wp-json\/wp\/v2\/tags?post=86894"}],"curies":[{"name":"wp","href":"https:\/\/api.w.org\/{rel}","templated":true}]}}