{"id":86897,"date":"2023-06-13T15:01:34","date_gmt":"2023-06-13T13:01:34","guid":{"rendered":"https:\/\/univet.hu\/hu\/egyetem\/palyazati-projektek\/nkfih-palyazatok\/tkp\/"},"modified":"2023-06-29T08:17:59","modified_gmt":"2023-06-29T06:17:59","slug":"temateruleti-kivalosagi-program-2020","status":"publish","type":"page","link":"https:\/\/univet.hu\/hu\/egyetem\/palyazati-projektek\/nkfih-palyazatok\/temateruleti-kivalosagi-program-2020\/","title":{"rendered":"T\u00e9mater\u00fcleti Kiv\u00e1l\u00f3s\u00e1gi Program 2020"},"content":{"rendered":"<p>&nbsp;<\/p> <p>Az Innov\u00e1ci\u00f3s \u00e9s Technol\u00f3giai Miniszt\u00e9rium (a tov\u00e1bbiakban: T\u00e1mogat\u00f3) \u00e1ltal a Nemzeti Kutat\u00e1si, Fejleszt\u00e9si \u00e9s Innov\u00e1ci\u00f3s Hivatal, mint kezel\u0151 szerv (a tov\u00e1bbiakban: NKFI Hivatal vagy Kezel\u0151 szerv) \u00fatj\u00e1n a Nemzeti Kutat\u00e1si, Fejleszt\u00e9si \u00e9s Innov\u00e1ci\u00f3s Alapb\u00f3l (a tov\u00e1bbiakban: NKFI Alap), meghirdetett p\u00e1ly\u00e1zati ki\u00edr\u00e1s (a tov\u00e1bbiakban: Ki\u00edr\u00e1s) c\u00e9lja, hogy a fels\u0151oktat\u00e1si int\u00e9zm\u00e9nyek \u00e9s \u00e1llami kutat\u00f3helyek (tov\u00e1bbiakban: int\u00e9zm\u00e9nyek) szakmai kiv\u00e1l\u00f3s\u00e1g\u00e1ra \u00e9p\u00edtve, \u00fagynevezett t\u00e9mater\u00fcleti kutat\u00e1si programokat bonyol\u00edtsanak le.<\/p> <p>&nbsp;<\/p> <p><strong>A program azonos\u00edt\u00f3sz\u00e1ma:<\/strong> TKP2020-NKA-01<\/p> <p><strong>A programban megval\u00f3sult h\u00e1rom t\u00e9mater\u00fclet:<\/strong><\/p> <p>\u00daj diagnosztikai lehet\u0151s\u00e9gek a l\u00f3gy\u00f3gy\u00e1szatban,<\/p> <p>\u00c1llattart\u00e1s emisszi\u00f3inak m\u00e9r\u00e9si, analitikai technol\u00f3gi\u00e1inak fejleszt\u00e9se, az emisszi\u00f3 cs\u00f6kkent\u00e9se<\/p> <p>\u00c1llatorvosi \u00e9s hum\u00e1n modellk\u00eds\u00e9rletek, demonstr\u00e1ci\u00f3k \u00e9s oktat\u00e1si programok elv\u00e9gz\u00e9se korszer\u0171 embriol\u00f3giai \u00e9s assziszt\u00e1lt reprodukci\u00f3s k\u00f6zpontban<\/p> <p>&nbsp;<\/p> <p><strong>T\u00e1mogat\u00e1s \u00f6sszege:<\/strong> 900.000.000,- Ft<\/p> <p><strong>A program szakmai vezet\u0151je<\/strong>\u00a0Dr. Jerzsele \u00c1kos<\/p> <p><strong>Megval\u00f3s\u00edt\u00e1s id\u0151tartama:<\/strong><\/p> <p>2020. december 1. &#8211; 2023. febru\u00e1r 28.<\/p> <p>&nbsp;<\/p> <p><strong>A h\u00e1rom t\u00e9mater\u00fcleten megval\u00f3sult szakmai tev\u00e9kenys\u00e9gek<\/strong><\/p> <p><em><strong>\u00daj diagnosztikai lehet\u0151s\u00e9gek a l\u00f3gy\u00f3gy\u00e1szatban<\/strong><\/em><\/p> <p>Az \u00faj diagnosztikai berendez\u00e9seinknek (CT \u00e9s MRI) k\u00f6sz\u00f6nhet\u0151en sz\u00e1mos ortop\u00e9diai elv\u00e1ltoz\u00e1st pontosabban \u00e9s kor\u00e1bban tudunk diagnosztiz\u00e1lni. A pontos diagn\u00f3zis c\u00e9lzott kezel\u00e9st \u00e9s rehabilit\u00e1ci\u00f3t tesz lehet\u0151v\u00e9, amely megn\u00f6veli a lovak sportban vagy csal\u00e1di kedvenck\u00e9nt, eg\u00e9szs\u00e9ges hobbil\u00f3k\u00e9nt t\u00f6lt\u00f6tt idej\u00e9t. Az \u00e1ll\u00f3 helyzetben v\u00e9gzett CT vizsg\u00e1latok \u00e9s az \u00f6sszehasonl\u00edt\u00f3 CT \u00e9s MRI vizsg\u00e1latok megreform\u00e1lj\u00e1k sz\u00e1mos ortop\u00e9diai elv\u00e1ltoz\u00e1sr\u00f3l kialak\u00edtott eddigi \u00e1ltal\u00e1nos elk\u00e9pzel\u00e9st \u00e9s n\u00e9zetet, ez\u00e1ltal nagyban j\u00e1rulnak hozz\u00e1 vil\u00e1gszinten is a lovak eg\u00e9szs\u00e9gmeg\u0151rz\u00e9s\u00e9hez. A lovak ebb\u0151l a folyamatosan n\u00f6vekv\u0151 ismeretanyagb\u00f3l nemcsak haz\u00e1nkban, hanem vil\u00e1gszerte profit\u00e1lnak. Kutat\u00e1sunkkal tov\u00e1bbi bizony\u00edt\u00e9kot szolg\u00e1ltatunk ahhoz, hogy a k\u00f3rk\u00e9pek korai felismer\u00e9se meg tud el\u0151zni s\u00falyos, ak\u00e1r katasztrof\u00e1lis kimenetel\u0171 s\u00e9r\u00fcl\u00e9seket is. Sz\u00e1mos kor\u00e1bban nem ismert elv\u00e1ltoz\u00e1st \u00edrtunk le, tov\u00e1bb\u00e1 dokument\u00e1ltuk egyes k\u00f3rk\u00e9pek fejl\u0151d\u00e9s\u00e9t (javul\u00e1s\u00e1t \u00e9s s\u00falyosbod\u00e1s\u00e1t) ugr\u00f3lovak \u00e9s galopplovak el\u00fcls\u0151 cs\u00fcd\u00edz\u00fcleteiben. Ezzel seg\u00edtj\u00fck a CT \u00e9s MRI felv\u00e9telek helyes ki\u00e9rt\u00e9kel\u00e9s\u00e9t, a pontos diagn\u00f3zis fel\u00e1ll\u00edt\u00e1s\u00e1t, a c\u00e9lzott kezel\u00e9s kiv\u00e1laszt\u00e1s\u00e1t, valamint a k\u00f3rj\u00f3slat fel\u00e1ll\u00edt\u00e1s\u00e1t. Eredm\u00e9nyeink tov\u00e1bbi kutat\u00e1sok alapj\u00e1ul is szolg\u00e1lnak. Az \u00fatt\u00f6r\u0151 kutat\u00e1si programunk vil\u00e1gszerte jelent\u0151s \u00e9rdekl\u0151d\u00e9sre tett szert, a 2021 szeptember\u00e9ben kezdett projekt els\u0151 eredm\u00e9nyeit eddig hat orsz\u00e1g nemzetk\u00f6zi konferenci\u00e1in t\u00f6bb mint 20 el\u0151ad\u00e1s keret\u00e9ben mutattuk be.<\/p> <p>Hum\u00e1n Reveal XT sz\u00edvmonitorokat \u00fcltett\u00fcnk be 12 l\u00f3ba az eszk\u00f6z valid\u00e1l\u00e1sa c\u00e9lj\u00e1b\u00f3l. A sz\u00edvmonitor folyamatosan ellen\u0151rzi az EKG-t \u00e9s t\u00e1rolja a k\u00f3ros esem\u00e9nyeket. Az eszk\u00f6z sikeres valid\u00e1l\u00e1s\u00e1val megteremtett\u00fck a lehet\u0151s\u00e9get arra, hogy lovakban is k\u00e9pesek legy\u00fcnk tart\u00f3san ellen\u0151rizni a sz\u00edvm\u0171k\u00f6d\u00e9st a nehezen diagnosztiz\u00e1lhat\u00f3 ritmuszavarok felismer\u00e9s\u00e9re, illetve el tudjuk k\u00fcl\u00f6n\u00edteni az \u00e1jul\u00e1ssal j\u00e1r\u00f3 esetekben a sz\u00edv- \u00e9s az idegrendszeri eredet\u0171 betegs\u00e9geket. Emberekhez hasonl\u00f3an lovakban is el\u0151fordul a pitvarfibrill\u00e1ci\u00f3 nev\u0171 sz\u00edvritmuszavar. A gy\u00f3gykezel\u00e9s egyik modern m\u00f3dszere emberekben a krioballonos abl\u00e1ci\u00f3, amikor egy sz\u00edvbe vezetett kat\u00e9teren \u00e1t fagyaszt\u00e1ssal sz\u00fcntetik meg a ritmuszavart. Ez az elj\u00e1r\u00e1s lovak sz\u00e1m\u00e1ra eddig nem volt el\u00e9rhet\u0151. Kutat\u00e1sunk sor\u00e1n e m\u00f3dszer kifejleszt\u00e9s\u00e9hez n\u00e9lk\u00fcl\u00f6zhetetlen morfol\u00f3giai vizsg\u00e1latainkat 83 eg\u00e9szs\u00e9ges l\u00f3 sz\u00edv\u00e9n v\u00e9gezt\u00fck. Ennek sor\u00e1n meghat\u00e1roztuk a krioballonos abl\u00e1ci\u00f3 lovakban t\u00f6rt\u00e9n\u0151 elv\u00e9gz\u00e9s\u00e9nek technikai felt\u00e9teleit. A kutat\u00e1s k\u00f6vetkez\u0151 f\u00e1zis\u00e1ban t\u00edz eutan\u00e1zi\u00e1ra v\u00e1r\u00f3, \u00e9l\u0151 lovon elv\u00e9gezt\u00fck a sz\u00edv kat\u00e9terez\u00e9s\u00e9t. A fenti tudom\u00e1nyos munk\u00e1nk nemzetk\u00f6zi viszonylatban is \u00fajdons\u00e1g, \u00e9s nem csak a hazai verseny-, sport- \u00e9s hobbilovak gy\u00f3gy\u00edt\u00e1s\u00e1t \u00e9rinti, de k\u00fclf\u00f6ldi \u00e9rdekl\u0151d\u00e9sre is sz\u00e1mot tart. Eredm\u00e9nyeinket k\u00e9t nemzetk\u00f6zi kongresszuson \u00e9s n\u00e9gy hazai, orsz\u00e1gos tudom\u00e1nyos f\u00f3rumon tett\u00fck k\u00f6zz\u00e9.<\/p> <p>&nbsp;<\/p> <p><em><strong>\u00c1llattart\u00e1s emisszi\u00f3inak m\u00e9r\u00e9si, analitikai technol\u00f3gi\u00e1inak fejleszt\u00e9se, az emisszi\u00f3 cs\u00f6kkent\u00e9se<\/strong><\/em><\/p> <p>A kutat\u00e1s az \u00e1llatteny\u00e9szt\u00e9s k\u00f6rnyezetszennyez\u0151 hat\u00e1saira f\u00f3kusz\u00e1lt. Az elv\u00e9gzett m\u00e9r\u00e9sek r\u00e9szben helysz\u00ednen elv\u00e9gezhet\u0151 m\u0171szeres k\u00f6rnyezetdiagnosztikai vizsg\u00e1latokb\u00f3l, r\u00e9szben laborat\u00f3riumban v\u00e9grehajthat\u00f3 m\u0171szeres analitikai meghat\u00e1roz\u00e1sokb\u00f3l tev\u0151dtek \u00f6ssze. A m\u00e9r\u00e9si eredm\u00e9nyekb\u0151l folyamatosan b\u0151v\u00fcl\u0151 adatb\u00e1zist \u00e9p\u00edt\u00fcnk ki tov\u00e1bbi tudom\u00e1nyos \u00e9s gyakorlati felhaszn\u00e1l\u00e1s c\u00e9lj\u00e1b\u00f3l. A vizsg\u00e1latok eredm\u00e9nyei megalapozz\u00e1k olyan \u00faj alternat\u00edv technol\u00f3gi\u00e1k tesztel\u00e9s\u00e9t, amelyek alkalmasak az \u00e1llatteny\u00e9szt\u00e9s k\u00f6rnyezetszennyez\u0151 hat\u00e1sainak nyomonk\u00f6vet\u00e9s\u00e9re \u00e9s akt\u00edv befoly\u00e1sol\u00e1s\u00e1ra, cs\u00f6kkent\u00e9s\u00e9re.\u00a0 Kiemelt c\u00e9l a kutat\u00e1sok sor\u00e1n keletkez\u0151 tudom\u00e1nyos ismeretek k\u00e9s\u0151bbi tudom\u00e1nyos \u00e9s gyakorlati alkalmazhat\u00f3s\u00e1ga tov\u00e1bb\u00e1 \u00fczleti hasznos\u00edthat\u00f3s\u00e1ga.<\/p> <p>A projekt eredm\u00e9nyei hasznos\u00edthat\u00f3ak a k\u00f6rnyezetv\u00e9delemben, a gazdas\u00e1gi haszon\u00e1llatok eg\u00e9szs\u00e9gv\u00e9delm\u00e9nek \u00e9s j\u00f3ll\u00e9t\u00e9nek n\u00f6vel\u00e9s\u00e9ben, valamint az \u00e9lelmiszerbiztons\u00e1g ter\u00fclet\u00e9n. \u00cdgy nem csak a k\u00f6rnyezet\u00fcnk v\u00e1lik eg\u00e9szs\u00e9gesebb\u00e9 \u00e9s fenntarthat\u00f3bb\u00e1, hanem cs\u00f6kkenthet\u0151 az \u00e1llatbetegs\u00e9gek kezel\u00e9s\u00e9re felhaszn\u00e1lt antibiotikumok mennyis\u00e9ge \u00e9s annak es\u00e9lye, hogy azok beker\u00fcljenek az \u00e9lelmiszerekbe. Tov\u00e1bbi haszon, hogy az antibiotikum felhaszn\u00e1l\u00e1s cs\u00f6kken\u00e9s\u00e9vel m\u00e9rs\u00e9kl\u0151dik az orvostudom\u00e1ny \u00e1ltal nehezen kezelhet\u0151 \u00e9s az emberi eg\u00e9szs\u00e9gre vesz\u00e9lyes antibiotikumrezisztens k\u00f3rokoz\u00f3k kialakul\u00e1s\u00e1nak kock\u00e1zata.<\/p> <p>&nbsp;<\/p> <p><em><strong>\u00c1llatorvosi \u00e9s hum\u00e1n modellk\u00eds\u00e9rletek, demonstr\u00e1ci\u00f3k \u00e9s oktat\u00e1si programok elv\u00e9gz\u00e9se korszer\u0171 embriol\u00f3giai \u00e9s assziszt\u00e1lt reprodukci\u00f3s k\u00f6zpontban<\/strong><\/em><\/p> <p>Megval\u00f3s\u00edtott c\u00e9lok:<\/p> <p>1) \u00daj t\u00fcsz\u0151teny\u00e9szt\u00e9si \u00e9s fagyaszt\u00e1si technol\u00f3gia adapt\u00e1ci\u00f3ja \u00e9s a saj\u00e1t k\u00f6r\u00fclm\u00e9nyeink k\u00f6z\u00f6tt hat\u00e9konyan m\u0171k\u00f6d\u0151 elj\u00e1r\u00e1s kialak\u00edt\u00e1sa;<\/p> <p>2) Az ultrahangos ellen\u0151rz\u00e9s mellett \u00e9s a follikulus folyad\u00e9k lesz\u00edv\u00e1s\u00e1val t\u00f6rt\u00e9n\u0151 petesejtgy\u0171jt\u00e9si m\u00f3dszer (OPU) bevezet\u00e9se;<\/p> <p>3) A kinyert petesejtekb\u0151l &#8211; in vitro k\u00f6r\u00fclm\u00e9nyek k\u00f6z\u00f6tt &#8211; embri\u00f3k el\u0151\u00e1ll\u00edt\u00e1s\u00e1ra alkalmas technol\u00f3gia kialak\u00edt\u00e1sa, bevezet\u00e9se;<\/p> <p>4) A fent eml\u00edtett elj\u00e1r\u00e1sok kivitelez\u00e9s\u00e9hez sz\u00fcks\u00e9ges \u00faj m\u0171szerek \/ m\u0171szerpark beszerz\u00e9se;<\/p> <p>5) Az \u00faj technik\u00e1knak\/technol\u00f3gi\u00e1knak a kutat\u00e1s \u00e9s a szolg\u00e1ltat\u00e1s ter\u00e9n t\u00f6rt\u00e9n\u0151 alkalmaz\u00e1sa.<\/p> <p>6) Az \u00faj m\u0171szerek r\u00e9v\u00e9n nagyobb lehet\u0151s\u00e9g lesz a j\u00f6v\u0151ben hazai \u00e9s k\u00fclf\u00f6ldi kutat\u00f3csoportokkal t\u00f6rt\u00e9n\u0151 egy\u00fcttm\u0171k\u00f6d\u00e9sek kialak\u00edt\u00e1s\u00e1ra, ami n\u00f6veli a k\u00f6z\u00f6s p\u00e1ly\u00e1zatok beny\u00fajt\u00e1s\u00e1nak az es\u00e9ly\u00e9t.<\/p> <p>7) Az \u00faj m\u00f3dszerek \/ elj\u00e1r\u00e1sok ir\u00e1nt nagy az \u00e9rdekl\u0151d\u00e9s a szarvasmarha \u00e9s l\u00f3teny\u00e9szt\u0151k k\u00f6r\u00e9ben, \u00edgy a j\u00f6v\u0151ben szolg\u00e1ltat\u00e1sk\u00e9nt szeretn\u00e9nk ezeket sz\u00e1mukra biztos\u00edtani (pl. OPU, in vitro embri\u00f3k el\u0151\u00e1ll\u00edt\u00e1sa, stb.).<\/p> <p>8) A lombikb\u00e9bi elj\u00e1r\u00e1s szolg\u00e1ltat\u00e1sk\u00e9nt val\u00f3 alkalmaz\u00e1sa \u00faj bev\u00e9teli forr\u00e1st jelenthet az egyetem sz\u00e1m\u00e1ra.<\/p> <p>&nbsp;<\/p> <p>Eredm\u00e9nyek:<\/p> <p>1) A n\u0151i ivarsejtet befogad\u00f3, a petef\u00e9szkeken tal\u00e1lhat\u00f3 t\u00fcsz\u0151k teny\u00e9szt\u00e9s\u00e9re \u00e9s fagyaszt\u00e1s\u00e1ra alkalmas technol\u00f3gi\u00e1k kifejleszt\u00e9se;<\/p> <p>2) Az \u00faj m\u0171szerek \/ berendez\u00e9sek beszerz\u00e9s\u00e9nek k\u00f6sz\u00f6nhet\u0151en a kutat\u00f3csoport \/ az egyetem m\u0171szerparkj\u00e1nak technikai sz\u00ednvonala \u00e9s \u00e9rt\u00e9ke jelent\u0151sen emelkedett;<\/p> <p>3) A lombikb\u00e9bi program laborat\u00f3riumi szakasza l\u00e9p\u00e9seinek kialak\u00edt\u00e1sa \/ bevezet\u00e9se megt\u00f6rt\u00e9nt, a klinikai szakasz OPU (petesejtgy\u0171jt\u00e9s) l\u00e9p\u00e9s\u00e9nek begyakorl\u00e1sa folyamatban van;<\/p> <p>4) Az \u00faj m\u0171szerek r\u00e9v\u00e9n, a szarvasmarha \u00e9s l\u00f3 lombikb\u00e9bi programok mellett tov\u00e1bbi \u00faj kutat\u00e1si ir\u00e1nyok v\u00e1ltak el\u00e9rhet\u0151v\u00e9;<\/p> <p>5) Az \u00faj berendez\u00e9sek \/ eszk\u00f6z\u00f6k a gradu\u00e1lis \u00e9s posztgradu\u00e1lis oktat\u00e1s elm\u00e9leti \u00e9s gyakorlati r\u00e9sz\u00e9nek a fejleszt\u00e9s\u00e9hez is hozz\u00e1j\u00e1rulnak;<\/p> <p>6) \u00faj PhD programokat ind\u00edthatunk, t\u00f6bb szakdolgoz\u00f3t fogadhatunk, stb., \u00edgy a tudom\u00e1nyos ut\u00e1np\u00f3tl\u00e1sk\u00e9pz\u00e9s is profit\u00e1l a fejleszt\u00e9sekb\u0151l;<\/p> <p>7) az \u00faj m\u0171szerek a j\u00f6v\u0151ben \u00faj szolg\u00e1ltat\u00e1si ter\u00fcletek m\u0171vel\u00e9s\u00e9t is lehet\u0151v\u00e9 teszik, mivel jelent\u0151sen hozz\u00e1j\u00e1rul az un. lombikb\u00e9bi programok l\u00f3ban \u00e9s szarvasmarh\u00e1ban t\u00f6rt\u00e9n\u0151 elind\u00edt\u00e1s\u00e1hoz \/ alkalmaz\u00e1s\u00e1hoz;<\/p> <p>8) publik\u00e1ci\u00f3s lehet\u0151s\u00e9gek b\u0151v\u00fcltek \/ javultak;<\/p> <p>9) a m\u0171szerpark fejleszt\u00e9se \u00e9s a kutat\u00e1si ter\u00fcletek b\u0151v\u00fcl\u00e9se a hazai \u00e9s nemzetk\u00f6zi kutat\u00f3csoportokkal kutat\u00f3 csoportokkal val\u00f3 egy\u00fcttm\u0171k\u00f6d\u00e9sek kialak\u00edt\u00e1s\u00e1t is nagyban el\u0151seg\u00edtheti a j\u00f6v\u0151ben.<\/p> <p>&nbsp;<\/p> <p>Az un. lombikb\u00e9bi program alkalmaz\u00e1sa nagy gyakorlati jelent\u0151s\u00e9ggel b\u00edr, els\u0151sorban a l\u00f3teny\u00e9szt\u00e9sben \u00e9rdekelt szakemberek sz\u00e1m\u00e1ra, de mellett\u00fck a szarvasmarha teny\u00e9szt\u00e9sben is j\u00f3l hasznos\u00edthat\u00f3. A l\u00f3ban az\u00e9rt van nagyobb jelent\u0151s\u00e9ge az elj\u00e1r\u00e1snak, mert a kanca petef\u00e9szk\u00e9nek az anat\u00f3miai strukt\u00far\u00e1ja nem teszi lehet\u0151v\u00e9, hogy hormonkezel\u00e9ssel egyszerre sok t\u00fcsz\u0151 fejl\u0151d\u00e9s\u00e9t ind\u00edtsuk el (szuperovul\u00e1ci\u00f3). Ezzel szemben a teh\u00e9n eset\u00e9ben a hormonkezel\u00e9s eredm\u00e9nyek\u00e9nt ak\u00e1r 20-30 embri\u00f3t is kinyerhet\u00fcnk a m\u00e9hb\u0151l, annak t\u00e1pfolyad\u00e9kkal val\u00f3 \u00e1t\u00f6bl\u00edt\u00e9s\u00e9vel. Kanc\u00e1ban ciklusonk\u00e9nt 1, maximum 2 t\u00fcsz\u0151 fejl\u0151dik ki teljesen, reped fel (ovul\u00e1ci\u00f3) \u00e9s szabadul ki a petesejt bel\u0151le. Ennek megfelel\u0151en 1, esetleg 2 embri\u00f3t lehet kinyerni a term\u00e9keny\u00edt\u00e9s ut\u00e1ni 7. napon a m\u00e9hb\u0151l (ez\u00e9rt nagyon ritka az ikerell\u00e9s kanc\u00e1ban). Ugyanakkor, egy \u2013 egy nemi ciklusban, melynek hossza 21 nap, rendszerint 3-4 un. t\u00fcsz\u0151fejl\u0151d\u00e9si hull\u00e1mot lehet megk\u00fcl\u00f6nb\u00f6ztetni. Mindegyik hull\u00e1mban t\u00f6bb, 3-5 t\u00fcsz\u0151 indul fejl\u0151d\u00e9snek. A t\u00fcsz\u0151k n\u00f6veked\u00e9se 2-3 nap eltelt\u00e9vel meg\u00e1ll \u00e9s visszafejl\u0151dnek, \u00edgy nem k\u00f6vetkezik be a felreped\u00e9s\u00fck, nem szabadulhat ki bel\u0151l\u00fck a petesejt. Az utols\u00f3, 3.-4. hull\u00e1mb\u00f3l ker\u00fcl ki az a t\u00fcsz\u0151, amelyik teljesen kifejl\u0151dik, bek\u00f6vetkezik a felreped\u00e9se \u00e9s kiszabadulhat bel\u0151le a petesejt. Az OPU technik\u00e1val (a t\u00fcsz\u0151folyad\u00e9k lesz\u00edv\u00e1s\u00e1val) azokat a t\u00fcsz\u0151ket \u00e9s a benn\u00fck l\u00e9v\u0151 petesejteket tudjuk hasznos\u00edtani, amelyek nem tudj\u00e1k befejezni \u201eszab\u00e1lyszer\u0171en\u201d a fejl\u0151d\u00e9s\u00fcket \u00e9s a benn\u00fck l\u00e9v\u0151 petesejteket \u201eelvesz\u00edtj\u00fck\u201d. Kanc\u00e1ban a t\u00fcsz\u0151folyad\u00e9k lesz\u00edv\u00e1s\u00e1val nyert petesejteket mesters\u00e9ges \/ laborat\u00f3riumi k\u00f6r\u00fclm\u00e9nyek k\u00f6z\u00f6tt term\u00e9keny\u00edtve (lombikb\u00e9bi technika) meg tudjuk sokszorozni az el\u0151\u00e1ll\u00edthat\u00f3 embri\u00f3k \u00e9s ezen kereszt\u00fcl a megsz\u00fcletend\u0151 ut\u00f3dok sz\u00e1m\u00e1t. Ennek k\u00f6sz\u00f6nget\u0151en a kiv\u00e1l\u00f3 genetikai tulajdons\u00e1ggal rendelkez\u0151 kanc\u00e1kt\u00f3l t\u00f6bb csik\u00f3 sz\u00fclethet (recipiensek \u00e1ltal vil\u00e1gra hozott), olyan kanc\u00e1kt\u00f3l is sz\u00fclethet csik\u00f3, amelyek valamilyen okb\u00f3l nem vemhes\u00edthet\u0151k, vagy nem tudja kihordani \/ megelleni a magzatot. Sport lovak eset\u00e9ben is alkalmazhat\u00f3 a m\u00f3dszer, \u00e9s az eddigi tapasztalatok szerint a versenyszezont kev\u00e9sb\u00e9 zavarja meg, mint m\u00e1s beavatkoz\u00e1s.<\/p> <p><img loading=\"lazy\" decoding=\"async\" class=\"size-medium wp-image-87453 alignright\" src=\"https:\/\/univet.hu\/wp-content\/uploads\/2023\/06\/NKFIA_infoblokk_kerettel_program_fekvo_2019_HU-320x136.jpg\" alt=\"\" width=\"320\" height=\"136\" srcset=\"https:\/\/univet.hu\/wp-content\/uploads\/2023\/06\/NKFIA_infoblokk_kerettel_program_fekvo_2019_HU-320x136.jpg 320w, https:\/\/univet.hu\/wp-content\/uploads\/2023\/06\/NKFIA_infoblokk_kerettel_program_fekvo_2019_HU-768x326.jpg 768w, https:\/\/univet.hu\/wp-content\/uploads\/2023\/06\/NKFIA_infoblokk_kerettel_program_fekvo_2019_HU-960x407.jpg 960w\" sizes=\"auto, (max-width: 320px) 100vw, 320px\" \/><\/p> <p>&nbsp;<\/p> <p>&nbsp;<\/p>","protected":false},"excerpt":{"rendered":"<p>&nbsp; Az Innov\u00e1ci\u00f3s \u00e9s Technol\u00f3giai Miniszt\u00e9rium (a tov\u00e1bbiakban: T\u00e1mogat\u00f3) \u00e1ltal a Nemzeti Kutat\u00e1si, Fejleszt\u00e9si \u00e9s Innov\u00e1ci\u00f3s Hivatal, mint kezel\u0151 szerv (a tov\u00e1bbiakban: NKFI Hivatal vagy Kezel\u0151 szerv) \u00fatj\u00e1n a Nemzeti Kutat\u00e1si, Fejleszt\u00e9si \u00e9s Innov\u00e1ci\u00f3s Alapb\u00f3l (a tov\u00e1bbiakban: NKFI Alap), meghirdetett p\u00e1ly\u00e1zati ki\u00edr\u00e1s (a tov\u00e1bbiakban: Ki\u00edr\u00e1s) c\u00e9lja, hogy a fels\u0151oktat\u00e1si int\u00e9zm\u00e9nyek \u00e9s \u00e1llami kutat\u00f3helyek (tov\u00e1bbiakban: int\u00e9zm\u00e9nyek)<\/p>\n","protected":false},"author":4688,"featured_media":0,"parent":45583,"menu_order":0,"comment_status":"open","ping_status":"open","template":"","meta":{"_acf_changed":false,"footnotes":""},"categories":[],"tags":[],"class_list":["post-86897","page","type-page","status-publish","hentry"],"acf":[],"_links":{"self":[{"href":"https:\/\/univet.hu\/hu\/wp-json\/wp\/v2\/pages\/86897","targetHints":{"allow":["GET"]}}],"collection":[{"href":"https:\/\/univet.hu\/hu\/wp-json\/wp\/v2\/pages"}],"about":[{"href":"https:\/\/univet.hu\/hu\/wp-json\/wp\/v2\/types\/page"}],"author":[{"embeddable":true,"href":"https:\/\/univet.hu\/hu\/wp-json\/wp\/v2\/users\/4688"}],"replies":[{"embeddable":true,"href":"https:\/\/univet.hu\/hu\/wp-json\/wp\/v2\/comments?post=86897"}],"version-history":[{"count":0,"href":"https:\/\/univet.hu\/hu\/wp-json\/wp\/v2\/pages\/86897\/revisions"}],"up":[{"embeddable":true,"href":"https:\/\/univet.hu\/hu\/wp-json\/wp\/v2\/pages\/45583"}],"wp:attachment":[{"href":"https:\/\/univet.hu\/hu\/wp-json\/wp\/v2\/media?parent=86897"}],"wp:term":[{"taxonomy":"category","embeddable":true,"href":"https:\/\/univet.hu\/hu\/wp-json\/wp\/v2\/categories?post=86897"},{"taxonomy":"post_tag","embeddable":true,"href":"https:\/\/univet.hu\/hu\/wp-json\/wp\/v2\/tags?post=86897"}],"curies":[{"name":"wp","href":"https:\/\/api.w.org\/{rel}","templated":true}]}}