{"id":86908,"date":"2023-06-14T10:12:35","date_gmt":"2023-06-14T08:12:35","guid":{"rendered":"https:\/\/univet.hu\/hu\/egyetem\/palyazati-projektek\/nkfih-palyazatok\/otka-projektek\/pd124522\/"},"modified":"2023-06-23T10:06:50","modified_gmt":"2023-06-23T08:06:50","slug":"pd-124522","status":"publish","type":"page","link":"https:\/\/univet.hu\/hu\/egyetem\/palyazati-projektek\/nkfih-palyazatok\/otka-projektek\/pd-124522\/","title":{"rendered":"PD 124522 &#8211; Probiotikumok, antioxid\u00e1nsok hat\u00e1sai gy\u00f3gyszerek, toxikus \u00e9s fert\u0151z\u0151 \u00e1gensek okozta sert\u00e9s h\u00e1msejt k\u00e1rosod\u00e1sokban in vitro"},"content":{"rendered":"<p><strong>T\u00e1mogat\u00e1s \u00f6sszege:<\/strong> 15.219.000,- Ft<\/p> <p><strong>Projekt szakmai vezet\u0151je:<\/strong> Dr. P\u00e1sztin\u00e9 Dr. Gere Erzs\u00e9bet<\/p> <p><strong>Megval\u00f3s\u00edt\u00e1s id\u0151szaka:<\/strong><\/p> <p>2017. december 01. \u2013 2022. november 30.<\/p> <p>&nbsp;<\/p> <p><strong>Projekt tartalma:<\/strong><\/p> <p>A sert\u00e9steny\u00e9szt\u00e9s s\u00falyos probl\u00e9m\u00e1ja a fiatal \u00e1llatokban kialakul\u00f3, hasmen\u00e9ssel, a t\u00e1panyagok felsz\u00edv\u00f3d\u00e1s\u00e1nak roml\u00e1s\u00e1val, a s\u00falygyarapod\u00e1s cs\u00f6kken\u00e9s\u00e9vel egy\u00fcttj\u00e1r\u00f3 b\u00e9lgyullad\u00e1s, melynek okai k\u00f6z\u00f6tt bakteri\u00e1lis fert\u0151z\u00e9sek vagy a takarm\u00e1nyt szennyez\u0151 pen\u00e9szgomb\u00e1k \u00e1ltal termelt mikotoxinok egyar\u00e1nt el\u0151fordulnak. Magyarorsz\u00e1gon a takarm\u00e1nytermel\u0151 ter\u00fcletek nagy r\u00e9sze fert\u0151z\u00f6tt mikotoxin-termel\u0151 Fusarium fajokkal, \u00edgy a szennyez\u0151d\u00e9s m\u00e1r a takarm\u00e1nyn\u00f6v\u00e9nyek fejl\u0151d\u00e9se sor\u00e1n is kialakulhat. A bakteri\u00e1lis eredet\u0171 fert\u0151z\u00e9seket csak s\u00falyos esetekben kezelik antibiotikumokkal, a mikotoxinok eset\u00e9ben nincs gy\u00f3gyszeres v\u00e9dekez\u00e9si lehet\u0151s\u00e9g, csak a takarm\u00e1ny nem szennyezett \u00f6sszetev\u0151kkel val\u00f3 h\u00edg\u00edt\u00e1sa m\u00e9rs\u00e9kelheti a k\u00e1rokat. Egyre n\u0151 az ig\u00e9ny, hogy olyan, term\u00e9szetes eredet\u0171 anyagokat alkalmazzanak a takarm\u00e1nyoz\u00e1s sor\u00e1n ezen betegs\u00e9gek megel\u0151z\u00e9s\u00e9re vagy a gy\u00f3gyszeres ter\u00e1pia kieg\u00e9sz\u00edt\u00e9sek\u00e9nt, amelyek alkalmasak lehetnek a b\u00e9lh\u00e1m er\u0151s\u00edt\u00e9s\u00e9re, a fert\u0151z\u00e9sekkel szembeni ellen\u00e1ll\u00f3-k\u00e9pess\u00e9g n\u00f6vel\u00e9s\u00e9re. A b\u00e9lh\u00e1m v\u00e9d\u0151 funkci\u00f3j\u00e1nak fenntart\u00e1s\u00e1ban szerepet j\u00e1tsz\u00f3 enzimek m\u0171k\u00f6d\u00e9s\u00e9nek meg\u00e9rt\u00e9se kulcsfontoss\u00e1g\u00fa a j\u00f3t\u00e9kony hat\u00e1s\u00fa anyagok kiv\u00e1laszt\u00e1sa sor\u00e1n. A jelen kutat\u00e1s c\u00e9lja az antioxid\u00e1nsok \u00e9s a probiotikumok hat\u00e1s\u00e1nak felt\u00e9rk\u00e9pez\u00e9se a b\u00e9lgyullad\u00e1sok kiv\u00e9d\u00e9s\u00e9re sejtteny\u00e9szeteken v\u00e9gzett k\u00eds\u00e9rletek seg\u00edts\u00e9g\u00e9vel. Az eredm\u00e9nyek alapj\u00e1n k\u00f6zelebb ker\u00fclhet\u00fcnk egy olyan nem-gy\u00f3gyszeres elj\u00e1r\u00e1s kifejleszt\u00e9s\u00e9hez, amely a sert\u00e9s\u00e1llom\u00e1ny eg\u00e9szs\u00e9g\u00e9nek meg\u0151rz\u00e9s\u00e9vel hozz\u00e1j\u00e1rulhat a sert\u00e9steny\u00e9szt\u00e9s versenyk\u00e9pess\u00e9g\u00e9nek jav\u00edt\u00e1s\u00e1hoz.<\/p>","protected":false},"excerpt":{"rendered":"<p>T\u00e1mogat\u00e1s \u00f6sszege: 15.219.000,- Ft Projekt szakmai vezet\u0151je: Dr. P\u00e1sztin\u00e9 Dr. Gere Erzs\u00e9bet Megval\u00f3s\u00edt\u00e1s id\u0151szaka: 2017. december 01. \u2013 2022. november 30. &nbsp; Projekt tartalma: A sert\u00e9steny\u00e9szt\u00e9s s\u00falyos probl\u00e9m\u00e1ja a fiatal \u00e1llatokban kialakul\u00f3, hasmen\u00e9ssel, a t\u00e1panyagok felsz\u00edv\u00f3d\u00e1s\u00e1nak roml\u00e1s\u00e1val, a s\u00falygyarapod\u00e1s cs\u00f6kken\u00e9s\u00e9vel egy\u00fcttj\u00e1r\u00f3 b\u00e9lgyullad\u00e1s, melynek okai k\u00f6z\u00f6tt bakteri\u00e1lis fert\u0151z\u00e9sek vagy a takarm\u00e1nyt szennyez\u0151 pen\u00e9szgomb\u00e1k \u00e1ltal termelt mikotoxinok<\/p>\n","protected":false},"author":4688,"featured_media":0,"parent":86876,"menu_order":0,"comment_status":"open","ping_status":"open","template":"","meta":{"_acf_changed":false,"footnotes":""},"categories":[],"tags":[],"class_list":["post-86908","page","type-page","status-publish","hentry"],"acf":[],"_links":{"self":[{"href":"https:\/\/univet.hu\/hu\/wp-json\/wp\/v2\/pages\/86908","targetHints":{"allow":["GET"]}}],"collection":[{"href":"https:\/\/univet.hu\/hu\/wp-json\/wp\/v2\/pages"}],"about":[{"href":"https:\/\/univet.hu\/hu\/wp-json\/wp\/v2\/types\/page"}],"author":[{"embeddable":true,"href":"https:\/\/univet.hu\/hu\/wp-json\/wp\/v2\/users\/4688"}],"replies":[{"embeddable":true,"href":"https:\/\/univet.hu\/hu\/wp-json\/wp\/v2\/comments?post=86908"}],"version-history":[{"count":0,"href":"https:\/\/univet.hu\/hu\/wp-json\/wp\/v2\/pages\/86908\/revisions"}],"up":[{"embeddable":true,"href":"https:\/\/univet.hu\/hu\/wp-json\/wp\/v2\/pages\/86876"}],"wp:attachment":[{"href":"https:\/\/univet.hu\/hu\/wp-json\/wp\/v2\/media?parent=86908"}],"wp:term":[{"taxonomy":"category","embeddable":true,"href":"https:\/\/univet.hu\/hu\/wp-json\/wp\/v2\/categories?post=86908"},{"taxonomy":"post_tag","embeddable":true,"href":"https:\/\/univet.hu\/hu\/wp-json\/wp\/v2\/tags?post=86908"}],"curies":[{"name":"wp","href":"https:\/\/api.w.org\/{rel}","templated":true}]}}