{"id":86910,"date":"2023-06-14T10:14:42","date_gmt":"2023-06-14T08:14:42","guid":{"rendered":"https:\/\/univet.hu\/hu\/egyetem\/palyazati-projektek\/nkfih-palyazatok\/otka-projektek\/nn125642\/"},"modified":"2023-06-23T10:03:58","modified_gmt":"2023-06-23T08:03:58","slug":"nn-125642","status":"publish","type":"page","link":"https:\/\/univet.hu\/hu\/egyetem\/palyazati-projektek\/nkfih-palyazatok\/otka-projektek\/nn-125642\/","title":{"rendered":"NN 125642 &#8211; A f\u00e9szkel\u0151hely v\u00e1laszt\u00e1s \u00e9letmenet k\u00f6vetkezm\u00e9nyei"},"content":{"rendered":"<p><strong>T\u00e1mogat\u00e1s \u00f6sszege:<\/strong> 44.020.000,- Ft<\/p> <p><strong>Projekt szakmai vezet\u0151je:<\/strong> Dr. Kosztol\u00e1nyi Andr\u00e1s<\/p> <p><strong>Megval\u00f3s\u00edt\u00e1s id\u0151szaka:<\/strong><\/p> <p>2017. december 01. \u2013 2023. m\u00e1rcius 31.<\/p> <p>&nbsp;<\/p> <p><strong>Projekt tartalma:<\/strong><\/p> <p>A f\u00f6ld\u00f6n f\u00e9szkel\u0151 madaraknak a toj\u00e1sok \u00e9s a kotl\u00f3 sz\u00fcl\u0151 magas pred\u00e1ci\u00f3s vesz\u00e9ly\u00e9vel kell szemben\u00e9zni\u00fck. A pred\u00e1ci\u00f3 azonban csak az egyik t\u00e9nyez\u0151, ami befoly\u00e1solhatja a f\u00e9szkel\u0151hely v\u00e1laszt\u00e1st. Egy nyitott helyen l\u00e9v\u0151 f\u00e9szek el\u0151ny\u00f6s lehet, mivel a ragadoz\u00f3 kor\u00e1n \u00e9szlelhet\u0151, m\u00edg egy veget\u00e1ci\u00f3 (pl. kis bokor) \u00e1ltal \u00e1rny\u00e9kolt f\u00e9szek el\u0151ny\u00f6s lehet, mert cs\u00f6kkenti az embri\u00f3k t\u00falmeleged\u00e9s miatti pusztul\u00e1s\u00e1nak val\u00f3sz\u00edn\u0171s\u00e9g\u00e9t. Egy kism\u00e9ret\u0171, f\u00f6ld\u00f6n f\u00e9szkel\u0151 partimad\u00e1r fajn\u00e1l, a sz\u00e9ki lil\u00e9n\u00e9la veget\u00e1ci\u00f3s bor\u00edtotts\u00e1g v\u00e1ltozatoss\u00e1got mutat a f\u00e9szkek k\u00f6z\u00f6tt. A pred\u00e1ci\u00f3n \u00e9s a h\u0151m\u00e9rs\u00e9kleti k\u00f6r\u00fclm\u00e9nyeken t\u00fal a optim\u00e1lis f\u00e9szkel\u0151hely v\u00e1laszt\u00e1st tov\u00e1bbi k\u00e9t faktor is befoly\u00e1solhatja ebben a fajban. Egyr\u00e9szt a mind a k\u00e9t ivar kotlik \u00e9s az ivaroknak k\u00fcl\u00f6nb\u00f6zik a kotl\u00e1si id\u0151beoszt\u00e1sa: a toj\u00f3k nappal, m\u00edg a h\u00edmek t\u00f6bbnyire \u00e9jszaka kotlanak. \u00cdgy a toj\u00f3knak a n\u00f6v\u00e9nyzettel bor\u00edtott f\u00e9szek (v\u00e9d a t\u00falmeleged\u00e9s ellen) lenne az optim\u00e1lis, m\u00edg a h\u00edmeknek a ny\u00edlt f\u00e9szek (a korai pred\u00e1tor \u00e9szlel\u00e9snek kedvez) lenne optim\u00e1lis. Azaz a k\u00e9t sz\u00fcl\u0151nek k\u00fcl\u00f6nb\u00f6z\u0151 lehet az optimuma, \u00e9s ez konfliktust okozhat k\u00f6z\u00f6tt\u00fck. M\u00e1sr\u00e9szt az adataink azt val\u00f3sz\u00edn\u0171s\u00edtik, hogy a sz\u00fcl\u0151k konzisztens k\u00fcl\u00f6nbs\u00e9geket mutatnak a f\u00e9szkel\u0151hely v\u00e1laszt\u00e1sban: egyes egyedek z\u00e1rt m\u00edg m\u00e1sok ny\u00edlt f\u00e9szkeket prefer\u00e1lnak. A javasolt kutat\u00e1sban megfigyel\u00e9sek \u00e9s k\u00eds\u00e9reltek sorozat\u00e1val tervezz\u00fck vizsg\u00e1lni a f\u00e9szkel\u0151hely v\u00e1laszt\u00e1s term\u00e9szetes v\u00e1ltozatoss\u00e1g\u00e1t \u00e9s a sz\u00fcl\u0151k k\u00f6z\u00f6tti konfliktus \u00e9s a szem\u00e9lyespreferenci\u00e1k hat\u00e1s\u00e1t a f\u00e9szkel\u0151hely v\u00e1laszt\u00e1sra. Arra sz\u00e1m\u00edtunk, hogy ezen vizsg\u00e1latok \u00e9rdekes eredm\u00e9nyekkel fognak szolg\u00e1lni nemcsak a kutat\u00f3k sz\u00e1m\u00e1ra, hanem a partimadarak v\u00e9delm\u00e9t c\u00e9lz\u00f3 term\u00e9szetv\u00e9delem sz\u00e1m\u00e1ra is.<\/p> <p>&nbsp;<\/p>","protected":false},"excerpt":{"rendered":"<p>T\u00e1mogat\u00e1s \u00f6sszege: 44.020.000,- Ft Projekt szakmai vezet\u0151je: Dr. Kosztol\u00e1nyi Andr\u00e1s Megval\u00f3s\u00edt\u00e1s id\u0151szaka: 2017. december 01. \u2013 2023. m\u00e1rcius 31. &nbsp; Projekt tartalma: A f\u00f6ld\u00f6n f\u00e9szkel\u0151 madaraknak a toj\u00e1sok \u00e9s a kotl\u00f3 sz\u00fcl\u0151 magas pred\u00e1ci\u00f3s vesz\u00e9ly\u00e9vel kell szemben\u00e9zni\u00fck. A pred\u00e1ci\u00f3 azonban csak az egyik t\u00e9nyez\u0151, ami befoly\u00e1solhatja a f\u00e9szkel\u0151hely v\u00e1laszt\u00e1st. Egy nyitott helyen l\u00e9v\u0151 f\u00e9szek el\u0151ny\u00f6s<\/p>\n","protected":false},"author":4688,"featured_media":0,"parent":86876,"menu_order":0,"comment_status":"open","ping_status":"open","template":"","meta":{"_acf_changed":false,"footnotes":""},"categories":[],"tags":[],"class_list":["post-86910","page","type-page","status-publish","hentry"],"acf":[],"_links":{"self":[{"href":"https:\/\/univet.hu\/hu\/wp-json\/wp\/v2\/pages\/86910","targetHints":{"allow":["GET"]}}],"collection":[{"href":"https:\/\/univet.hu\/hu\/wp-json\/wp\/v2\/pages"}],"about":[{"href":"https:\/\/univet.hu\/hu\/wp-json\/wp\/v2\/types\/page"}],"author":[{"embeddable":true,"href":"https:\/\/univet.hu\/hu\/wp-json\/wp\/v2\/users\/4688"}],"replies":[{"embeddable":true,"href":"https:\/\/univet.hu\/hu\/wp-json\/wp\/v2\/comments?post=86910"}],"version-history":[{"count":0,"href":"https:\/\/univet.hu\/hu\/wp-json\/wp\/v2\/pages\/86910\/revisions"}],"up":[{"embeddable":true,"href":"https:\/\/univet.hu\/hu\/wp-json\/wp\/v2\/pages\/86876"}],"wp:attachment":[{"href":"https:\/\/univet.hu\/hu\/wp-json\/wp\/v2\/media?parent=86910"}],"wp:term":[{"taxonomy":"category","embeddable":true,"href":"https:\/\/univet.hu\/hu\/wp-json\/wp\/v2\/categories?post=86910"},{"taxonomy":"post_tag","embeddable":true,"href":"https:\/\/univet.hu\/hu\/wp-json\/wp\/v2\/tags?post=86910"}],"curies":[{"name":"wp","href":"https:\/\/api.w.org\/{rel}","templated":true}]}}