{"id":86914,"date":"2023-06-14T10:18:54","date_gmt":"2023-06-14T08:18:54","guid":{"rendered":"https:\/\/univet.hu\/hu\/egyetem\/palyazati-projektek\/nkfih-palyazatok\/otka-projektek\/name\/"},"modified":"2023-07-17T10:20:50","modified_gmt":"2023-07-17T08:20:50","slug":"ann-143995","status":"publish","type":"page","link":"https:\/\/univet.hu\/hu\/egyetem\/palyazati-projektek\/nkfih-palyazatok\/otka-projektek\/ann-143995\/","title":{"rendered":"ANN 143995 &#8211; A sikeres sz\u00fcl\u0151s\u00e9g szoci\u00e1lis \u00e9s k\u00f6rnyezeti meghat\u00e1roz\u00f3i"},"content":{"rendered":"<p><strong>T\u00e1mogat\u00e1s \u00f6sszege:<\/strong> 47.988.000,- Ft<\/p> <p><strong>Projekt szakmai vezet\u0151je:<\/strong> Dr. Kosztol\u00e1nyi Andr\u00e1s<\/p> <p><strong>Megval\u00f3s\u00edt\u00e1si id\u0151szak:<\/strong><\/p> <p>2023. janu\u00e1r 01. \u2013 2026. december 31.<\/p> <p>&nbsp;<\/p> <p><strong>Projekt tartalma:<\/strong><\/p> <p>Sz\u00e1mos fajban a sz\u00fcl\u0151k v\u00e1ltozatos m\u00f3don gondoskodnak az ut\u00f3dokr\u00f3l, bele\u00e9rtve az ut\u00f3dok v\u00e9delmez\u00e9s\u00e9t \u00e9s etet\u00e9s\u00e9t. A k\u00fcl\u00f6nb\u00f6z\u0151 ut\u00f3dgondoz\u00f3 strat\u00e9gi\u00e1k evol\u00faci\u00f3j\u00e1t befoly\u00e1sol\u00f3 hat\u00e1sok megismer\u00e9se fontos a term\u00e9szetben el\u0151fordul\u00f3 konfliktusok \u00e9s egy\u00fcttm\u0171k\u00f6d\u00e9sek meg\u00e9rt\u00e9s\u00e9hez. A sz\u00fcl\u0151i strat\u00e9gi\u00e1k sikeress\u00e9g\u00e9t k\u00e9t fontos er\u0151 is ir\u00e1ny\u00edthatja: i) az \u00f6kol\u00f3giai k\u00f6rnyezet sz\u00fcl\u0151k \u00e1ltal tapasztalt v\u00e1ltozatoss\u00e1ga, ide\u00e9rtve a h\u0151m\u00e9rs\u00e9kletet \u00e9s a t\u00e1pl\u00e1l\u00e9kb\u0151s\u00e9get, \u00e9s ii) a szoci\u00e1lis k\u00f6rnyezet, ami befoly\u00e1solja a kompet\u00edci\u00f3 intenzit\u00e1s\u00e1t, a konfliktusokat \u00e9s a szoci\u00e1lis inform\u00e1ci\u00f3 el\u00e9rhet\u0151s\u00e9g\u00e9t. Azonban az tov\u00e1bbra sem ismert, hogy a sz\u00fcl\u0151k milyen strat\u00e9gi\u00e1kat alkalmaznak az \u00e9v sor\u00e1n ahhoz, hogy megfeleljenek a k\u00f6rnyezeti felt\u00e9teleknek mik\u00f6zben olyan szoci\u00e1lis strat\u00e9gi\u00e1kat alkalmaznak, amelyek minimaliz\u00e1lj\u00e1k a konfliktusokat \u00e9s optimaliz\u00e1lj\u00e1k az egy\u00fcttm\u0171k\u00f6d\u00e9si strat\u00e9gi\u00e1kat. C\u00e9lunk, hogy meg\u00e9rts\u00fck, hogy az egyedek \u00e1ltal tapasztalt szoci\u00e1lis \u00e9s \u00f6kol\u00f3giai k\u00f6rnyezet milyen hat\u00e1ssal van a szaporod\u00e1si strat\u00e9gi\u00e1k evol\u00faci\u00f3j\u00e1ra. Egy osztr\u00e1k-magyar egy\u00fcttm\u0171k\u00f6d\u00e9s keret\u00e9ben, egy automatiz\u00e1lt \u00e9rz\u00e9kel\u0151 technol\u00f3gia alkalmaz\u00e1s\u00e1val az egyedek mozg\u00e1si mint\u00e1zat\u00e1t tervezz\u00fck vizsg\u00e1lni egy kis termet\u0171 partimad\u00e1rn\u00e1l, a sz\u00e9ki lil\u00e9n\u00e9l (Charadrius alexandrinus), ahol a h\u00edmek \u00e9s n\u0151st\u00e9nyek egy\u00fcttm\u0171k\u00f6dnek a f\u00e9szekhagy\u00f3 fi\u00f3k\u00e1k gondoz\u00e1sa sor\u00e1n. Az egyes sz\u00fcl\u0151k mozg\u00e1smint\u00e1zat\u00e1nak integr\u00e1l\u00e1s\u00e1val szoci\u00e1lis h\u00e1l\u00f3zatokat fogunk k\u00e9sz\u00edteni, \u00e9s ezeket r\u00e9szletes ut\u00f3dgondoz\u00e1si megfigyel\u00e9sekkel \u00e9s a szaporod\u00e1si siker m\u00e9r\u0151sz\u00e1maival kombin\u00e1lva fogjuk vizsg\u00e1lni a szoci\u00e1lis \u00e9s k\u00f6rnyezeti v\u00e1ltozatoss\u00e1g hat\u00e1s\u00e1t a sz\u00fcl\u0151i szaporod\u00e1si strat\u00e9gi\u00e1k evol\u00faci\u00f3j\u00e1ra.<\/p> <p>&nbsp;<\/p>","protected":false},"excerpt":{"rendered":"<p>T\u00e1mogat\u00e1s \u00f6sszege: 47.988.000,- Ft Projekt szakmai vezet\u0151je: Dr. Kosztol\u00e1nyi Andr\u00e1s Megval\u00f3s\u00edt\u00e1si id\u0151szak: 2023. janu\u00e1r 01. \u2013 2026. december 31. &nbsp; Projekt tartalma: Sz\u00e1mos fajban a sz\u00fcl\u0151k v\u00e1ltozatos m\u00f3don gondoskodnak az ut\u00f3dokr\u00f3l, bele\u00e9rtve az ut\u00f3dok v\u00e9delmez\u00e9s\u00e9t \u00e9s etet\u00e9s\u00e9t. A k\u00fcl\u00f6nb\u00f6z\u0151 ut\u00f3dgondoz\u00f3 strat\u00e9gi\u00e1k evol\u00faci\u00f3j\u00e1t befoly\u00e1sol\u00f3 hat\u00e1sok megismer\u00e9se fontos a term\u00e9szetben el\u0151fordul\u00f3 konfliktusok \u00e9s egy\u00fcttm\u0171k\u00f6d\u00e9sek meg\u00e9rt\u00e9s\u00e9hez. A sz\u00fcl\u0151i<\/p>\n","protected":false},"author":4688,"featured_media":0,"parent":86876,"menu_order":0,"comment_status":"open","ping_status":"open","template":"","meta":{"_acf_changed":false,"footnotes":""},"categories":[],"tags":[],"class_list":["post-86914","page","type-page","status-publish","hentry"],"acf":[],"_links":{"self":[{"href":"https:\/\/univet.hu\/hu\/wp-json\/wp\/v2\/pages\/86914","targetHints":{"allow":["GET"]}}],"collection":[{"href":"https:\/\/univet.hu\/hu\/wp-json\/wp\/v2\/pages"}],"about":[{"href":"https:\/\/univet.hu\/hu\/wp-json\/wp\/v2\/types\/page"}],"author":[{"embeddable":true,"href":"https:\/\/univet.hu\/hu\/wp-json\/wp\/v2\/users\/4688"}],"replies":[{"embeddable":true,"href":"https:\/\/univet.hu\/hu\/wp-json\/wp\/v2\/comments?post=86914"}],"version-history":[{"count":0,"href":"https:\/\/univet.hu\/hu\/wp-json\/wp\/v2\/pages\/86914\/revisions"}],"up":[{"embeddable":true,"href":"https:\/\/univet.hu\/hu\/wp-json\/wp\/v2\/pages\/86876"}],"wp:attachment":[{"href":"https:\/\/univet.hu\/hu\/wp-json\/wp\/v2\/media?parent=86914"}],"wp:term":[{"taxonomy":"category","embeddable":true,"href":"https:\/\/univet.hu\/hu\/wp-json\/wp\/v2\/categories?post=86914"},{"taxonomy":"post_tag","embeddable":true,"href":"https:\/\/univet.hu\/hu\/wp-json\/wp\/v2\/tags?post=86914"}],"curies":[{"name":"wp","href":"https:\/\/api.w.org\/{rel}","templated":true}]}}