{"id":86917,"date":"2023-06-14T10:24:01","date_gmt":"2023-06-14T08:24:01","guid":{"rendered":"https:\/\/univet.hu\/hu\/egyetem\/palyazati-projektek\/nkfih-palyazatok\/otka-projektek\/name\/"},"modified":"2023-06-21T13:30:49","modified_gmt":"2023-06-21T11:30:49","slug":"fk-134940","status":"publish","type":"page","link":"https:\/\/univet.hu\/hu\/egyetem\/palyazati-projektek\/nkfih-palyazatok\/otka-projektek\/fk-134940\/","title":{"rendered":"FK 134940 &#8211; Antimikrobi\u00e1lis peptidek in vitro vizsg\u00e1lata csirke \u00e9s sert\u00e9s eredet\u0171 b\u00e9l-m\u00e1j modellrendszerekben"},"content":{"rendered":"<p><strong>T\u00e1mogat\u00e1s \u00f6sszege:<\/strong> 29.640.000,- Ft<\/p> <p><strong>Projekt szakmai vezet\u0151je:<\/strong> Dr. M\u00e1tis G\u00e1bor<\/p> <p><strong>Megval\u00f3s\u00edt\u00e1s id\u0151szaka:<\/strong><\/p> <p>2020. december 01. \u2013 2023. november 30.<\/p> <p>&nbsp;<\/p> <p><strong>Projekt tartalma:<\/strong><\/p> <p>Az antibiotikumok a haszon\u00e1llat-gy\u00f3gy\u00e1szatban rutinszer\u0171en alkalmazott gy\u00f3gyszerek a bakteri\u00e1lis megbeteged\u00e9sek \u2013 \u00edgy az em\u00e9szt\u0151szervi fert\u0151z\u00e9sek \u2013 kezel\u00e9s\u00e9re. A hagyom\u00e1nyos antibiotikumok t\u00falzott m\u00e9rt\u00e9kben t\u00f6rt\u00e9n\u0151 alkalmaz\u00e1sa azonban bakteri\u00e1lis rezisztencia kialakul\u00e1s\u00e1hoz \u00e9s terjed\u00e9s\u00e9hez vezethet, mely a hum\u00e1n- \u00e9s \u00e1llatorvosl\u00e1sban egyar\u00e1nt nagy jelent\u0151s\u00e9ggel b\u00edr. A fentiek miatt folyamatosan n\u00f6vekszik az ig\u00e9ny a bakteri\u00e1lis fert\u0151z\u00e9sek kezel\u00e9s\u00e9re ig\u00e9nybe vehet\u0151 alternat\u00edv lehet\u0151s\u00e9gek ir\u00e1nt. Az \u00fan. antimikrobi\u00e1lis peptidek (AMP-k) az immunrendszer term\u00e9szetes m\u0171k\u00f6d\u00e9s\u00e9ben fontos szerepet j\u00e1tsz\u00f3 feh\u00e9rj\u00e9k, melyek befoly\u00e1solhatj\u00e1k a szervezet bakteri\u00e1lis anyagcsere-term\u00e9kekkel szembeni v\u00e1laszreakci\u00f3it. Kutat\u00e1sunk f\u0151 c\u00e9lja, hogy k\u00fcl\u00f6nf\u00e9le AMP-k gyullad\u00e1sos folyamatokra, illetve szabad gy\u00f6k\u00f6k k\u00e9pz\u0151d\u00e9s\u00e9re gyakorolt hat\u00e1sait vizsg\u00e1ljuk napjaink k\u00e9t legfontosabb h\u00fastermel\u0151 haszon\u00e1llatfaj\u00e1ban, sert\u00e9sben \u00e9s csirk\u00e9ben. Mivel b\u00e9lgyullad\u00e1sok sor\u00e1n fokoz\u00f3dhat egyes k\u00e1ros bakteri\u00e1lis anyagok felsz\u00edv\u00f3d\u00e1sa \u00e9s m\u00e1jba jut\u00e1sa, vizsg\u00e1latainkat b\u00e9l \u00e9s m\u00e1j eredet\u0171 sejtteny\u00e9szeteken v\u00e9gezz\u00fck. A k\u00e9t \u00e1llatfajb\u00f3l \u00fajonnan kialak\u00edtott sejtteny\u00e9szetek egyed\u00fcl\u00e1ll\u00f3 lehet\u0151s\u00e9get ny\u00fajthatnak a stresszhat\u00e1sok vizsg\u00e1lat\u00e1ra an\u00e9lk\u00fcl, hogy azokhoz nagysz\u00e1m\u00fa \u00e9l\u0151 \u00e1llaton v\u00e9gzett k\u00eds\u00e9rlet v\u00e1lna sz\u00fcks\u00e9gess\u00e9. Kutat\u00e1sunkkal \u00faj inform\u00e1ci\u00f3kat nyerhet\u00fcnk az AMP-k gyullad\u00e1sos- \u00e9s stresszv\u00e1laszra, valamint a szervezet gy\u00f3gyszerlebont\u00f3 k\u00e9pess\u00e9g\u00e9re kifejtett hat\u00e1sair\u00f3l. Az AMP-k kiv\u00e1l\u00f3 jel\u00f6ltek lehetnek haszon\u00e1llataink bakteri\u00e1lis em\u00e9szt\u0151szervi fert\u0151z\u00e9sei \u00e9s a kialakul\u00f3 gyullad\u00e1sos folyamatok kezel\u00e9s\u00e9ben, mely hozz\u00e1j\u00e1rulhat az antibiotikumfelhaszn\u00e1l\u00e1s \u00e9s rezisztencia el\u0151fordul\u00e1s\u00e1nak cs\u00f6kken\u00e9s\u00e9hez.<\/p> <p>&nbsp;<\/p>","protected":false},"excerpt":{"rendered":"<p>T\u00e1mogat\u00e1s \u00f6sszege: 29.640.000,- Ft Projekt szakmai vezet\u0151je: Dr. M\u00e1tis G\u00e1bor Megval\u00f3s\u00edt\u00e1s id\u0151szaka: 2020. december 01. \u2013 2023. november 30. &nbsp; Projekt tartalma: Az antibiotikumok a haszon\u00e1llat-gy\u00f3gy\u00e1szatban rutinszer\u0171en alkalmazott gy\u00f3gyszerek a bakteri\u00e1lis megbeteged\u00e9sek \u2013 \u00edgy az em\u00e9szt\u0151szervi fert\u0151z\u00e9sek \u2013 kezel\u00e9s\u00e9re. A hagyom\u00e1nyos antibiotikumok t\u00falzott m\u00e9rt\u00e9kben t\u00f6rt\u00e9n\u0151 alkalmaz\u00e1sa azonban bakteri\u00e1lis rezisztencia kialakul\u00e1s\u00e1hoz \u00e9s terjed\u00e9s\u00e9hez vezethet, mely a<\/p>\n","protected":false},"author":4688,"featured_media":0,"parent":86876,"menu_order":0,"comment_status":"open","ping_status":"open","template":"","meta":{"_acf_changed":false,"footnotes":""},"categories":[],"tags":[],"class_list":["post-86917","page","type-page","status-publish","hentry"],"acf":[],"_links":{"self":[{"href":"https:\/\/univet.hu\/hu\/wp-json\/wp\/v2\/pages\/86917","targetHints":{"allow":["GET"]}}],"collection":[{"href":"https:\/\/univet.hu\/hu\/wp-json\/wp\/v2\/pages"}],"about":[{"href":"https:\/\/univet.hu\/hu\/wp-json\/wp\/v2\/types\/page"}],"author":[{"embeddable":true,"href":"https:\/\/univet.hu\/hu\/wp-json\/wp\/v2\/users\/4688"}],"replies":[{"embeddable":true,"href":"https:\/\/univet.hu\/hu\/wp-json\/wp\/v2\/comments?post=86917"}],"version-history":[{"count":0,"href":"https:\/\/univet.hu\/hu\/wp-json\/wp\/v2\/pages\/86917\/revisions"}],"up":[{"embeddable":true,"href":"https:\/\/univet.hu\/hu\/wp-json\/wp\/v2\/pages\/86876"}],"wp:attachment":[{"href":"https:\/\/univet.hu\/hu\/wp-json\/wp\/v2\/media?parent=86917"}],"wp:term":[{"taxonomy":"category","embeddable":true,"href":"https:\/\/univet.hu\/hu\/wp-json\/wp\/v2\/categories?post=86917"},{"taxonomy":"post_tag","embeddable":true,"href":"https:\/\/univet.hu\/hu\/wp-json\/wp\/v2\/tags?post=86917"}],"curies":[{"name":"wp","href":"https:\/\/api.w.org\/{rel}","templated":true}]}}