{"id":86958,"date":"2023-06-14T14:43:38","date_gmt":"2023-06-14T12:43:38","guid":{"rendered":"https:\/\/univet.hu\/hu\/egyetem\/palyazati-projektek\/horizon\/wasteless\/"},"modified":"2023-11-02T12:14:19","modified_gmt":"2023-11-02T11:14:19","slug":"wasteless","status":"publish","type":"page","link":"https:\/\/univet.hu\/hu\/egyetem\/palyazati-projektek\/horizon\/wasteless\/","title":{"rendered":"WASTELESS"},"content":{"rendered":"<p>&nbsp;<\/p> <p><strong>Projekt c\u00edme<\/strong>: Waste Quantification Solutions to Limit Environmental Stress (WASTELESS)<\/p> <p><strong>Projekt azonos\u00edt\u00f3sz\u00e1ma: <\/strong>101084222<\/p> <p><strong>P\u00e1ly\u00e1zati felh\u00edv\u00e1s k\u00f3dja: <\/strong>HORIZON-CL6-2022-FARM2FORK-01-08<img loading=\"lazy\" decoding=\"async\" class=\"wp-image-86960 alignright\" src=\"https:\/\/univet.hu\/wp-content\/uploads\/2023\/06\/wasteless.png\" alt=\"\" width=\"256\" height=\"232\" \/><\/p> <p><strong>Konzorcium tagjai:<\/strong><\/p> <ol> <li><strong>\u00c1llatorvostudom\u00e1nyi Egyetem<\/strong>, Magyarorsz\u00e1g<\/li> <li>Konzorciumvezet\u0151: Universidade De Tras-Os-Montes E Alto Douro (UTAD), Portug\u00e1lia<\/li> <li>Aitown S.R.L. (AITOWN), Olaszorsz\u00e1g<\/li> <li>Asociacion Para La Investigacion Desarrollo E Innovacion Del Sector Agroalimentario &#8211; Aidisa (CTIC CITA), Spanyolorsz\u00e1g<\/li> <li>European Food Information Ressource Aisbl (EUROFIR), Belgium<\/li> <li>Fazla Gida Anonim Sirketi (FAZLA GIDA), T\u00f6r\u00f6korsz\u00e1g<\/li> <li>Hacettepe Universitesi (HACETTEPE), T\u00f6r\u00f6korsz\u00e1g<\/li> <li>Institut Jozef Stefan (JSI), Szlov\u00e1kia<\/li> <li>Iseki-Food \u2013 Europaische Gesellschaft Fur Die Integration Der Ebensmittelwissinschaft Und -Technolgie In Die Lebensmittelversorgungskette (IFA), Ausztria<\/li> <li>Istituto Superior De Agronomia (ISA), Portug\u00e1lia<\/li> <li>Spread European Safety And Sustainability Geie (SPES GEIE), Olaszorsz\u00e1g<\/li> <li>Syddansk Universitet (SDU), D\u00e1nia\/<\/li> <li>Tartu Bt Park Ou (TARTU BT PARK), \u00c9sztorsz\u00e1g<\/li> <li>Turisztikai \u00c9s Vend\u00e9gl\u00e1t\u00f3 Munkaad\u00f3k Orsz\u00e1gos Sz\u00f6vets\u00e9ge (VIMOSZ), Magyarorsz\u00e1g<\/li> <li>Union Europeenne Du Commerce De La Pomme De Terre (EUROPATAT), Belgium<\/li> <li>Wiise Srl (WIISE), Olaszorsz\u00e1g\/ Italy<\/li> <\/ol> <p><strong>\u00a0<\/strong><\/p> <p><strong>Projekt teljes k\u00f6lts\u00e9gvet\u00e9se<\/strong>: 5 458 232,50 \u20ac<\/p> <p><strong>\u00c1llatorvostudom\u00e1nyi Egyetem \u00e1ltal elnyert t\u00e1mogat\u00e1si \u00f6sszeg: <\/strong>118 000 \u20ac<\/p> <p><strong>T\u00e1mogat\u00e1si intenzit\u00e1s: <\/strong>100%<\/p> <p><strong>Megval\u00f3s\u00edt\u00e1s id\u0151szaka: <\/strong><\/p> <ol start=\"2023\"> <li>janu\u00e1r 1. \u2013 2025. december 31. (36 h\u00f3nap)<\/li> <\/ol> <p>&nbsp;<\/p> <p><strong>Projekt honlap: <\/strong><a href=\"https:\/\/wastelesseu.com\/\">https:\/\/wastelesseu.com\/<\/a><\/p> <p><strong>Linkedin oldal:<\/strong> <a href=\"https:\/\/www.linkedin.com\/company\/wasteless-project\/\">https:\/\/www.linkedin.com\/company\/wasteless-project\/<\/a><\/p> <p><strong>Twitter oldal<\/strong>: <a href=\"https:\/\/twitter.com\/Wasteless_EU\">https:\/\/twitter.com\/Wasteless_EU<\/a><\/p> <p><strong>Cordis adatlap : <\/strong><a href=\"https:\/\/cordis.europa.eu\/project\/id\/101084222\">https:\/\/cordis.europa.eu\/project\/id\/101084222<\/a><\/p> <p>&nbsp;<\/p> <p><strong>Projekt tartalma:<\/strong><\/p> <p>A WASTELESS projekt c\u00e9lja innovat\u00edv, kutat\u00e1son alapul\u00f3 h\u00e1ztart\u00e1si \u00e9lelmiszerhullad\u00e9k m\u00e9r\u00e9si m\u00f3dszerek fejleszt\u00e9se \u00e9s tesztel\u00e9se, valamint a piaci bevezet\u00e9s lehet\u0151s\u00e9geinek felt\u00e1r\u00e1sa. A projekt t\u00e1mogatja az Eur\u00f3pai Uni\u00f3 \u00e9lelmiszerhullad\u00e9k m\u00e9r\u00e9si m\u00f3dszerekre vonatkoz\u00f3 harmoniz\u00e1ci\u00f3s t\u00f6rekv\u00e9seit: m\u00f3dszertani keretet fejleszt, meg\u00e1llap\u00edtja a tesztel\u00e9si tev\u00e9kenys\u00e9gre vonatkoz\u00f3 szabv\u00e1nyokat, \u00e9rt\u00e9keli a m\u00e1s forr\u00e1sokb\u00f3l nyert adatok min\u0151s\u00e9g\u00e9t \u00e9s integr\u00e1lhat\u00f3s\u00e1g\u00e1t, valamint fenntarthat\u00f3 szakpolitik\u00e1kat \u00e9s \u00fczleti strat\u00e9gi\u00e1kat javasol. Az eredm\u00e9nyeket az \u00e9lelmiszerhullad\u00e9k m\u00e9r\u00e9s\u00e9t \u00e9s mennyis\u00e9g\u00e9nek cs\u00f6kkent\u00e9s\u00e9t t\u00e1mogat\u00f3 eszk\u00f6zt\u00e1r kidolgoz\u00e1s\u00e1hoz fogja felhaszn\u00e1lni a projekt.<\/p> <p>&nbsp;<\/p> <p><a href=\"https:\/\/univet.hu\/en\/egyetem\/palyazati-projektek\/horizon\/wasteless\/projektek-42-x-29-7cm-42-x-29-7cm-worksheet-2\/\" rel=\"attachment wp-att-96471\"><img loading=\"lazy\" decoding=\"async\" class=\"size-large wp-image-96471 aligncenter\" src=\"https:\/\/univet.hu\/wp-content\/uploads\/2023\/11\/PROJEKTEK-42-\u00d7-29.7cm-42-\u00d7-29.7cm-Worksheet-2-679x960.jpg\" alt=\"\" width=\"640\" height=\"905\" srcset=\"https:\/\/univet.hu\/wp-content\/uploads\/2023\/11\/PROJEKTEK-42-\u00d7-29.7cm-42-\u00d7-29.7cm-Worksheet-2-679x960.jpg 679w, https:\/\/univet.hu\/wp-content\/uploads\/2023\/11\/PROJEKTEK-42-\u00d7-29.7cm-42-\u00d7-29.7cm-Worksheet-2-226x320.jpg 226w, https:\/\/univet.hu\/wp-content\/uploads\/2023\/11\/PROJEKTEK-42-\u00d7-29.7cm-42-\u00d7-29.7cm-Worksheet-2-768x1086.jpg 768w, https:\/\/univet.hu\/wp-content\/uploads\/2023\/11\/PROJEKTEK-42-\u00d7-29.7cm-42-\u00d7-29.7cm-Worksheet-2.jpg 1414w\" sizes=\"auto, (max-width: 640px) 100vw, 640px\" \/><\/a><\/p> <p><img loading=\"lazy\" decoding=\"async\" class=\"size-medium wp-image-87834 alignright\" src=\"https:\/\/univet.hu\/wp-content\/uploads\/2023\/06\/HU-Az-Eur\u00f3pai-Uni\u00f3-t\u00e1mogat\u00e1s\u00e1val_POS-320x67.jpg\" alt=\"\" width=\"320\" height=\"67\" srcset=\"https:\/\/univet.hu\/wp-content\/uploads\/2023\/06\/HU-Az-Eur\u00f3pai-Uni\u00f3-t\u00e1mogat\u00e1s\u00e1val_POS-320x67.jpg 320w, https:\/\/univet.hu\/wp-content\/uploads\/2023\/06\/HU-Az-Eur\u00f3pai-Uni\u00f3-t\u00e1mogat\u00e1s\u00e1val_POS-768x161.jpg 768w, https:\/\/univet.hu\/wp-content\/uploads\/2023\/06\/HU-Az-Eur\u00f3pai-Uni\u00f3-t\u00e1mogat\u00e1s\u00e1val_POS-960x201.jpg 960w\" sizes=\"auto, (max-width: 320px) 100vw, 320px\" \/><\/p>","protected":false},"excerpt":{"rendered":"<p>&nbsp; Projekt c\u00edme: Waste Quantification Solutions to Limit Environmental Stress (WASTELESS) Projekt azonos\u00edt\u00f3sz\u00e1ma: 101084222 P\u00e1ly\u00e1zati felh\u00edv\u00e1s k\u00f3dja: HORIZON-CL6-2022-FARM2FORK-01-08 Konzorcium tagjai: \u00c1llatorvostudom\u00e1nyi Egyetem, Magyarorsz\u00e1g Konzorciumvezet\u0151: Universidade De Tras-Os-Montes E Alto Douro (UTAD), Portug\u00e1lia Aitown S.R.L. (AITOWN), Olaszorsz\u00e1g Asociacion Para La Investigacion Desarrollo E Innovacion Del Sector Agroalimentario &#8211; Aidisa (CTIC CITA), Spanyolorsz\u00e1g European Food Information Ressource<\/p>\n","protected":false},"author":4688,"featured_media":0,"parent":86945,"menu_order":0,"comment_status":"open","ping_status":"open","template":"","meta":{"_acf_changed":false,"footnotes":""},"categories":[],"tags":[],"class_list":["post-86958","page","type-page","status-publish","hentry"],"acf":[],"_links":{"self":[{"href":"https:\/\/univet.hu\/hu\/wp-json\/wp\/v2\/pages\/86958","targetHints":{"allow":["GET"]}}],"collection":[{"href":"https:\/\/univet.hu\/hu\/wp-json\/wp\/v2\/pages"}],"about":[{"href":"https:\/\/univet.hu\/hu\/wp-json\/wp\/v2\/types\/page"}],"author":[{"embeddable":true,"href":"https:\/\/univet.hu\/hu\/wp-json\/wp\/v2\/users\/4688"}],"replies":[{"embeddable":true,"href":"https:\/\/univet.hu\/hu\/wp-json\/wp\/v2\/comments?post=86958"}],"version-history":[{"count":0,"href":"https:\/\/univet.hu\/hu\/wp-json\/wp\/v2\/pages\/86958\/revisions"}],"up":[{"embeddable":true,"href":"https:\/\/univet.hu\/hu\/wp-json\/wp\/v2\/pages\/86945"}],"wp:attachment":[{"href":"https:\/\/univet.hu\/hu\/wp-json\/wp\/v2\/media?parent=86958"}],"wp:term":[{"taxonomy":"category","embeddable":true,"href":"https:\/\/univet.hu\/hu\/wp-json\/wp\/v2\/categories?post=86958"},{"taxonomy":"post_tag","embeddable":true,"href":"https:\/\/univet.hu\/hu\/wp-json\/wp\/v2\/tags?post=86958"}],"curies":[{"name":"wp","href":"https:\/\/api.w.org\/{rel}","templated":true}]}}