{"id":86964,"date":"2023-06-14T14:47:40","date_gmt":"2023-06-14T12:47:40","guid":{"rendered":"https:\/\/univet.hu\/hu\/egyetem\/palyazati-projektek\/horizon\/watson\/"},"modified":"2023-11-02T09:55:34","modified_gmt":"2023-11-02T08:55:34","slug":"watson","status":"publish","type":"page","link":"https:\/\/univet.hu\/hu\/egyetem\/palyazati-projektek\/horizon\/watson\/","title":{"rendered":"WATSON"},"content":{"rendered":"<p>&nbsp;<\/p> <p><strong>Projekt c\u00edme<\/strong>: A holistic frameWork with Anticounterfeit and inTelligence-based technologieS that will assist food chain stakehOlders in rapidly identifying and preveNting the spread of fraudulent practices (WATSON)<\/p> <p><strong>Projekt azonos\u00edt\u00f3sz\u00e1ma: <\/strong>101084265<\/p> <p><strong>P\u00e1ly\u00e1zati felh\u00edv\u00e1s k\u00f3dja<\/strong>: HORIZON-CL6-2022-FARM2FORK-01-11<\/p> <p><strong>Konzorcium tagjai:<\/strong><strong><img loading=\"lazy\" decoding=\"async\" class=\"wp-image-86966 alignright\" src=\"https:\/\/univet.hu\/wp-content\/uploads\/2023\/06\/watson.png\" alt=\"\" width=\"353\" height=\"251\" \/><\/strong><\/p> <ol> <li><strong>\u00c1llatorvostudom\u00e1nyi Egyetem<\/strong>, Magyarorsz\u00e1g<\/li> <li>Konzorciumvezet\u0151: University College Dublin (UCD) \u00cdrorsz\u00e1g<\/li> <li>D.V.I.D. Associacao Para O Desenvolvimento Da Viticultura Duriense, Portug\u00e1lia<\/li> <li>Asociacion De Investigacion De Industrias Carnicas Del Principado De Asturias, Spanyolorsz\u00e1g<\/li> <li>Asociacion Para La Promocion Ygestion Igp Miel De Asturias, Spanyolorsz\u00e1g<\/li> <li>Bayerisches Landesamt Fur Gesundheit Und Lebensmittelsicherheit, N\u00e9metorsz\u00e1g<\/li> <li>Biocos Ike, G\u00f6r\u00f6gorsz\u00e1g<\/li> <li>Bulgarian Wine Export Association, Bulg\u00e1ria<\/li> <li>Consejeria De Medio Rural Y Cohesion Territorial Del Principado De Asturias, Spanyolorsz\u00e1g<\/li> <li>Consiglio Nazionale Delle Ricerche, Olaszorsz\u00e1g<\/li> <li>DBC Europe, Belgium<\/li> <li>Deco -Associacao Portuguesa Para Adefesa Do Consumidor, Portug\u00e1lia<\/li> <li>Espersen AS, D\u00e1nia<\/li> <li>Ethnicon Metsovion Polytechnion, G\u00f6r\u00f6gorsz\u00e1g<\/li> <li>Ethniko Kentro Erevnas Kai Technologikis Anaptyxis, G\u00f6r\u00f6gorsz\u00e1g<\/li> <li>Euronews, Franciaorsz\u00e1g<\/li> <li>European Food Information Ressource Aisbl, Belgium<\/li> <li>Fiskeridirektoratet, Norv\u00e9gia<\/li> <li>Foodscale Hub Greece Association For Entrepreunership And Innovation Astiki Mi Kerdoskopiki Etaireia, G\u00f6r\u00f6gorsz\u00e1g<\/li> <li>Hameen Ammatti-Instituutti Oy, Finnorsz\u00e1g<\/li> <li>Hermes AS, Norv\u00e9gia<\/li> <li>Humboldt-Universitaet Zu Berlin, N\u00e9metorsz\u00e1g<\/li> <li>Inesc Tec \u2013 Instituto De Engenhariade Sistemas E Computadores, Tecnologia E Ciencia, Portug\u00e1lia<\/li> <li>Institut National De Recherche Pour L&#8217;agriculture, L&#8217;alimentation Et L&#8217;environnement, Franciaorsz\u00e1g<\/li> <li>Iseki-Food &#8211; Europaische Gesellschaft Fur Die Integration Der Lebensmittelwissinschaft Und -Technolgie In Die Lebensmittelversorgungskette, Ausztria<\/li> <li>Max Rubner Institut Bundesforschungsinstitut Fur Ernaehrung Und Lebensmittel, N\u00e9metorsz\u00e1g<\/li> <li>Metro Anonymi Emporiki Kai Viomichaniki Etaireia Eidon Diatrofis Kai Oikiakis Chriseos, G\u00f6r\u00f6gorsz\u00e1g<\/li> <li>Migros Ticaret Anonim Sirketi, T\u00f6r\u00f6korsz\u00e1g<\/li> <li>Netcompany-Intrasoft Sa, Luxembourg<\/li> <li>Sintef Nord As, Norv\u00e9gia<\/li> <li>Smart Agro Hub Anonymi Etairia, G\u00f6r\u00f6gorsz\u00e1g<\/li> <li>Societa Agricola Organizzazione Di Produttori Aprol Umbria Soc Cooperativa, Olaszorsz\u00e1g<\/li> <li>Synelixis Lyseis Pliroforikis Automatismou &amp; Tilepikoinonion Anonimi Etairia, G\u00f6r\u00f6gorsz\u00e1g<\/li> <li>Teknologian Tutkimuskeskus Vtt Oy, Finnorsz\u00e1g<\/li> <li>The Lisbon Council For Economic Competitiveness Asbl, Belgium<\/li> <li>Ubitech Limited, Ciprus<\/li> <li>Unione Nazionale Consumatori, Olaszorsz\u00e1g<\/li> <li>Universitat Bayreuth, N\u00e9metorsz\u00e1g<\/li> <li>UPC Konsultointi Oy, Finnorsz\u00e1g<\/li> <li>Zveza Potrosnikov Slovenije Drustvo, Szlov\u00e9nia<\/li> <\/ol> <p><strong>\u00a0<\/strong><\/p> <p><strong>Projekt teljes k\u00f6lts\u00e9gvet\u00e9se<\/strong>: 9 744 008,25 \u20ac<\/p> <p><strong>\u00c1llatorvostudom\u00e1nyi Egyetem \u00e1ltal elnyert t\u00e1mogat\u00e1si \u00f6sszeg: <\/strong>91 250 \u20ac<\/p> <p><strong>T\u00e1mogat\u00e1si intenzit\u00e1s<\/strong>: 100%<\/p> <p><strong>Megval\u00f3s\u00edt\u00e1s id\u0151szaka: <\/strong><\/p> <ol start=\"2023\"> <li>m\u00e1rcius 1. \u2013 2026. febru\u00e1r 28. (36 h\u00f3nap)<\/li> <\/ol> <p>&nbsp;<\/p> <p><strong>Linkedin oldal:<\/strong> <a href=\"https:\/\/www.linkedin.com\/company\/watsonhorizon\/\">https:\/\/www.linkedin.com\/company\/watsonhorizon\/<\/a><\/p> <p><strong>Facebook oldal<\/strong>: <a href=\"https:\/\/www.facebook.com\/profile.php?id=100087283728636\">https:\/\/www.facebook.com\/profile.php?id=100087283728636<\/a><\/p> <p><strong>Instagram oldal<\/strong>: <a href=\"https:\/\/www.instagram.com\/watson_horizon\/\">https:\/\/www.instagram.com\/watson_horizon\/<\/a><\/p> <p><strong>Cordis adatlap:<\/strong> <a href=\"https:\/\/cordis.europa.eu\/project\/id\/101084265\">https:\/\/cordis.europa.eu\/project\/id\/101084265<\/a><\/p> <p>&nbsp;<\/p> <p><strong>Projekt tartalma: <\/strong><\/p> <p>A WATSON projekt olyan eszk\u00f6z\u00f6ket \u00e9s rendszereket fejleszt, amelyek k\u00e9pesek felder\u00edteni \u00e9s megel\u0151zni az \u00e9lelmiszer hamis\u00edt\u00e1st, lefedve a teljes \u00e9lelmiszer-ell\u00e1t\u00e1si l\u00e1ncot. \u00a0A kifejlesztett eszk\u00f6z\u00f6k n\u00f6velik a folyamatok \u00e1tl\u00e1that\u00f3s\u00e1g\u00e1t \u00e9s az \u00e9lelmiszerek nyomon k\u00f6vethet\u0151s\u00e9g\u00e9t a pontos, azonnal el\u00e9rhet\u0151 \u00e9s megb\u00edzhat\u00f3 inform\u00e1ci\u00f3k hozz\u00e1f\u00e9rhet\u0151v\u00e9 t\u00e9tel\u00e9vel. A projekt keret\u00e9ben tud\u00e1sb\u00e1zis ker\u00fcl kialak\u00edt\u00e1sra az \u00e9lelmiszer-biztons\u00e1gi hat\u00f3s\u00e1gok r\u00e9sz\u00e9re, emellett a projekt a fogyaszt\u00f3k \u00e9lelmiszer-biztons\u00e1ggal \u00e9s -min\u0151s\u00e9ggel kapcsolatos tudatoss\u00e1g\u00e1nak n\u00f6vel\u00e9s\u00e9t is c\u00e9lj\u00e1ul t\u0171zte ki. A WATSON f\u00f3kusz\u00e1ban az alkoholos italok, a m\u00e9z, az ol\u00edva olaj, a h\u00fasok, a magas feldolgozotts\u00e1gi-szint\u0171 gabona- \u00e9s tej-alap\u00fa \u00e9lelmiszerek \u00e9s a lazac \u00e1llnak.<\/p> <p><img loading=\"lazy\" decoding=\"async\" class=\"size-large wp-image-96432 aligncenter\" src=\"https:\/\/univet.hu\/wp-content\/uploads\/2023\/11\/PROJEKTEK-42-\u00d7-29.7cm-42-\u00d7-29.7cm-Worksheet-679x960.jpg\" alt=\"\" width=\"640\" height=\"905\" srcset=\"https:\/\/univet.hu\/wp-content\/uploads\/2023\/11\/PROJEKTEK-42-\u00d7-29.7cm-42-\u00d7-29.7cm-Worksheet-679x960.jpg 679w, https:\/\/univet.hu\/wp-content\/uploads\/2023\/11\/PROJEKTEK-42-\u00d7-29.7cm-42-\u00d7-29.7cm-Worksheet-226x320.jpg 226w, https:\/\/univet.hu\/wp-content\/uploads\/2023\/11\/PROJEKTEK-42-\u00d7-29.7cm-42-\u00d7-29.7cm-Worksheet-768x1086.jpg 768w\" sizes=\"auto, (max-width: 640px) 100vw, 640px\" \/><\/p> <p><img loading=\"lazy\" decoding=\"async\" class=\"size-medium wp-image-87834 alignright\" src=\"https:\/\/univet.hu\/wp-content\/uploads\/2023\/06\/HU-Az-Eur\u00f3pai-Uni\u00f3-t\u00e1mogat\u00e1s\u00e1val_POS-320x67.jpg\" alt=\"\" width=\"320\" height=\"67\" srcset=\"https:\/\/univet.hu\/wp-content\/uploads\/2023\/06\/HU-Az-Eur\u00f3pai-Uni\u00f3-t\u00e1mogat\u00e1s\u00e1val_POS-320x67.jpg 320w, https:\/\/univet.hu\/wp-content\/uploads\/2023\/06\/HU-Az-Eur\u00f3pai-Uni\u00f3-t\u00e1mogat\u00e1s\u00e1val_POS-768x161.jpg 768w, https:\/\/univet.hu\/wp-content\/uploads\/2023\/06\/HU-Az-Eur\u00f3pai-Uni\u00f3-t\u00e1mogat\u00e1s\u00e1val_POS-960x201.jpg 960w\" sizes=\"auto, (max-width: 320px) 100vw, 320px\" \/><\/p>","protected":false},"excerpt":{"rendered":"<p>&nbsp; Projekt c\u00edme: A holistic frameWork with Anticounterfeit and inTelligence-based technologieS that will assist food chain stakehOlders in rapidly identifying and preveNting the spread of fraudulent practices (WATSON) Projekt azonos\u00edt\u00f3sz\u00e1ma: 101084265 P\u00e1ly\u00e1zati felh\u00edv\u00e1s k\u00f3dja: HORIZON-CL6-2022-FARM2FORK-01-11 Konzorcium tagjai: \u00c1llatorvostudom\u00e1nyi Egyetem, Magyarorsz\u00e1g Konzorciumvezet\u0151: University College Dublin (UCD) \u00cdrorsz\u00e1g D.V.I.D. Associacao Para O Desenvolvimento Da Viticultura Duriense, Portug\u00e1lia<\/p>\n","protected":false},"author":4688,"featured_media":0,"parent":86945,"menu_order":0,"comment_status":"open","ping_status":"open","template":"","meta":{"_acf_changed":false,"footnotes":""},"categories":[],"tags":[],"class_list":["post-86964","page","type-page","status-publish","hentry"],"acf":[],"_links":{"self":[{"href":"https:\/\/univet.hu\/hu\/wp-json\/wp\/v2\/pages\/86964","targetHints":{"allow":["GET"]}}],"collection":[{"href":"https:\/\/univet.hu\/hu\/wp-json\/wp\/v2\/pages"}],"about":[{"href":"https:\/\/univet.hu\/hu\/wp-json\/wp\/v2\/types\/page"}],"author":[{"embeddable":true,"href":"https:\/\/univet.hu\/hu\/wp-json\/wp\/v2\/users\/4688"}],"replies":[{"embeddable":true,"href":"https:\/\/univet.hu\/hu\/wp-json\/wp\/v2\/comments?post=86964"}],"version-history":[{"count":0,"href":"https:\/\/univet.hu\/hu\/wp-json\/wp\/v2\/pages\/86964\/revisions"}],"up":[{"embeddable":true,"href":"https:\/\/univet.hu\/hu\/wp-json\/wp\/v2\/pages\/86945"}],"wp:attachment":[{"href":"https:\/\/univet.hu\/hu\/wp-json\/wp\/v2\/media?parent=86964"}],"wp:term":[{"taxonomy":"category","embeddable":true,"href":"https:\/\/univet.hu\/hu\/wp-json\/wp\/v2\/categories?post=86964"},{"taxonomy":"post_tag","embeddable":true,"href":"https:\/\/univet.hu\/hu\/wp-json\/wp\/v2\/tags?post=86964"}],"curies":[{"name":"wp","href":"https:\/\/api.w.org\/{rel}","templated":true}]}}